{"id":568,"date":"2018-11-12T10:23:52","date_gmt":"2018-11-12T09:23:52","guid":{"rendered":"http:\/\/fonderie-mathieu.com\/?page_id=568"},"modified":"2018-11-12T10:46:35","modified_gmt":"2018-11-12T09:46:35","slug":"produktionsanlagen","status":"publish","type":"page","link":"https:\/\/fonderie-mathieu.com\/de\/produktionsanlagen\/","title":{"rendered":"Produktionsanlagen"},"content":{"rendered":"<p>[et_pb_section bb_built=&#8221;1&#8243; admin_label=&#8221;section&#8221;][et_pb_row admin_label=&#8221;row&#8221; background_position=&#8221;top_left&#8221; background_repeat=&#8221;repeat&#8221; background_size=&#8221;initial&#8221;][et_pb_column type=&#8221;4_4&#8243;][et_pb_text use_border_color=&#8221;off&#8221; background_position=&#8221;top_left&#8221; background_repeat=&#8221;repeat&#8221; background_size=&#8221;initial&#8221; _builder_version=&#8221;3.17.6&#8243;]<\/p>\n<h1>Produktionsanlagen<\/h1>\n<p>[\/et_pb_text][\/et_pb_column][\/et_pb_row][et_pb_row background_position=&#8221;top_left&#8221; background_repeat=&#8221;repeat&#8221; background_size=&#8221;initial&#8221;][et_pb_column type=&#8221;3_4&#8243;][et_pb_text use_border_color=&#8221;off&#8221; background_position=&#8221;top_left&#8221; background_repeat=&#8221;repeat&#8221; background_size=&#8221;initial&#8221; _builder_version=&#8221;3.17.6&#8243;]<\/p>\n<h3>Die wichtigsten Produktionsverfahren:<\/h3>\n<h3><img loading=\"lazy\" decoding=\"async\" class=\"size-medium wp-image-236 alignright\" src=\"https:\/\/fonderie-mathieu.com\/wp-content\/uploads\/2016\/06\/Photo-N\u00b09-228x300.jpg\" alt=\"Noyauteuse, fonderie\" width=\"228\" height=\"300\" srcset=\"https:\/\/fonderie-mathieu.com\/wp-content\/uploads\/2016\/06\/Photo-N\u00b09-228x300.jpg 228w, https:\/\/fonderie-mathieu.com\/wp-content\/uploads\/2016\/06\/Photo-N\u00b09-768x1011.jpg 768w, https:\/\/fonderie-mathieu.com\/wp-content\/uploads\/2016\/06\/Photo-N\u00b09-778x1024.jpg 778w, https:\/\/fonderie-mathieu.com\/wp-content\/uploads\/2016\/06\/Photo-N\u00b09-1080x1421.jpg 1080w, https:\/\/fonderie-mathieu.com\/wp-content\/uploads\/2016\/06\/Photo-N\u00b09.jpg 608w\" sizes=\"(max-width: 228px) 100vw, 228px\" \/><\/h3>\n<p><strong>1. <\/strong><strong>Modelle f\u00fcr gefertigten Stahlguss<\/strong><\/p>\n<ul>\n<li>Kapazit\u00e4ten f\u00fcr 120 t\/Monat<\/li>\n<li>F\u00fcr einzelne Formteile, kleine oder mittelgro\u00dfe Serien<\/li>\n<li>Gusserzeugnisse von 0,100 bis 2.000\u00a0kg<\/li>\n<\/ul>\n<p><strong>2. Schmelzeinrichtungen<br \/><\/strong><\/p>\n<ul>\n<li>1 elektrischer Induktionsofen (mittlere Frequenz) mit einer Kapazit\u00e4t von 1.600\u00a0kg<\/li>\n<li>2 elektrische Induktions\u00f6fen (mittlere Frequenz) mit einer Kapazit\u00e4tvon 750\u00a0kg<\/li>\n<\/ul>\n<p><strong>3. Mechanisches Aush\u00f6hlen von K\u00fchlboxen<br \/><\/strong><\/p>\n<ul>\n<li>LL20 (20 Liter)<\/li>\n<li>H80 (80 Liter)<\/li>\n<\/ul>\n<p><strong>4. Manuelles Aush\u00f6hlen<br \/><\/strong><\/p>\n<p><strong>5. Gie\u00dferei, Konzeption und Herstellung von Werkzeugen<br \/><\/strong><\/p>\n<p>Modelle aus Holz, Harz oder Polystyrol<\/p>\n<p><strong>6. Maschinelle Bearbeitung, thermische Behandlung, Lackier- und Endbearbeitung<br \/><\/strong><\/p>\n<p><strong>7. Drei Gie\u00dfeinheiten:<br \/><\/strong><\/p>\n<ul>\n<li>1 Gie\u00dfeinheit mit zwei Posten f\u00fcr kleine und mittelgro\u00dfe Serien, Chassis: 400 x 300, 650 x 620 und 850 x 850<\/li>\n<li>1 Gie\u00dfeinheit f\u00fcr kleine und mittelgro\u00dfe Serien, Chassis: 900 x 900, 1.000 x 1.000 und 1.200 x 1.200<\/li>\n<li>1 Handgie\u00dfeinheit f\u00fcr Einzelteile und gro\u00dfe Teile (maximale Chassis-Dimensionen: 4.500 x 1.000 und 2.400 x 2.400)<\/li>\n<li>Gie\u00dfverfahren: Sand selbsth\u00e4rtend<\/li>\n<\/ul>\n<p>[\/et_pb_text][\/et_pb_column][et_pb_column type=&#8221;1_4&#8243;][et_pb_login title=&#8221;Einloggen&#8221; use_border_color=&#8221;off&#8221; button_text_size__hover_enabled=&#8221;off&#8221; button_text_size__hover=&#8221;null&#8221; button_one_text_size__hover_enabled=&#8221;off&#8221; button_one_text_size__hover=&#8221;null&#8221; button_two_text_size__hover_enabled=&#8221;off&#8221; button_two_text_size__hover=&#8221;null&#8221; button_text_color__hover_enabled=&#8221;off&#8221; button_text_color__hover=&#8221;null&#8221; button_one_text_color__hover_enabled=&#8221;off&#8221; button_one_text_color__hover=&#8221;null&#8221; button_two_text_color__hover_enabled=&#8221;off&#8221; button_two_text_color__hover=&#8221;null&#8221; button_border_width__hover_enabled=&#8221;off&#8221; button_border_width__hover=&#8221;null&#8221; button_one_border_width__hover_enabled=&#8221;off&#8221; button_one_border_width__hover=&#8221;null&#8221; button_two_border_width__hover_enabled=&#8221;off&#8221; button_two_border_width__hover=&#8221;null&#8221; button_border_color__hover_enabled=&#8221;off&#8221; button_border_color__hover=&#8221;null&#8221; button_one_border_color__hover_enabled=&#8221;off&#8221; button_one_border_color__hover=&#8221;null&#8221; button_two_border_color__hover_enabled=&#8221;off&#8221; button_two_border_color__hover=&#8221;null&#8221; button_border_radius__hover_enabled=&#8221;on&#8221; button_border_radius__hover=&#8221;0&#8243; button_one_border_radius__hover_enabled=&#8221;off&#8221; button_one_border_radius__hover=&#8221;null&#8221; button_two_border_radius__hover_enabled=&#8221;off&#8221; button_two_border_radius__hover=&#8221;null&#8221; button_letter_spacing__hover_enabled=&#8221;on&#8221; button_letter_spacing__hover=&#8221;0&#8243; button_one_letter_spacing__hover_enabled=&#8221;off&#8221; button_one_letter_spacing__hover=&#8221;null&#8221; button_two_letter_spacing__hover_enabled=&#8221;off&#8221; button_two_letter_spacing__hover=&#8221;null&#8221; button_bg_color__hover_enabled=&#8221;off&#8221; button_bg_color__hover=&#8221;null&#8221; button_one_bg_color__hover_enabled=&#8221;off&#8221; button_one_bg_color__hover=&#8221;null&#8221; button_two_bg_color__hover_enabled=&#8221;off&#8221; button_two_bg_color__hover=&#8221;null&#8221; _builder_version=&#8221;3.17.6&#8243; \/][et_pb_text use_border_color=&#8221;off&#8221; module_class=&#8221;bloc-contact&#8221; background_position=&#8221;top_left&#8221; background_repeat=&#8221;repeat&#8221; background_size=&#8221;initial&#8221; _builder_version=&#8221;3.17.6&#8243;]<\/p>\n<h4>Kontakt<\/h4>\n<ul>\n<li class=\"home\"><img loading=\"lazy\" decoding=\"async\" class=\"alignleft size-full wp-image-89\" src=\"https:\/\/fonderie-mathieu.com\/wp-content\/uploads\/2016\/05\/Adresse.png\" alt=\"Adresse\" width=\"22\" height=\"21\" \/>Fonderie Mathieu<br \/>24 route Demigny<br \/>71530 Champforgeuil<\/li>\n<li><img loading=\"lazy\" decoding=\"async\" class=\"alignleft size-full wp-image-105\" src=\"https:\/\/fonderie-mathieu.com\/wp-content\/uploads\/2016\/05\/Phone.png\" alt=\"Phone\" width=\"22\" height=\"21\" \/>+33 (0) 3 85 43 43 78<\/li>\n<li><img loading=\"lazy\" decoding=\"async\" class=\"alignleft size-full wp-image-96\" src=\"https:\/\/fonderie-mathieu.com\/wp-content\/uploads\/2016\/05\/FAX.png\" alt=\"FAX\" width=\"26\" height=\"21\" \/>+33 (0) 3 85 43 50 07<\/li>\n<li><img loading=\"lazy\" decoding=\"async\" class=\"alignleft size-full wp-image-91\" src=\"https:\/\/fonderie-mathieu.com\/wp-content\/uploads\/2016\/05\/email.png\" alt=\"email\" width=\"22\" height=\"21\" \/><a href=\"mailto:dhenrot@fonderie-mathieu.com\">dhenrot@fonderie-mathieu.com<\/a><\/li>\n<\/ul>\n<p>[\/et_pb_text][\/et_pb_column][\/et_pb_row][et_pb_row make_fullwidth=&#8221;off&#8221; use_custom_width=&#8221;off&#8221; width_unit=&#8221;on&#8221; use_custom_gutter=&#8221;off&#8221; custom_padding=&#8221;40px|40px|40px|40px&#8221; padding_mobile=&#8221;off&#8221; background_color=&#8221;#c65638&#8243; allow_player_pause=&#8221;off&#8221; parallax=&#8221;off&#8221; parallax_method=&#8221;off&#8221; make_equal=&#8221;off&#8221; parallax_1=&#8221;off&#8221; parallax_method_1=&#8221;off&#8221; parallax_2=&#8221;off&#8221; parallax_method_2=&#8221;off&#8221; parallax_3=&#8221;off&#8221; parallax_method_3=&#8221;off&#8221; column_padding_mobile=&#8221;on&#8221; module_class=&#8221;bloc-controle&#8221; background_position=&#8221;top_left&#8221; background_repeat=&#8221;repeat&#8221; background_size=&#8221;initial&#8221;][et_pb_column type=&#8221;1_3&#8243;][et_pb_text background_layout=&#8221;dark&#8221; use_border_color=&#8221;off&#8221; background_position=&#8221;top_left&#8221; background_repeat=&#8221;repeat&#8221; background_size=&#8221;initial&#8221; _builder_version=&#8221;3.17.6&#8243;]<\/p>\n<h3>Kontrolle<\/h3>\n<ul>\n<li>Spektrometrische Analyseverfahren<\/li>\n<li>Thermische Analyseverfahren<\/li>\n<li>Schnelle Analyse der Grundmasse von Gusseisen G.S.<\/li>\n<li>Mikrographie<\/li>\n<\/ul>\n<p>[\/et_pb_text][\/et_pb_column][et_pb_column type=&#8221;1_3&#8243;][et_pb_divider color=&#8221;#ffffff&#8221; show_divider=&#8221;off&#8221; divider_style=&#8221;solid&#8221; divider_position=&#8221;top&#8221; hide_on_mobile=&#8221;on&#8221; disabled_on=&#8221;on|on|off&#8221;]<\/p>\n<p><\/p>\n<p>[\/et_pb_divider][et_pb_text background_layout=&#8221;dark&#8221; use_border_color=&#8221;off&#8221; background_position=&#8221;top_left&#8221; background_repeat=&#8221;repeat&#8221; background_size=&#8221;initial&#8221; _builder_version=&#8221;3.17.6&#8243;]<\/p>\n<ul>\n<li>Analyse der inneren Reinheit: Ultraschall, Auslaufen<\/li>\n<li>H\u00e4rtepr\u00fcfung<\/li>\n<li>Druckpr\u00fcfung<\/li>\n<li>Ma\u00dfpr\u00fcfung<\/li>\n<\/ul>\n<p>[\/et_pb_text][\/et_pb_column][et_pb_column type=&#8221;1_3&#8243;][et_pb_divider color=&#8221;#ffffff&#8221; show_divider=&#8221;off&#8221; divider_style=&#8221;solid&#8221; divider_position=&#8221;top&#8221; hide_on_mobile=&#8221;on&#8221; disabled_on=&#8221;on|on|off&#8221;]<\/p>\n<p><\/p>\n<p>[\/et_pb_divider][et_pb_text background_layout=&#8221;dark&#8221; use_border_color=&#8221;off&#8221; background_position=&#8221;top_left&#8221; background_repeat=&#8221;repeat&#8221; background_size=&#8221;initial&#8221; _builder_version=&#8221;3.17.6&#8243;]<\/p>\n<ul>\n<li>Ma\u00dfpr\u00fcfung<\/li>\n<li>Plotten von Prototypen<\/li>\n<li>Mechanische Pr\u00fcfung<\/li>\n<\/ul>\n<p>[\/et_pb_text][\/et_pb_column][\/et_pb_row][et_pb_row background_position=&#8221;top_left&#8221; background_repeat=&#8221;repeat&#8221; background_size=&#8221;initial&#8221;][et_pb_column type=&#8221;3_4&#8243;][et_pb_text global_module=&#8221;201&#8243; background_layout=&#8221;light&#8221; text_orientation=&#8221;left&#8221; use_border_color=&#8221;off&#8221; border_color=&#8221;#ffffff&#8221; border_style=&#8221;solid&#8221; saved_tabs=&#8221;all&#8221; background_position=&#8221;top_left&#8221; background_repeat=&#8221;repeat&#8221; background_size=&#8221;initial&#8221;]<\/p>\n<div class=\"printfriendly pf-button  pf-alignleft\">\n                    <a href=\"https:\/\/fonderie-mathieu.com\/de\/produktionsanlagen\/?pfstyle=wp\" rel=\"nofollow\" onclick=\"\" title=\"Printer Friendly, PDF & Email\">\n                    <img decoding=\"async\" class=\"pf-button-img\" src=\"https:\/\/cdn.printfriendly.com\/buttons\/print-button-gray.png\" alt=\"Print Friendly, PDF & Email\" style=\"width: 66px;height: 24px;\"  \/>\n                    <\/a>\n                <\/div>\n<p>[\/et_pb_text][\/et_pb_column][et_pb_column type=&#8221;1_4&#8243;][\/et_pb_column][\/et_pb_row][\/et_pb_section]<\/p>\n","protected":false},"excerpt":{"rendered":"<p>Produktionsanlagen Die wichtigsten Produktionsverfahren:1. Modelle f\u00fcr gefertigten StahlgussKapazit\u00e4ten f\u00fcr 120 t\/MonatF\u00fcr einzelne Formteile, kleine oder mittelgro\u00dfe SerienGusserzeugnisse von 0,100 bis 2.000\u00a0kg2. Schmelzeinrichtungen1 elektrischer Induktionsofen (mittlere Frequenz) mit einer Kapazit\u00e4t von 1.600\u00a0kg2 elektrische Induktions\u00f6fen (mittlere Frequenz) mit einer Kapazit\u00e4tvon 750\u00a0kg3. Mechanisches Aush\u00f6hlen von K\u00fchlboxenLL20 (20 Liter)H80 (80 Liter)4. Manuelles Aush\u00f6hlen5. Gie\u00dferei, Konzeption und Herstellung von WerkzeugenModelle [&hellip;]<\/p>\n","protected":false},"author":1,"featured_media":0,"parent":0,"menu_order":0,"comment_status":"closed","ping_status":"closed","template":"","meta":{"_et_pb_use_builder":"on","_et_pb_old_content":"<p>[et_pb_section admin_label=\"section\"][et_pb_row admin_label=\"row\"][et_pb_column type=\"4_4\"][et_pb_text admin_label=\"Texte\" background_layout=\"light\" text_orientation=\"left\" use_border_color=\"off\" border_color=\"#ffffff\" border_style=\"solid\"]<\/p><h1>Outils de production<\/h1><p>[\/et_pb_text][\/et_pb_column][\/et_pb_row][et_pb_row admin_label=\"Ligne\"][et_pb_column type=\"3_4\"][et_pb_text admin_label=\"Texte\" background_layout=\"light\" text_orientation=\"left\" use_border_color=\"off\" border_color=\"#ffffff\" border_style=\"solid\"]<\/p><h3>Principaux moyens de fabrication<\/h3><h3><img class=\"size-medium wp-image-236 alignright\" src=\"https:\/\/fonderie-mathieu.com\/wp-content\/uploads\/2016\/06\/Photo-N\u00b09-228x300.jpg\" alt=\"Noyauteuse, fonderie\" width=\"228\" height=\"300\" \/><\/h3><p><strong>1. Fonderie sur modeles<\/strong><\/p><ul><li>capacit\u00e9 120 T\/mois<\/li><li>Moulage de pi\u00e8ce unitaire, petite et moyenne s\u00e9rie.<\/li><li>Pi\u00e8ces de 0,100 Kg \u00e0 2 000 Kg en fonte.<\/li><\/ul><p><strong>2. Moyens de fusion<\/strong><\/p><ul><li>\u00a01 Four \u00e9lectrique \u00e0\u00a0 induction\u00a0\u00a0 (moyenne fr\u00e9quence) de 1600 Kg<\/li><li>2 Fours \u00e9lectriques \u00e0 induction (moyenne fr\u00e9quence)<br \/>de 750 Kg.<\/li><\/ul><p><strong>3. Noyautage M\u00e9canis\u00e9 boite froide<\/strong><\/p><ul><li>LL20 (20 litres)<\/li><li>H80 (80 litres)<\/li><\/ul><p><strong>4. Noyautage manuel<\/strong><\/p><p><strong>5. Atelier de modelage,conception et r\u00e9alisation d\u2019outillages<\/strong><\/p><p>Mod\u00e8les bois, r\u00e9sine ou polystyr\u00e8ne.<\/p><p><strong>6. L\u2019usinage, les traitement thermiques et les peintures & finitions<\/strong><\/p><p><strong>7. 3 chantiers de moulage :<\/strong><\/p><ul><li>1 chantier avec 2 postes pour petite et moyenne s\u00e9rie, ch\u00e2ssis de 400x300, 650x620 et 850x850.<\/li><li>1 chantier pour petite et moyenne s\u00e9rie, ch\u00e2ssis de 900x900, 1000x1000 et 1200x1200.<\/li><li>1 chantier de moulage main, pour pi\u00e8ces unitaires et grosses pi\u00e8ces (dimensions maximum des ch\u00e2ssis : 4500x1000 & 2400x2400).<\/li><li>Proc\u00e9d\u00e9 de moulage : sable auto-durcissant.<\/li><\/ul><p>[\/et_pb_text][\/et_pb_column][et_pb_column type=\"1_4\"][et_pb_login admin_label=\"Se connecter\" title=\"Se connecter\" current_page_redirect=\"off\" use_background_color=\"on\" background_color=\"#c65638\" background_layout=\"dark\" text_orientation=\"left\" use_focus_border_color=\"off\" use_border_color=\"off\" border_color=\"#ffffff\" border_style=\"solid\" custom_button=\"off\" button_border_width=\"0\" button_border_radius=\"0\" button_letter_spacing=\"0\" button_use_icon=\"default\" button_icon_placement=\"right\" button_on_hover=\"on\" button_border_radius_hover=\"0\" button_letter_spacing_hover=\"0\"]<\/p><p>[\/et_pb_login][et_pb_text admin_label=\"Texte\" background_layout=\"light\" text_orientation=\"left\" use_border_color=\"off\" border_color=\"#ffffff\" border_style=\"solid\" module_class=\"bloc-contact\"]<\/p><h4>Contact<\/h4><ul><li class=\"home\"><img class=\"alignleft size-full wp-image-89\" src=\"https:\/\/fonderie-mathieu.com\/wp-content\/uploads\/2016\/05\/Adresse.png\" alt=\"Adresse\" width=\"22\" height=\"21\" \/>Fonderie Mathieu<br \/>24 route Demigny<br \/>71530 Champforgeuil<\/li><li><img class=\"alignleft size-full wp-image-105\" src=\"https:\/\/fonderie-mathieu.com\/wp-content\/uploads\/2016\/05\/Phone.png\" alt=\"Phone\" width=\"22\" height=\"21\" \/>+33 (0) 3 85 43 43 78<\/li><li><img class=\"alignleft size-full wp-image-96\" src=\"https:\/\/fonderie-mathieu.com\/wp-content\/uploads\/2016\/05\/FAX.png\" alt=\"FAX\" width=\"26\" height=\"21\" \/>+33 (0) 3 85 43 50 07<\/li><li><img class=\"alignleft size-full wp-image-91\" src=\"https:\/\/fonderie-mathieu.com\/wp-content\/uploads\/2016\/05\/email.png\" alt=\"email\" width=\"22\" height=\"21\" \/><a href=\"mailto:dhenrot@fonderie-mathieu.com\">dhenrot@fonderie-mathieu.com<\/a><\/li><\/ul><p>[\/et_pb_text][\/et_pb_column][\/et_pb_row][et_pb_row admin_label=\"Ligne\" make_fullwidth=\"off\" use_custom_width=\"off\" width_unit=\"on\" use_custom_gutter=\"off\" custom_padding=\"40px|40px|40px|40px\" padding_mobile=\"off\" background_color=\"#c65638\" allow_player_pause=\"off\" parallax=\"off\" parallax_method=\"off\" make_equal=\"off\" parallax_1=\"off\" parallax_method_1=\"off\" parallax_2=\"off\" parallax_method_2=\"off\" parallax_3=\"off\" parallax_method_3=\"off\" column_padding_mobile=\"on\" module_class=\"bloc-controle\"][et_pb_column type=\"1_3\"][et_pb_text admin_label=\"Texte\" background_layout=\"dark\" text_orientation=\"left\" use_border_color=\"off\" border_color=\"#ffffff\" border_style=\"solid\"]<\/p><h3>Contr\u00f4le<\/h3><ul><li>Analyses par spectrom\u00e8tre.<\/li><li>Analyse thermique.<\/li><li>Contr\u00f4le rapide de modularit\u00e9 des fontes G.S.<\/li><li>Contr\u00f4le micrographique.<\/li><\/ul><p>[\/et_pb_text][\/et_pb_column][et_pb_column type=\"1_3\"][et_pb_divider admin_label=\"S\u00e9parateur\" color=\"#ffffff\" show_divider=\"off\" divider_style=\"solid\" divider_position=\"top\" hide_on_mobile=\"on\"]<\/p><p>[\/et_pb_divider][et_pb_text admin_label=\"Texte\" background_layout=\"dark\" text_orientation=\"left\" use_border_color=\"off\" border_color=\"#ffffff\" border_style=\"solid\"]<\/p><ul><li>Contr\u00f4le sant\u00e9 interne : par ultra-sons, par ressuage.<\/li><li>Contr\u00f4le de duret\u00e9.<\/li><li>Essai pression.<\/li><li>Contr\u00f4le dimensionnel.<\/li><\/ul><p>[\/et_pb_text][\/et_pb_column][et_pb_column type=\"1_3\"][et_pb_divider admin_label=\"S\u00e9parateur\" color=\"#ffffff\" show_divider=\"off\" divider_style=\"solid\" divider_position=\"top\" hide_on_mobile=\"on\"]<\/p><p>[\/et_pb_divider][et_pb_text admin_label=\"Texte\" background_layout=\"dark\" text_orientation=\"left\" use_border_color=\"off\" border_color=\"#ffffff\" border_style=\"solid\"]<\/p><ul><li>Contr\u00f4le dimensionnel.<\/li><li>Tra\u00e7age de pi\u00e8ce prototype.<\/li><li>Essais m\u00e9caniques.<\/li><\/ul><p>[\/et_pb_text][\/et_pb_column][\/et_pb_row][et_pb_row admin_label=\"Ligne\"][et_pb_column type=\"3_4\"][et_pb_text admin_label=\"Texte\" global_module=\"201\" background_layout=\"light\" text_orientation=\"left\" use_border_color=\"off\" border_color=\"#ffffff\" border_style=\"solid\" saved_tabs=\"all\"]<\/p><p>[printfriendly]<\/p><p>[\/et_pb_text][\/et_pb_column][et_pb_column type=\"1_4\"][\/et_pb_column][\/et_pb_row][\/et_pb_section]<\/p>","_et_gb_content_width":"","footnotes":""},"class_list":["post-568","page","type-page","status-publish","hentry"],"yoast_head":"<!-- This site is optimized with the Yoast SEO plugin v27.2 - https:\/\/yoast.com\/product\/yoast-seo-wordpress\/ -->\n<title>Produktionsanlagen - Fonderie de Fontes et d\u2019aciers<\/title>\n<meta name=\"robots\" content=\"index, follow, max-snippet:-1, max-image-preview:large, max-video-preview:-1\" \/>\n<link rel=\"canonical\" href=\"https:\/\/fonderie-mathieu.com\/outils-de-production\/\" \/>\n<meta property=\"og:locale\" content=\"de_DE\" \/>\n<meta property=\"og:type\" content=\"article\" \/>\n<meta property=\"og:title\" content=\"Produktionsanlagen - Fonderie de Fontes et d\u2019aciers\" \/>\n<meta property=\"og:description\" content=\"Produktionsanlagen Die wichtigsten Produktionsverfahren:1. Modelle f\u00fcr gefertigten StahlgussKapazit\u00e4ten f\u00fcr 120 t\/MonatF\u00fcr einzelne Formteile, kleine oder mittelgro\u00dfe SerienGusserzeugnisse von 0,100 bis 2.000\u00a0kg2. Schmelzeinrichtungen1 elektrischer Induktionsofen (mittlere Frequenz) mit einer Kapazit\u00e4t von 1.600\u00a0kg2 elektrische Induktions\u00f6fen (mittlere Frequenz) mit einer Kapazit\u00e4tvon 750\u00a0kg3. Mechanisches Aush\u00f6hlen von K\u00fchlboxenLL20 (20 Liter)H80 (80 Liter)4. Manuelles Aush\u00f6hlen5. Gie\u00dferei, Konzeption und Herstellung von WerkzeugenModelle [&hellip;]\" \/>\n<meta property=\"og:url\" content=\"https:\/\/fonderie-mathieu.com\/outils-de-production\/\" \/>\n<meta property=\"og:site_name\" content=\"Fonderie de Fontes et d\u2019aciers\" \/>\n<meta property=\"article:modified_time\" content=\"2018-11-12T09:46:35+00:00\" \/>\n<meta property=\"og:image\" content=\"https:\/\/fonderie-mathieu.com\/wp-content\/uploads\/2016\/05\/Adresse.png\" \/>\n<meta name=\"twitter:card\" content=\"summary_large_image\" \/>\n<meta name=\"twitter:label1\" content=\"Gesch\u00e4tzte Lesezeit\" \/>\n\t<meta name=\"twitter:data1\" content=\"4 minutes\" \/>\n<script type=\"application\/ld+json\" class=\"yoast-schema-graph\">{\"@context\":\"https:\/\/schema.org\",\"@graph\":[{\"@type\":\"WebPage\",\"@id\":\"https:\/\/fonderie-mathieu.com\/outils-de-production\/\",\"url\":\"https:\/\/fonderie-mathieu.com\/outils-de-production\/\",\"name\":\"Produktionsanlagen - Fonderie de Fontes et d\u2019aciers\",\"isPartOf\":{\"@id\":\"https:\/\/fonderie-mathieu.com\/#website\"},\"primaryImageOfPage\":{\"@id\":\"https:\/\/fonderie-mathieu.com\/outils-de-production\/#primaryimage\"},\"image\":{\"@id\":\"https:\/\/fonderie-mathieu.com\/outils-de-production\/#primaryimage\"},\"thumbnailUrl\":\"https:\/\/fonderie-mathieu.com\/wp-content\/uploads\/2016\/05\/Adresse.png\",\"datePublished\":\"2018-11-12T09:23:52+00:00\",\"dateModified\":\"2018-11-12T09:46:35+00:00\",\"breadcrumb\":{\"@id\":\"https:\/\/fonderie-mathieu.com\/outils-de-production\/#breadcrumb\"},\"inLanguage\":\"de-DE\",\"potentialAction\":[{\"@type\":\"ReadAction\",\"target\":[\"https:\/\/fonderie-mathieu.com\/outils-de-production\/\"]}]},{\"@type\":\"ImageObject\",\"inLanguage\":\"de-DE\",\"@id\":\"https:\/\/fonderie-mathieu.com\/outils-de-production\/#primaryimage\",\"url\":\"https:\/\/fonderie-mathieu.com\/wp-content\/uploads\/2016\/05\/Adresse.png\",\"contentUrl\":\"https:\/\/fonderie-mathieu.com\/wp-content\/uploads\/2016\/05\/Adresse.png\"},{\"@type\":\"BreadcrumbList\",\"@id\":\"https:\/\/fonderie-mathieu.com\/outils-de-production\/#breadcrumb\",\"itemListElement\":[{\"@type\":\"ListItem\",\"position\":1,\"name\":\"Accueil\",\"item\":\"https:\/\/fonderie-mathieu.com\/de\/\"},{\"@type\":\"ListItem\",\"position\":2,\"name\":\"Produktionsanlagen\"}]},{\"@type\":\"WebSite\",\"@id\":\"https:\/\/fonderie-mathieu.com\/#website\",\"url\":\"https:\/\/fonderie-mathieu.com\/\",\"name\":\"Fonderie de Fontes et d\u2019aciers\",\"description\":\" Fachgesch\u00e4ft: Eisen- und Stahlguss\",\"potentialAction\":[{\"@type\":\"SearchAction\",\"target\":{\"@type\":\"EntryPoint\",\"urlTemplate\":\"https:\/\/fonderie-mathieu.com\/?s={search_term_string}\"},\"query-input\":{\"@type\":\"PropertyValueSpecification\",\"valueRequired\":true,\"valueName\":\"search_term_string\"}}],\"inLanguage\":\"de-DE\"}]}<\/script>\n<!-- \/ Yoast SEO plugin. -->","yoast_head_json":{"title":"Produktionsanlagen - Fonderie de Fontes et d\u2019aciers","robots":{"index":"index","follow":"follow","max-snippet":"max-snippet:-1","max-image-preview":"max-image-preview:large","max-video-preview":"max-video-preview:-1"},"canonical":"https:\/\/fonderie-mathieu.com\/outils-de-production\/","og_locale":"de_DE","og_type":"article","og_title":"Produktionsanlagen - Fonderie de Fontes et d\u2019aciers","og_description":"Produktionsanlagen Die wichtigsten Produktionsverfahren:1. Modelle f\u00fcr gefertigten StahlgussKapazit\u00e4ten f\u00fcr 120 t\/MonatF\u00fcr einzelne Formteile, kleine oder mittelgro\u00dfe SerienGusserzeugnisse von 0,100 bis 2.000\u00a0kg2. Schmelzeinrichtungen1 elektrischer Induktionsofen (mittlere Frequenz) mit einer Kapazit\u00e4t von 1.600\u00a0kg2 elektrische Induktions\u00f6fen (mittlere Frequenz) mit einer Kapazit\u00e4tvon 750\u00a0kg3. Mechanisches Aush\u00f6hlen von K\u00fchlboxenLL20 (20 Liter)H80 (80 Liter)4. Manuelles Aush\u00f6hlen5. Gie\u00dferei, Konzeption und Herstellung von WerkzeugenModelle [&hellip;]","og_url":"https:\/\/fonderie-mathieu.com\/outils-de-production\/","og_site_name":"Fonderie de Fontes et d\u2019aciers","article_modified_time":"2018-11-12T09:46:35+00:00","og_image":[{"url":"https:\/\/fonderie-mathieu.com\/wp-content\/uploads\/2016\/05\/Adresse.png","type":"","width":"","height":""}],"twitter_card":"summary_large_image","twitter_misc":{"Gesch\u00e4tzte Lesezeit":"4 minutes"},"schema":{"@context":"https:\/\/schema.org","@graph":[{"@type":"WebPage","@id":"https:\/\/fonderie-mathieu.com\/outils-de-production\/","url":"https:\/\/fonderie-mathieu.com\/outils-de-production\/","name":"Produktionsanlagen - Fonderie de Fontes et d\u2019aciers","isPartOf":{"@id":"https:\/\/fonderie-mathieu.com\/#website"},"primaryImageOfPage":{"@id":"https:\/\/fonderie-mathieu.com\/outils-de-production\/#primaryimage"},"image":{"@id":"https:\/\/fonderie-mathieu.com\/outils-de-production\/#primaryimage"},"thumbnailUrl":"https:\/\/fonderie-mathieu.com\/wp-content\/uploads\/2016\/05\/Adresse.png","datePublished":"2018-11-12T09:23:52+00:00","dateModified":"2018-11-12T09:46:35+00:00","breadcrumb":{"@id":"https:\/\/fonderie-mathieu.com\/outils-de-production\/#breadcrumb"},"inLanguage":"de-DE","potentialAction":[{"@type":"ReadAction","target":["https:\/\/fonderie-mathieu.com\/outils-de-production\/"]}]},{"@type":"ImageObject","inLanguage":"de-DE","@id":"https:\/\/fonderie-mathieu.com\/outils-de-production\/#primaryimage","url":"https:\/\/fonderie-mathieu.com\/wp-content\/uploads\/2016\/05\/Adresse.png","contentUrl":"https:\/\/fonderie-mathieu.com\/wp-content\/uploads\/2016\/05\/Adresse.png"},{"@type":"BreadcrumbList","@id":"https:\/\/fonderie-mathieu.com\/outils-de-production\/#breadcrumb","itemListElement":[{"@type":"ListItem","position":1,"name":"Accueil","item":"https:\/\/fonderie-mathieu.com\/de\/"},{"@type":"ListItem","position":2,"name":"Produktionsanlagen"}]},{"@type":"WebSite","@id":"https:\/\/fonderie-mathieu.com\/#website","url":"https:\/\/fonderie-mathieu.com\/","name":"Fonderie de Fontes et d\u2019aciers","description":" Fachgesch\u00e4ft: Eisen- und Stahlguss","potentialAction":[{"@type":"SearchAction","target":{"@type":"EntryPoint","urlTemplate":"https:\/\/fonderie-mathieu.com\/?s={search_term_string}"},"query-input":{"@type":"PropertyValueSpecification","valueRequired":true,"valueName":"search_term_string"}}],"inLanguage":"de-DE"}]}},"_links":{"self":[{"href":"https:\/\/fonderie-mathieu.com\/de\/wp-json\/wp\/v2\/pages\/568","targetHints":{"allow":["GET"]}}],"collection":[{"href":"https:\/\/fonderie-mathieu.com\/de\/wp-json\/wp\/v2\/pages"}],"about":[{"href":"https:\/\/fonderie-mathieu.com\/de\/wp-json\/wp\/v2\/types\/page"}],"author":[{"embeddable":true,"href":"https:\/\/fonderie-mathieu.com\/de\/wp-json\/wp\/v2\/users\/1"}],"replies":[{"embeddable":true,"href":"https:\/\/fonderie-mathieu.com\/de\/wp-json\/wp\/v2\/comments?post=568"}],"version-history":[{"count":3,"href":"https:\/\/fonderie-mathieu.com\/de\/wp-json\/wp\/v2\/pages\/568\/revisions"}],"predecessor-version":[{"id":582,"href":"https:\/\/fonderie-mathieu.com\/de\/wp-json\/wp\/v2\/pages\/568\/revisions\/582"}],"wp:attachment":[{"href":"https:\/\/fonderie-mathieu.com\/de\/wp-json\/wp\/v2\/media?parent=568"}],"curies":[{"name":"wp","href":"https:\/\/api.w.org\/{rel}","templated":true}]}}