{"id":569,"date":"2018-11-12T10:24:00","date_gmt":"2018-11-12T09:24:00","guid":{"rendered":"http:\/\/fonderie-mathieu.com\/?page_id=569"},"modified":"2019-02-03T21:42:33","modified_gmt":"2019-02-03T20:42:33","slug":"qualitaetsrichtlinie","status":"publish","type":"page","link":"https:\/\/fonderie-mathieu.com\/de\/qualitaetsrichtlinie\/","title":{"rendered":"Qualit\u00e4tsrichtlinie"},"content":{"rendered":"<p>[et_pb_section bb_built=&#8221;1&#8243; admin_label=&#8221;section&#8221;][et_pb_row admin_label=&#8221;row&#8221; background_position=&#8221;top_left&#8221; background_repeat=&#8221;repeat&#8221; background_size=&#8221;initial&#8221;][et_pb_column type=&#8221;4_4&#8243;][et_pb_text use_border_color=&#8221;off&#8221; background_position=&#8221;top_left&#8221; background_repeat=&#8221;repeat&#8221; background_size=&#8221;initial&#8221; _builder_version=&#8221;3.17.6&#8243;]<\/p>\n<h1>Qualit\u00e4tsrichtlinie<\/h1>\n<p>[\/et_pb_text][\/et_pb_column][\/et_pb_row][et_pb_row background_position=&#8221;top_left&#8221; background_repeat=&#8221;repeat&#8221; background_size=&#8221;initial&#8221;][et_pb_column type=&#8221;3_4&#8243;][et_pb_text use_border_color=&#8221;off&#8221; background_position=&#8221;top_left&#8221; background_repeat=&#8221;repeat&#8221; background_size=&#8221;initial&#8221; _builder_version=&#8221;3.17.6&#8243;]<\/p>\n<p>Die Gie\u00dferei Mathieu verf\u00fcgt in allen wichtigen F\u00fchrungspositionen \u00fcber hochqualifizierte Fachkr\u00e4fte und ist daher vollumf\u00e4nglich dazu ausger\u00fcstet, den hohen Qualit\u00e4tsanforderungen ihrer Kunden gerecht zu werden. Des Weiteren ist die Gie\u00dferei Mathieu zertifiziert gem\u00e4\u00df ISO 9001:V2008 und DNV.<\/p>\n<p><img loading=\"lazy\" decoding=\"async\" width=\"300\" height=\"225\" class=\"alignright size-medium wp-image-239\" alt=\"Photo N\u00b012\" src=\"https:\/\/fonderie-mathieu.com\/wp-content\/uploads\/2016\/06\/Photo-N\u00b012-300x225.jpg\" srcset=\"https:\/\/fonderie-mathieu.com\/wp-content\/uploads\/2016\/06\/Photo-N\u00b012-300x225.jpg 300w, https:\/\/fonderie-mathieu.com\/wp-content\/uploads\/2016\/06\/Photo-N\u00b012-768x576.jpg 768w, https:\/\/fonderie-mathieu.com\/wp-content\/uploads\/2016\/06\/Photo-N\u00b012-1024x768.jpg 1024w, https:\/\/fonderie-mathieu.com\/wp-content\/uploads\/2016\/06\/Photo-N\u00b012-1080x810.jpg 1080w, https:\/\/fonderie-mathieu.com\/wp-content\/uploads\/2016\/06\/Photo-N\u00b012.jpg 1067w\" sizes=\"(max-width: 300px) 100vw, 300px\" \/><strong>Ein Service, der lange w\u00e4hrt.<\/strong><\/p>\n<p><img loading=\"lazy\" decoding=\"async\" width=\"116\" height=\"128\" class=\"size-full wp-image-301 alignleft\" alt=\"DNV\" src=\"https:\/\/fonderie-mathieu.com\/wp-content\/uploads\/2016\/05\/DNV.jpg\"> <img loading=\"lazy\" decoding=\"async\" width=\"130\" height=\"136\" class=\"alignright size-medium wp-image-736\" alt=\"\" src=\"https:\/\/fonderie-mathieu.com\/wp-content\/uploads\/2019\/02\/ISO_9001-2015-294x300.jpg\"><\/p>\n<p>[\/et_pb_text][et_pb_text global_module=&#8221;201&#8243; background_layout=&#8221;light&#8221; text_orientation=&#8221;left&#8221; use_border_color=&#8221;off&#8221; border_color=&#8221;#ffffff&#8221; border_style=&#8221;solid&#8221; saved_tabs=&#8221;all&#8221; background_position=&#8221;top_left&#8221; background_repeat=&#8221;repeat&#8221; background_size=&#8221;initial&#8221;]<\/p>\n<div class=\"printfriendly pf-button  pf-alignleft\">\n                    <a href=\"https:\/\/fonderie-mathieu.com\/de\/qualitaetsrichtlinie\/?pfstyle=wp\" rel=\"nofollow\" onclick=\"\" title=\"Printer Friendly, PDF & Email\">\n                    <img decoding=\"async\" class=\"pf-button-img\" src=\"https:\/\/cdn.printfriendly.com\/buttons\/print-button-gray.png\" alt=\"Print Friendly, PDF & Email\" style=\"width: 66px;height: 24px;\"  \/>\n                    <\/a>\n                <\/div>\n<p>[\/et_pb_text][\/et_pb_column][et_pb_column type=&#8221;1_4&#8243;][et_pb_login title=&#8221;Einloggen&#8221; use_border_color=&#8221;off&#8221; button_text_size__hover_enabled=&#8221;off&#8221; button_text_size__hover=&#8221;null&#8221; button_one_text_size__hover_enabled=&#8221;off&#8221; button_one_text_size__hover=&#8221;null&#8221; button_two_text_size__hover_enabled=&#8221;off&#8221; button_two_text_size__hover=&#8221;null&#8221; button_text_color__hover_enabled=&#8221;off&#8221; button_text_color__hover=&#8221;null&#8221; button_one_text_color__hover_enabled=&#8221;off&#8221; button_one_text_color__hover=&#8221;null&#8221; button_two_text_color__hover_enabled=&#8221;off&#8221; button_two_text_color__hover=&#8221;null&#8221; button_border_width__hover_enabled=&#8221;off&#8221; button_border_width__hover=&#8221;null&#8221; button_one_border_width__hover_enabled=&#8221;off&#8221; button_one_border_width__hover=&#8221;null&#8221; button_two_border_width__hover_enabled=&#8221;off&#8221; button_two_border_width__hover=&#8221;null&#8221; button_border_color__hover_enabled=&#8221;off&#8221; button_border_color__hover=&#8221;null&#8221; button_one_border_color__hover_enabled=&#8221;off&#8221; button_one_border_color__hover=&#8221;null&#8221; button_two_border_color__hover_enabled=&#8221;off&#8221; button_two_border_color__hover=&#8221;null&#8221; button_border_radius__hover_enabled=&#8221;on&#8221; button_border_radius__hover=&#8221;0&#8243; button_one_border_radius__hover_enabled=&#8221;off&#8221; button_one_border_radius__hover=&#8221;null&#8221; button_two_border_radius__hover_enabled=&#8221;off&#8221; button_two_border_radius__hover=&#8221;null&#8221; button_letter_spacing__hover_enabled=&#8221;on&#8221; button_letter_spacing__hover=&#8221;0&#8243; button_one_letter_spacing__hover_enabled=&#8221;off&#8221; button_one_letter_spacing__hover=&#8221;null&#8221; button_two_letter_spacing__hover_enabled=&#8221;off&#8221; button_two_letter_spacing__hover=&#8221;null&#8221; button_bg_color__hover_enabled=&#8221;off&#8221; button_bg_color__hover=&#8221;null&#8221; button_one_bg_color__hover_enabled=&#8221;off&#8221; button_one_bg_color__hover=&#8221;null&#8221; button_two_bg_color__hover_enabled=&#8221;off&#8221; button_two_bg_color__hover=&#8221;null&#8221; _builder_version=&#8221;3.17.6&#8243; \/][et_pb_text use_border_color=&#8221;off&#8221; module_class=&#8221;bloc-contact&#8221; background_position=&#8221;top_left&#8221; background_repeat=&#8221;repeat&#8221; background_size=&#8221;initial&#8221; _builder_version=&#8221;3.17.6&#8243;]<\/p>\n<h4>Kontakt<\/h4>\n<ul>\n<li class=\"home\"><img loading=\"lazy\" decoding=\"async\" class=\"alignleft size-full wp-image-89\" src=\"https:\/\/fonderie-mathieu.com\/wp-content\/uploads\/2016\/05\/Adresse.png\" alt=\"Adresse\" width=\"22\" height=\"21\" \/>Fonderie Mathieu<br \/>24 route Demigny<br \/>71530 Champforgeuil<\/li>\n<li><img loading=\"lazy\" decoding=\"async\" class=\"alignleft size-full wp-image-105\" src=\"https:\/\/fonderie-mathieu.com\/wp-content\/uploads\/2016\/05\/Phone.png\" alt=\"Phone\" width=\"22\" height=\"21\" \/>+33 (0) 3 85 43 43 78<\/li>\n<li><img loading=\"lazy\" decoding=\"async\" class=\"alignleft size-full wp-image-96\" src=\"https:\/\/fonderie-mathieu.com\/wp-content\/uploads\/2016\/05\/FAX.png\" alt=\"FAX\" width=\"26\" height=\"21\" \/>+33 (0) 3 85 43 50 07<\/li>\n<li><img loading=\"lazy\" decoding=\"async\" class=\"alignleft size-full wp-image-91\" src=\"https:\/\/fonderie-mathieu.com\/wp-content\/uploads\/2016\/05\/email.png\" alt=\"email\" width=\"22\" height=\"21\" \/><a href=\"mailto:dhenrot@fonderie-mathieu.com\">dhenrot@fonderie-mathieu.com<\/a><\/li>\n<\/ul>\n<p>[\/et_pb_text][\/et_pb_column][\/et_pb_row][\/et_pb_section]<\/p>\n","protected":false},"excerpt":{"rendered":"<p>Qualit\u00e4tsrichtlinie Die Gie\u00dferei Mathieu verf\u00fcgt in allen wichtigen F\u00fchrungspositionen \u00fcber hochqualifizierte Fachkr\u00e4fte und ist daher vollumf\u00e4nglich dazu ausger\u00fcstet, den hohen Qualit\u00e4tsanforderungen ihrer Kunden gerecht zu werden. Des Weiteren ist die Gie\u00dferei Mathieu zertifiziert gem\u00e4\u00df ISO 9001:V2008 und DNV.Ein Service, der lange w\u00e4hrt. <div class=\"printfriendly pf-button  pf-alignleft\">\n                    <a href=\"https:\/\/fonderie-mathieu.com\/de\/qualitaetsrichtlinie\/?pfstyle=wp\" rel=\"nofollow\" onclick=\"\" title=\"Printer Friendly, PDF & Email\">\n                    <img decoding=\"async\" class=\"pf-button-img\" src=\"https:\/\/cdn.printfriendly.com\/buttons\/print-button-gray.png\" alt=\"Print Friendly, PDF & Email\" style=\"width: 66px;height: 24px;\"  \/>\n                    <\/a>\n                <\/div> KontaktFonderie Mathieu24 route Demigny71530 Champforgeuil+33 (0) 3 85 43 43 78+33 (0) [&hellip;]<\/p>\n","protected":false},"author":1,"featured_media":0,"parent":0,"menu_order":0,"comment_status":"closed","ping_status":"closed","template":"","meta":{"_et_pb_use_builder":"on","_et_pb_old_content":"","_et_gb_content_width":"","footnotes":""},"class_list":["post-569","page","type-page","status-publish","hentry"],"yoast_head":"<!-- This site is optimized with the Yoast SEO plugin v27.2 - https:\/\/yoast.com\/product\/yoast-seo-wordpress\/ -->\n<title>Qualit\u00e4tsrichtlinie - Fonderie de Fontes et d\u2019aciers<\/title>\n<meta name=\"robots\" content=\"index, follow, max-snippet:-1, max-image-preview:large, max-video-preview:-1\" \/>\n<link rel=\"canonical\" href=\"https:\/\/fonderie-mathieu.com\/politique-qualite\/\" \/>\n<meta property=\"og:locale\" content=\"de_DE\" \/>\n<meta property=\"og:type\" content=\"article\" \/>\n<meta property=\"og:title\" content=\"Qualit\u00e4tsrichtlinie - Fonderie de Fontes et d\u2019aciers\" \/>\n<meta property=\"og:description\" content=\"Qualit\u00e4tsrichtlinie Die Gie\u00dferei Mathieu verf\u00fcgt in allen wichtigen F\u00fchrungspositionen \u00fcber hochqualifizierte Fachkr\u00e4fte und ist daher vollumf\u00e4nglich dazu ausger\u00fcstet, den hohen Qualit\u00e4tsanforderungen ihrer Kunden gerecht zu werden. Des Weiteren ist die Gie\u00dferei Mathieu zertifiziert gem\u00e4\u00df ISO 9001:V2008 und DNV.Ein Service, der lange w\u00e4hrt. KontaktFonderie Mathieu24 route Demigny71530 Champforgeuil+33 (0) 3 85 43 43 78+33 (0) [&hellip;]\" \/>\n<meta property=\"og:url\" content=\"https:\/\/fonderie-mathieu.com\/politique-qualite\/\" \/>\n<meta property=\"og:site_name\" content=\"Fonderie de Fontes et d\u2019aciers\" \/>\n<meta property=\"article:modified_time\" content=\"2019-02-03T20:42:33+00:00\" \/>\n<meta property=\"og:image\" content=\"https:\/\/fonderie-mathieu.com\/wp-content\/uploads\/2016\/05\/DNV.jpg\" \/>\n<meta name=\"twitter:card\" content=\"summary_large_image\" \/>\n<meta name=\"twitter:label1\" content=\"Gesch\u00e4tzte Lesezeit\" \/>\n\t<meta name=\"twitter:data1\" content=\"3 minutes\" \/>\n<script type=\"application\/ld+json\" class=\"yoast-schema-graph\">{\"@context\":\"https:\/\/schema.org\",\"@graph\":[{\"@type\":\"WebPage\",\"@id\":\"https:\/\/fonderie-mathieu.com\/politique-qualite\/\",\"url\":\"https:\/\/fonderie-mathieu.com\/politique-qualite\/\",\"name\":\"Qualit\u00e4tsrichtlinie - Fonderie de Fontes et d\u2019aciers\",\"isPartOf\":{\"@id\":\"https:\/\/fonderie-mathieu.com\/#website\"},\"primaryImageOfPage\":{\"@id\":\"https:\/\/fonderie-mathieu.com\/politique-qualite\/#primaryimage\"},\"image\":{\"@id\":\"https:\/\/fonderie-mathieu.com\/politique-qualite\/#primaryimage\"},\"thumbnailUrl\":\"https:\/\/fonderie-mathieu.com\/wp-content\/uploads\/2016\/05\/DNV.jpg\",\"datePublished\":\"2018-11-12T09:24:00+00:00\",\"dateModified\":\"2019-02-03T20:42:33+00:00\",\"breadcrumb\":{\"@id\":\"https:\/\/fonderie-mathieu.com\/politique-qualite\/#breadcrumb\"},\"inLanguage\":\"de-DE\",\"potentialAction\":[{\"@type\":\"ReadAction\",\"target\":[\"https:\/\/fonderie-mathieu.com\/politique-qualite\/\"]}]},{\"@type\":\"ImageObject\",\"inLanguage\":\"de-DE\",\"@id\":\"https:\/\/fonderie-mathieu.com\/politique-qualite\/#primaryimage\",\"url\":\"https:\/\/fonderie-mathieu.com\/wp-content\/uploads\/2016\/05\/DNV.jpg\",\"contentUrl\":\"https:\/\/fonderie-mathieu.com\/wp-content\/uploads\/2016\/05\/DNV.jpg\"},{\"@type\":\"BreadcrumbList\",\"@id\":\"https:\/\/fonderie-mathieu.com\/politique-qualite\/#breadcrumb\",\"itemListElement\":[{\"@type\":\"ListItem\",\"position\":1,\"name\":\"Accueil\",\"item\":\"https:\/\/fonderie-mathieu.com\/de\/\"},{\"@type\":\"ListItem\",\"position\":2,\"name\":\"Qualit\u00e4tsrichtlinie\"}]},{\"@type\":\"WebSite\",\"@id\":\"https:\/\/fonderie-mathieu.com\/#website\",\"url\":\"https:\/\/fonderie-mathieu.com\/\",\"name\":\"Fonderie de Fontes et d\u2019aciers\",\"description\":\" Fachgesch\u00e4ft: Eisen- und Stahlguss\",\"potentialAction\":[{\"@type\":\"SearchAction\",\"target\":{\"@type\":\"EntryPoint\",\"urlTemplate\":\"https:\/\/fonderie-mathieu.com\/?s={search_term_string}\"},\"query-input\":{\"@type\":\"PropertyValueSpecification\",\"valueRequired\":true,\"valueName\":\"search_term_string\"}}],\"inLanguage\":\"de-DE\"}]}<\/script>\n<!-- \/ Yoast SEO plugin. -->","yoast_head_json":{"title":"Qualit\u00e4tsrichtlinie - Fonderie de Fontes et d\u2019aciers","robots":{"index":"index","follow":"follow","max-snippet":"max-snippet:-1","max-image-preview":"max-image-preview:large","max-video-preview":"max-video-preview:-1"},"canonical":"https:\/\/fonderie-mathieu.com\/politique-qualite\/","og_locale":"de_DE","og_type":"article","og_title":"Qualit\u00e4tsrichtlinie - Fonderie de Fontes et d\u2019aciers","og_description":"Qualit\u00e4tsrichtlinie Die Gie\u00dferei Mathieu verf\u00fcgt in allen wichtigen F\u00fchrungspositionen \u00fcber hochqualifizierte Fachkr\u00e4fte und ist daher vollumf\u00e4nglich dazu ausger\u00fcstet, den hohen Qualit\u00e4tsanforderungen ihrer Kunden gerecht zu werden. Des Weiteren ist die Gie\u00dferei Mathieu zertifiziert gem\u00e4\u00df ISO 9001:V2008 und DNV.Ein Service, der lange w\u00e4hrt. KontaktFonderie Mathieu24 route Demigny71530 Champforgeuil+33 (0) 3 85 43 43 78+33 (0) [&hellip;]","og_url":"https:\/\/fonderie-mathieu.com\/politique-qualite\/","og_site_name":"Fonderie de Fontes et d\u2019aciers","article_modified_time":"2019-02-03T20:42:33+00:00","og_image":[{"url":"https:\/\/fonderie-mathieu.com\/wp-content\/uploads\/2016\/05\/DNV.jpg","type":"","width":"","height":""}],"twitter_card":"summary_large_image","twitter_misc":{"Gesch\u00e4tzte Lesezeit":"3 minutes"},"schema":{"@context":"https:\/\/schema.org","@graph":[{"@type":"WebPage","@id":"https:\/\/fonderie-mathieu.com\/politique-qualite\/","url":"https:\/\/fonderie-mathieu.com\/politique-qualite\/","name":"Qualit\u00e4tsrichtlinie - Fonderie de Fontes et d\u2019aciers","isPartOf":{"@id":"https:\/\/fonderie-mathieu.com\/#website"},"primaryImageOfPage":{"@id":"https:\/\/fonderie-mathieu.com\/politique-qualite\/#primaryimage"},"image":{"@id":"https:\/\/fonderie-mathieu.com\/politique-qualite\/#primaryimage"},"thumbnailUrl":"https:\/\/fonderie-mathieu.com\/wp-content\/uploads\/2016\/05\/DNV.jpg","datePublished":"2018-11-12T09:24:00+00:00","dateModified":"2019-02-03T20:42:33+00:00","breadcrumb":{"@id":"https:\/\/fonderie-mathieu.com\/politique-qualite\/#breadcrumb"},"inLanguage":"de-DE","potentialAction":[{"@type":"ReadAction","target":["https:\/\/fonderie-mathieu.com\/politique-qualite\/"]}]},{"@type":"ImageObject","inLanguage":"de-DE","@id":"https:\/\/fonderie-mathieu.com\/politique-qualite\/#primaryimage","url":"https:\/\/fonderie-mathieu.com\/wp-content\/uploads\/2016\/05\/DNV.jpg","contentUrl":"https:\/\/fonderie-mathieu.com\/wp-content\/uploads\/2016\/05\/DNV.jpg"},{"@type":"BreadcrumbList","@id":"https:\/\/fonderie-mathieu.com\/politique-qualite\/#breadcrumb","itemListElement":[{"@type":"ListItem","position":1,"name":"Accueil","item":"https:\/\/fonderie-mathieu.com\/de\/"},{"@type":"ListItem","position":2,"name":"Qualit\u00e4tsrichtlinie"}]},{"@type":"WebSite","@id":"https:\/\/fonderie-mathieu.com\/#website","url":"https:\/\/fonderie-mathieu.com\/","name":"Fonderie de Fontes et d\u2019aciers","description":" Fachgesch\u00e4ft: Eisen- und Stahlguss","potentialAction":[{"@type":"SearchAction","target":{"@type":"EntryPoint","urlTemplate":"https:\/\/fonderie-mathieu.com\/?s={search_term_string}"},"query-input":{"@type":"PropertyValueSpecification","valueRequired":true,"valueName":"search_term_string"}}],"inLanguage":"de-DE"}]}},"_links":{"self":[{"href":"https:\/\/fonderie-mathieu.com\/de\/wp-json\/wp\/v2\/pages\/569","targetHints":{"allow":["GET"]}}],"collection":[{"href":"https:\/\/fonderie-mathieu.com\/de\/wp-json\/wp\/v2\/pages"}],"about":[{"href":"https:\/\/fonderie-mathieu.com\/de\/wp-json\/wp\/v2\/types\/page"}],"author":[{"embeddable":true,"href":"https:\/\/fonderie-mathieu.com\/de\/wp-json\/wp\/v2\/users\/1"}],"replies":[{"embeddable":true,"href":"https:\/\/fonderie-mathieu.com\/de\/wp-json\/wp\/v2\/comments?post=569"}],"version-history":[{"count":4,"href":"https:\/\/fonderie-mathieu.com\/de\/wp-json\/wp\/v2\/pages\/569\/revisions"}],"predecessor-version":[{"id":759,"href":"https:\/\/fonderie-mathieu.com\/de\/wp-json\/wp\/v2\/pages\/569\/revisions\/759"}],"wp:attachment":[{"href":"https:\/\/fonderie-mathieu.com\/de\/wp-json\/wp\/v2\/media?parent=569"}],"curies":[{"name":"wp","href":"https:\/\/api.w.org\/{rel}","templated":true}]}}