{"id":570,"date":"2018-11-12T10:24:10","date_gmt":"2018-11-12T09:24:10","guid":{"rendered":"http:\/\/fonderie-mathieu.com\/?page_id=570"},"modified":"2018-11-12T10:41:09","modified_gmt":"2018-11-12T09:41:09","slug":"know-how","status":"publish","type":"page","link":"https:\/\/fonderie-mathieu.com\/de\/know-how\/","title":{"rendered":"Know-how"},"content":{"rendered":"<p>[et_pb_section bb_built=&#8221;1&#8243; admin_label=&#8221;section&#8221;][et_pb_row admin_label=&#8221;row&#8221; background_position=&#8221;top_left&#8221; background_repeat=&#8221;repeat&#8221; background_size=&#8221;initial&#8221;][et_pb_column type=&#8221;4_4&#8243;][et_pb_text use_border_color=&#8221;off&#8221; background_position=&#8221;top_left&#8221; background_repeat=&#8221;repeat&#8221; background_size=&#8221;initial&#8221; _builder_version=&#8221;3.17.6&#8243;]<\/p>\n<h1>Know-how<\/h1>\n<p>[\/et_pb_text][\/et_pb_column][\/et_pb_row][et_pb_row background_position=&#8221;top_left&#8221; background_repeat=&#8221;repeat&#8221; background_size=&#8221;initial&#8221;][et_pb_column type=&#8221;3_4&#8243;][et_pb_text use_border_color=&#8221;off&#8221; background_position=&#8221;top_left&#8221; background_repeat=&#8221;repeat&#8221; background_size=&#8221;initial&#8221; _builder_version=&#8221;3.17.6&#8243;]<\/p>\n<p>Die Gie\u00dferei Mathieu ist eine Sandgie\u00dferei und ist auf die Herstellung von kundenspezifischen Prototypen, Einzelteilen, kleine und mittelgro\u00dfe Serien spezialisiert.<br \/>Die Gie\u00dferei Mathieu produziert Fertigteile mit einem Einzelgewicht von 0,100 bis 2.000 kg.<br \/>Die Gie\u00dferei Mathieu verf\u00fcgt \u00fcber ein gro\u00dfes Know-how in der Herstellung von technischen und hydraulischen Teilen und Teilen mit starkem Kern.<br \/>Die Gie\u00dferei Mathieu bearbeitet \u00fcber <strong>80 verschiedene Arten von Gusseise<\/strong>n wie beispielsweise:<\/p>\n<ul>\n<li><strong>Lamellar-Gusseisen: <\/strong>sehr gut maschinell bearbeitbar, gute Best\u00e4ndigkeit bei Schwingungen, bei Temperaturschocks und guter Schutz vor Oxidation bei hohen Temperaturen. Ausgezeichnete Dichtheit bei hydraulischer Anwendung.<\/li>\n<li><strong>Sph\u00e4ro-Gusseisen: <\/strong>sehr gute mechanische Best\u00e4ndigkeit vor St\u00f6\u00dfen und Abnutzung. Gute Widerstandsf\u00e4higkeit<\/li>\n<li><strong>Vermicular-Gusseisen: <\/strong>ausgezeichnete W\u00e4rmeleitf\u00e4higkeit und hohe Sto\u00dfbest\u00e4ndigkeit mit sehr geringer Verkr\u00fcmmung. Sehr stabil.<\/li>\n<li><strong>ADI-Gusseisen (Austempered Ductile Iron): <\/strong>sehr hochwertige mechanische Eigenschaften und gute Sto\u00dfbest\u00e4ndigkeit, auch bei starkem Verschlei\u00df.<\/li>\n<li><strong>Ni-Hard-Gusseisen: <\/strong>sehr guter Verschlei\u00dfschutz vor Abrasion und Erosion.<\/li>\n<li><strong>Ni-Resist-Gusseisen: <\/strong>sehr guter Verschlei\u00dfschutz vor Korrosion, auch bei sehr tiefen und sehr hohen Temperaturen.<\/li>\n<li><strong>Chrom-Gusseisen:<\/strong>s ehr strapazierf\u00e4hig und guter Schutz vor Oxidation, selbst bei hohen Temperaturen.<\/li>\n<li><strong>Silizium-Gusseisen: <\/strong>sehr gute Best\u00e4ndigkeit vor Verformungen und Oxidation, selbst bei hohen Temperaturen.<\/li>\n<li><strong>Stahl: <\/strong>\u00fcber 120 Varianten durch die Gie\u00dferei Charollaise.<\/li>\n<\/ul>\n<p>Die Gie\u00dferei Mathieu hat eine eigene Gusswerkstatt und bedient sich daf\u00fcr der Digitalisierung, verf\u00fcgt aber auch \u00fcber eine Produktionsst\u00e4tte (M2R) sowie \u00fcber Lackier- und Endfertigungsm\u00f6glichkeiten.<\/p>\n<p>Ihr Projekt kann komplett von A bis Z durchgef\u00fchrt werden \u2013 ein einziger Ansprechpartner, eine einzige Lieferfrist.<\/p>\n<p>\u00a0<\/p>\n<p>\u00a0<\/p>\n<p>[\/et_pb_text][et_pb_text global_module=&#8221;201&#8243; background_layout=&#8221;light&#8221; text_orientation=&#8221;left&#8221; use_border_color=&#8221;off&#8221; border_color=&#8221;#ffffff&#8221; border_style=&#8221;solid&#8221; saved_tabs=&#8221;all&#8221; background_position=&#8221;top_left&#8221; background_repeat=&#8221;repeat&#8221; background_size=&#8221;initial&#8221;]<\/p>\n<div class=\"printfriendly pf-button  pf-alignleft\">\n                    <a href=\"https:\/\/fonderie-mathieu.com\/de\/know-how\/?pfstyle=wp\" rel=\"nofollow\" onclick=\"\" title=\"Printer Friendly, PDF & Email\">\n                    <img decoding=\"async\" class=\"pf-button-img\" src=\"https:\/\/cdn.printfriendly.com\/buttons\/print-button-gray.png\" alt=\"Print Friendly, PDF & Email\" style=\"width: 66px;height: 24px;\"  \/>\n                    <\/a>\n                <\/div>\n<p>[\/et_pb_text][\/et_pb_column][et_pb_column type=&#8221;1_4&#8243;][et_pb_login title=&#8221;Einloggen&#8221; use_border_color=&#8221;off&#8221; button_text_size__hover_enabled=&#8221;off&#8221; button_text_size__hover=&#8221;null&#8221; button_one_text_size__hover_enabled=&#8221;off&#8221; button_one_text_size__hover=&#8221;null&#8221; button_two_text_size__hover_enabled=&#8221;off&#8221; button_two_text_size__hover=&#8221;null&#8221; button_text_color__hover_enabled=&#8221;off&#8221; button_text_color__hover=&#8221;null&#8221; button_one_text_color__hover_enabled=&#8221;off&#8221; button_one_text_color__hover=&#8221;null&#8221; button_two_text_color__hover_enabled=&#8221;off&#8221; button_two_text_color__hover=&#8221;null&#8221; button_border_width__hover_enabled=&#8221;off&#8221; button_border_width__hover=&#8221;null&#8221; button_one_border_width__hover_enabled=&#8221;off&#8221; button_one_border_width__hover=&#8221;null&#8221; button_two_border_width__hover_enabled=&#8221;off&#8221; button_two_border_width__hover=&#8221;null&#8221; button_border_color__hover_enabled=&#8221;off&#8221; button_border_color__hover=&#8221;null&#8221; button_one_border_color__hover_enabled=&#8221;off&#8221; button_one_border_color__hover=&#8221;null&#8221; button_two_border_color__hover_enabled=&#8221;off&#8221; button_two_border_color__hover=&#8221;null&#8221; button_border_radius__hover_enabled=&#8221;on&#8221; button_border_radius__hover=&#8221;0&#8243; button_one_border_radius__hover_enabled=&#8221;off&#8221; button_one_border_radius__hover=&#8221;null&#8221; button_two_border_radius__hover_enabled=&#8221;off&#8221; button_two_border_radius__hover=&#8221;null&#8221; button_letter_spacing__hover_enabled=&#8221;on&#8221; button_letter_spacing__hover=&#8221;0&#8243; button_one_letter_spacing__hover_enabled=&#8221;off&#8221; button_one_letter_spacing__hover=&#8221;null&#8221; button_two_letter_spacing__hover_enabled=&#8221;off&#8221; button_two_letter_spacing__hover=&#8221;null&#8221; button_bg_color__hover_enabled=&#8221;off&#8221; button_bg_color__hover=&#8221;null&#8221; button_one_bg_color__hover_enabled=&#8221;off&#8221; button_one_bg_color__hover=&#8221;null&#8221; button_two_bg_color__hover_enabled=&#8221;off&#8221; button_two_bg_color__hover=&#8221;null&#8221; _builder_version=&#8221;3.17.6&#8243; \/][et_pb_text use_border_color=&#8221;off&#8221; module_class=&#8221;bloc-contact&#8221; background_position=&#8221;top_left&#8221; background_repeat=&#8221;repeat&#8221; background_size=&#8221;initial&#8221; _builder_version=&#8221;3.17.6&#8243;]<\/p>\n<h4>Kontakt<\/h4>\n<ul>\n<li class=\"home\"><img loading=\"lazy\" decoding=\"async\" class=\"alignleft size-full wp-image-89\" src=\"https:\/\/fonderie-mathieu.com\/wp-content\/uploads\/2016\/05\/Adresse.png\" alt=\"Adresse\" width=\"22\" height=\"21\" \/>Fonderie Mathieu<br \/>24 route Demigny<br \/>71530 Champforgeuil<\/li>\n<li><img loading=\"lazy\" decoding=\"async\" class=\"alignleft size-full wp-image-105\" src=\"https:\/\/fonderie-mathieu.com\/wp-content\/uploads\/2016\/05\/Phone.png\" alt=\"Phone\" width=\"22\" height=\"21\" \/>+33 (0) 3 85 43 43 78<\/li>\n<li><img loading=\"lazy\" decoding=\"async\" class=\"alignleft size-full wp-image-96\" src=\"https:\/\/fonderie-mathieu.com\/wp-content\/uploads\/2016\/05\/FAX.png\" alt=\"FAX\" width=\"26\" height=\"21\" \/>+33 (0) 3 85 43 50 07<\/li>\n<li><img loading=\"lazy\" decoding=\"async\" class=\"alignleft size-full wp-image-91\" src=\"https:\/\/fonderie-mathieu.com\/wp-content\/uploads\/2016\/05\/email.png\" alt=\"email\" width=\"22\" height=\"21\" \/><a href=\"http:\/\/dhenrot@fonderie-mathieu.com\">dhenrot@fonderie-mathieu.com<\/a><\/li>\n<\/ul>\n<p>[\/et_pb_text][\/et_pb_column][\/et_pb_row][\/et_pb_section]<\/p>\n","protected":false},"excerpt":{"rendered":"<p>Know-how Die Gie\u00dferei Mathieu ist eine Sandgie\u00dferei und ist auf die Herstellung von kundenspezifischen Prototypen, Einzelteilen, kleine und mittelgro\u00dfe Serien spezialisiert.Die Gie\u00dferei Mathieu produziert Fertigteile mit einem Einzelgewicht von 0,100 bis 2.000 kg.Die Gie\u00dferei Mathieu verf\u00fcgt \u00fcber ein gro\u00dfes Know-how in der Herstellung von technischen und hydraulischen Teilen und Teilen mit starkem Kern.Die Gie\u00dferei Mathieu [&hellip;]<\/p>\n","protected":false},"author":1,"featured_media":0,"parent":0,"menu_order":0,"comment_status":"closed","ping_status":"closed","template":"","meta":{"_et_pb_use_builder":"on","_et_pb_old_content":"<p>[et_pb_section admin_label=\"section\"][et_pb_row admin_label=\"row\"][et_pb_column type=\"4_4\"][et_pb_text admin_label=\"Texte\" background_layout=\"light\" text_orientation=\"left\" use_border_color=\"off\" border_color=\"#ffffff\" border_style=\"solid\"]<\/p><h1>Savoir-faire<\/h1><p>[\/et_pb_text][\/et_pb_column][\/et_pb_row][et_pb_row admin_label=\"Ligne\"][et_pb_column type=\"3_4\"][et_pb_text admin_label=\"Texte\" background_layout=\"light\" text_orientation=\"left\" use_border_color=\"off\" border_color=\"#ffffff\" border_style=\"solid\"]<\/p><p>Fonderie Mathieu est une fonderie sable, sp\u00e9cialis\u00e9e dans la fabrication sur mesure de vos prototypes, pi\u00e8ces unitaires et petites comme moyennes s\u00e9ries.<\/p><p>Fonderie Mathieu r\u00e9alise des pi\u00e8ces d\u2019un poids unitaire de 0.100 \u00e0 2000 Kg.<\/p><p>Fonderie Mathieu a un grand savoir-faire dans la r\u00e9alisation de pi\u00e8ces techniques ; hydrauliques ; fortement noyaut\u00e9es.<\/p><p>Fonderie Mathieu \u00e9labore plus de <strong>80 nuances diff\u00e9rentes de fontes<\/strong> telles que :<\/p><ul><li><strong>les fontes lamellaires\u00a0:<\/strong> Tr\u00e8s bonne usinabilit\u00e9, amortissement aux vibrations, aux chocs thermiques et \u00e0 l\u2019oxydation \u00e0 chaud. Etanch\u00e9it\u00e9 excellente pour des applications hydrauliques.<\/li><li><strong>les fontes sph\u00e9ro\u00efdales :<\/strong> Tr\u00e8s bonnes r\u00e9sistances m\u00e9caniques, aux chocs et \u00e0 l\u2019usure par frottements. Bonne r\u00e9silience.<\/li><li><strong>les fontes vermiculaires :<\/strong> Excellente conductivit\u00e9 thermique et tenue aux chocs thermiques avec de tr\u00e8s faible d\u00e9formation. Tr\u00e8s stable.<\/li><li><strong>les fontes ADI (Austempered ductile iron)\u00a0:<\/strong> Tr\u00e8s hautes caract\u00e9ristiques m\u00e9caniques et r\u00e9sistance aux chocs, ainsi qu\u2019\u00e0 l\u2019usure par frottement.<\/li><li><strong>les fontes Ni-Hard :<\/strong> Tr\u00e8s bonne tenue \u00e0 l\u2019usure par abrasion et \u00e9rosion.<\/li><li><strong>les fontes Ni-Resist :<\/strong> Tr\u00e8s bonne tenue \u00e0 la corrosion, m\u00eame \u00e0 basse et haute temp\u00e9ratures.<\/li><li><strong>les fontes au chrome<\/strong> : Tr\u00e8s haute duret\u00e9 et r\u00e9sistance \u00e0 l\u2019oxydation, m\u00eame \u00e0 haute temp\u00e9rature.<\/li><li><strong>les fontes au silicium :<\/strong> Tr\u00e8s haute tenue \u00e0 la d\u00e9formation et r\u00e9sistance \u00e0 l\u2019oxydation \u00e0 hautes temp\u00e9ratures.<\/li><li><strong>les aciers :<\/strong> Plus de 120 nuances, via La Fonderie Charollaise.<\/li><\/ul><p>Fonderie Mathieu poss\u00e8de son propre atelier de modelage, avec des moyens de digitalisation ainsi que des possibilit\u00e9s d\u2019usinages, via M2R, de peintures et de finitions.<\/p><p>Un projet peut \u00eatre pilot\u00e9 enti\u00e8rement du d\u00e9but \u00e0 sa finalit\u00e9. Un seul interlocuteur et d\u00e9lai\u00a0!<\/p><p>\u00a0<\/p><p>[\/et_pb_text][et_pb_text admin_label=\"Texte\" global_module=\"201\" background_layout=\"light\" text_orientation=\"left\" use_border_color=\"off\" border_color=\"#ffffff\" border_style=\"solid\" saved_tabs=\"all\"]<\/p><p>[printfriendly]<\/p><p>[\/et_pb_text][\/et_pb_column][et_pb_column type=\"1_4\"][et_pb_login admin_label=\"Se connecter\" title=\"Se connecter\" current_page_redirect=\"off\" use_background_color=\"on\" background_color=\"#c65638\" background_layout=\"dark\" text_orientation=\"left\" use_focus_border_color=\"off\" use_border_color=\"off\" border_color=\"#ffffff\" border_style=\"solid\" custom_button=\"off\" button_border_width=\"0\" button_border_radius=\"0\" button_letter_spacing=\"0\" button_use_icon=\"default\" button_icon_placement=\"right\" button_on_hover=\"on\" button_border_radius_hover=\"0\" button_letter_spacing_hover=\"0\"]<br \/>[\/et_pb_login][et_pb_text admin_label=\"Texte\" background_layout=\"light\" text_orientation=\"left\" use_border_color=\"off\" border_color=\"#ffffff\" border_style=\"solid\" module_class=\"bloc-contact\"]<\/p><h4>Contact<\/h4><ul><li class=\"home\"><img class=\"alignleft size-full wp-image-89\" src=\"https:\/\/fonderie-mathieu.com\/wp-content\/uploads\/2016\/05\/Adresse.png\" alt=\"Adresse\" width=\"22\" height=\"21\" \/>Fonderie Mathieu<br \/>24 route Demigny<br \/>71530 Champforgeuil<\/li><li><img class=\"alignleft size-full wp-image-105\" src=\"https:\/\/fonderie-mathieu.com\/wp-content\/uploads\/2016\/05\/Phone.png\" alt=\"Phone\" width=\"22\" height=\"21\" \/>+33 (0) 3 85 43 43 78<\/li><li><img class=\"alignleft size-full wp-image-96\" src=\"https:\/\/fonderie-mathieu.com\/wp-content\/uploads\/2016\/05\/FAX.png\" alt=\"FAX\" width=\"26\" height=\"21\" \/>+33 (0) 3 85 43 50 07<\/li><li><img class=\"alignleft size-full wp-image-91\" src=\"https:\/\/fonderie-mathieu.com\/wp-content\/uploads\/2016\/05\/email.png\" alt=\"email\" width=\"22\" height=\"21\" \/><a href=\"http:\/\/dhenrot@fonderie-mathieu.com\">dhenrot@fonderie-mathieu.com<\/a><\/li><\/ul><p>[\/et_pb_text][\/et_pb_column][\/et_pb_row][\/et_pb_section]<\/p>","_et_gb_content_width":"","footnotes":""},"class_list":["post-570","page","type-page","status-publish","hentry"],"yoast_head":"<!-- This site is optimized with the Yoast SEO plugin v27.2 - https:\/\/yoast.com\/product\/yoast-seo-wordpress\/ -->\n<title>Know-how - Fonderie de Fontes et d\u2019aciers<\/title>\n<meta name=\"robots\" content=\"index, follow, max-snippet:-1, max-image-preview:large, max-video-preview:-1\" \/>\n<link rel=\"canonical\" href=\"https:\/\/fonderie-mathieu.com\/savoir-faire\/\" \/>\n<meta property=\"og:locale\" content=\"de_DE\" \/>\n<meta property=\"og:type\" content=\"article\" \/>\n<meta property=\"og:title\" content=\"Know-how - Fonderie de Fontes et d\u2019aciers\" \/>\n<meta property=\"og:description\" content=\"Know-how Die Gie\u00dferei Mathieu ist eine Sandgie\u00dferei und ist auf die Herstellung von kundenspezifischen Prototypen, Einzelteilen, kleine und mittelgro\u00dfe Serien spezialisiert.Die Gie\u00dferei Mathieu produziert Fertigteile mit einem Einzelgewicht von 0,100 bis 2.000 kg.Die Gie\u00dferei Mathieu verf\u00fcgt \u00fcber ein gro\u00dfes Know-how in der Herstellung von technischen und hydraulischen Teilen und Teilen mit starkem Kern.Die Gie\u00dferei Mathieu [&hellip;]\" \/>\n<meta property=\"og:url\" content=\"https:\/\/fonderie-mathieu.com\/savoir-faire\/\" \/>\n<meta property=\"og:site_name\" content=\"Fonderie de Fontes et d\u2019aciers\" \/>\n<meta property=\"article:modified_time\" content=\"2018-11-12T09:41:09+00:00\" \/>\n<meta property=\"og:image\" content=\"https:\/\/fonderie-mathieu.com\/wp-content\/uploads\/2016\/05\/Adresse.png\" \/>\n<meta name=\"twitter:card\" content=\"summary_large_image\" \/>\n<meta name=\"twitter:label1\" content=\"Gesch\u00e4tzte Lesezeit\" \/>\n\t<meta name=\"twitter:data1\" content=\"4 minutes\" \/>\n<script type=\"application\/ld+json\" class=\"yoast-schema-graph\">{\"@context\":\"https:\/\/schema.org\",\"@graph\":[{\"@type\":\"WebPage\",\"@id\":\"https:\/\/fonderie-mathieu.com\/savoir-faire\/\",\"url\":\"https:\/\/fonderie-mathieu.com\/savoir-faire\/\",\"name\":\"Know-how - Fonderie de Fontes et d\u2019aciers\",\"isPartOf\":{\"@id\":\"https:\/\/fonderie-mathieu.com\/#website\"},\"primaryImageOfPage\":{\"@id\":\"https:\/\/fonderie-mathieu.com\/savoir-faire\/#primaryimage\"},\"image\":{\"@id\":\"https:\/\/fonderie-mathieu.com\/savoir-faire\/#primaryimage\"},\"thumbnailUrl\":\"https:\/\/fonderie-mathieu.com\/wp-content\/uploads\/2016\/05\/Adresse.png\",\"datePublished\":\"2018-11-12T09:24:10+00:00\",\"dateModified\":\"2018-11-12T09:41:09+00:00\",\"breadcrumb\":{\"@id\":\"https:\/\/fonderie-mathieu.com\/savoir-faire\/#breadcrumb\"},\"inLanguage\":\"de-DE\",\"potentialAction\":[{\"@type\":\"ReadAction\",\"target\":[\"https:\/\/fonderie-mathieu.com\/savoir-faire\/\"]}]},{\"@type\":\"ImageObject\",\"inLanguage\":\"de-DE\",\"@id\":\"https:\/\/fonderie-mathieu.com\/savoir-faire\/#primaryimage\",\"url\":\"https:\/\/fonderie-mathieu.com\/wp-content\/uploads\/2016\/05\/Adresse.png\",\"contentUrl\":\"https:\/\/fonderie-mathieu.com\/wp-content\/uploads\/2016\/05\/Adresse.png\"},{\"@type\":\"BreadcrumbList\",\"@id\":\"https:\/\/fonderie-mathieu.com\/savoir-faire\/#breadcrumb\",\"itemListElement\":[{\"@type\":\"ListItem\",\"position\":1,\"name\":\"Accueil\",\"item\":\"https:\/\/fonderie-mathieu.com\/de\/\"},{\"@type\":\"ListItem\",\"position\":2,\"name\":\"Know-how\"}]},{\"@type\":\"WebSite\",\"@id\":\"https:\/\/fonderie-mathieu.com\/#website\",\"url\":\"https:\/\/fonderie-mathieu.com\/\",\"name\":\"Fonderie de Fontes et d\u2019aciers\",\"description\":\" Fachgesch\u00e4ft: Eisen- und Stahlguss\",\"potentialAction\":[{\"@type\":\"SearchAction\",\"target\":{\"@type\":\"EntryPoint\",\"urlTemplate\":\"https:\/\/fonderie-mathieu.com\/?s={search_term_string}\"},\"query-input\":{\"@type\":\"PropertyValueSpecification\",\"valueRequired\":true,\"valueName\":\"search_term_string\"}}],\"inLanguage\":\"de-DE\"}]}<\/script>\n<!-- \/ Yoast SEO plugin. -->","yoast_head_json":{"title":"Know-how - Fonderie de Fontes et d\u2019aciers","robots":{"index":"index","follow":"follow","max-snippet":"max-snippet:-1","max-image-preview":"max-image-preview:large","max-video-preview":"max-video-preview:-1"},"canonical":"https:\/\/fonderie-mathieu.com\/savoir-faire\/","og_locale":"de_DE","og_type":"article","og_title":"Know-how - Fonderie de Fontes et d\u2019aciers","og_description":"Know-how Die Gie\u00dferei Mathieu ist eine Sandgie\u00dferei und ist auf die Herstellung von kundenspezifischen Prototypen, Einzelteilen, kleine und mittelgro\u00dfe Serien spezialisiert.Die Gie\u00dferei Mathieu produziert Fertigteile mit einem Einzelgewicht von 0,100 bis 2.000 kg.Die Gie\u00dferei Mathieu verf\u00fcgt \u00fcber ein gro\u00dfes Know-how in der Herstellung von technischen und hydraulischen Teilen und Teilen mit starkem Kern.Die Gie\u00dferei Mathieu [&hellip;]","og_url":"https:\/\/fonderie-mathieu.com\/savoir-faire\/","og_site_name":"Fonderie de Fontes et d\u2019aciers","article_modified_time":"2018-11-12T09:41:09+00:00","og_image":[{"url":"https:\/\/fonderie-mathieu.com\/wp-content\/uploads\/2016\/05\/Adresse.png","type":"","width":"","height":""}],"twitter_card":"summary_large_image","twitter_misc":{"Gesch\u00e4tzte Lesezeit":"4 minutes"},"schema":{"@context":"https:\/\/schema.org","@graph":[{"@type":"WebPage","@id":"https:\/\/fonderie-mathieu.com\/savoir-faire\/","url":"https:\/\/fonderie-mathieu.com\/savoir-faire\/","name":"Know-how - Fonderie de Fontes et d\u2019aciers","isPartOf":{"@id":"https:\/\/fonderie-mathieu.com\/#website"},"primaryImageOfPage":{"@id":"https:\/\/fonderie-mathieu.com\/savoir-faire\/#primaryimage"},"image":{"@id":"https:\/\/fonderie-mathieu.com\/savoir-faire\/#primaryimage"},"thumbnailUrl":"https:\/\/fonderie-mathieu.com\/wp-content\/uploads\/2016\/05\/Adresse.png","datePublished":"2018-11-12T09:24:10+00:00","dateModified":"2018-11-12T09:41:09+00:00","breadcrumb":{"@id":"https:\/\/fonderie-mathieu.com\/savoir-faire\/#breadcrumb"},"inLanguage":"de-DE","potentialAction":[{"@type":"ReadAction","target":["https:\/\/fonderie-mathieu.com\/savoir-faire\/"]}]},{"@type":"ImageObject","inLanguage":"de-DE","@id":"https:\/\/fonderie-mathieu.com\/savoir-faire\/#primaryimage","url":"https:\/\/fonderie-mathieu.com\/wp-content\/uploads\/2016\/05\/Adresse.png","contentUrl":"https:\/\/fonderie-mathieu.com\/wp-content\/uploads\/2016\/05\/Adresse.png"},{"@type":"BreadcrumbList","@id":"https:\/\/fonderie-mathieu.com\/savoir-faire\/#breadcrumb","itemListElement":[{"@type":"ListItem","position":1,"name":"Accueil","item":"https:\/\/fonderie-mathieu.com\/de\/"},{"@type":"ListItem","position":2,"name":"Know-how"}]},{"@type":"WebSite","@id":"https:\/\/fonderie-mathieu.com\/#website","url":"https:\/\/fonderie-mathieu.com\/","name":"Fonderie de Fontes et d\u2019aciers","description":" Fachgesch\u00e4ft: Eisen- und Stahlguss","potentialAction":[{"@type":"SearchAction","target":{"@type":"EntryPoint","urlTemplate":"https:\/\/fonderie-mathieu.com\/?s={search_term_string}"},"query-input":{"@type":"PropertyValueSpecification","valueRequired":true,"valueName":"search_term_string"}}],"inLanguage":"de-DE"}]}},"_links":{"self":[{"href":"https:\/\/fonderie-mathieu.com\/de\/wp-json\/wp\/v2\/pages\/570","targetHints":{"allow":["GET"]}}],"collection":[{"href":"https:\/\/fonderie-mathieu.com\/de\/wp-json\/wp\/v2\/pages"}],"about":[{"href":"https:\/\/fonderie-mathieu.com\/de\/wp-json\/wp\/v2\/types\/page"}],"author":[{"embeddable":true,"href":"https:\/\/fonderie-mathieu.com\/de\/wp-json\/wp\/v2\/users\/1"}],"replies":[{"embeddable":true,"href":"https:\/\/fonderie-mathieu.com\/de\/wp-json\/wp\/v2\/comments?post=570"}],"version-history":[{"count":3,"href":"https:\/\/fonderie-mathieu.com\/de\/wp-json\/wp\/v2\/pages\/570\/revisions"}],"predecessor-version":[{"id":580,"href":"https:\/\/fonderie-mathieu.com\/de\/wp-json\/wp\/v2\/pages\/570\/revisions\/580"}],"wp:attachment":[{"href":"https:\/\/fonderie-mathieu.com\/de\/wp-json\/wp\/v2\/media?parent=570"}],"curies":[{"name":"wp","href":"https:\/\/api.w.org\/{rel}","templated":true}]}}