{"id":571,"date":"2018-11-12T10:24:19","date_gmt":"2018-11-12T09:24:19","guid":{"rendered":"http:\/\/fonderie-mathieu.com\/?page_id=571"},"modified":"2018-11-12T10:37:01","modified_gmt":"2018-11-12T09:37:01","slug":"firma","status":"publish","type":"page","link":"https:\/\/fonderie-mathieu.com\/de\/firma\/","title":{"rendered":"Firma"},"content":{"rendered":"<p>[et_pb_section bb_built=&#8221;1&#8243; admin_label=&#8221;section&#8221;][et_pb_row admin_label=&#8221;row&#8221; background_position=&#8221;top_left&#8221; background_repeat=&#8221;repeat&#8221; background_size=&#8221;initial&#8221;][et_pb_column type=&#8221;4_4&#8243;][et_pb_text background_layout=&#8221;light&#8221; text_orientation=&#8221;left&#8221; use_border_color=&#8221;off&#8221; border_color=&#8221;#ffffff&#8221; border_style=&#8221;solid&#8221; background_position=&#8221;top_left&#8221; background_repeat=&#8221;repeat&#8221; background_size=&#8221;initial&#8221;]<\/p>\n<h1>Firma<\/h1>\n<p>[\/et_pb_text][\/et_pb_column][\/et_pb_row][et_pb_row background_position=&#8221;top_left&#8221; background_repeat=&#8221;repeat&#8221; background_size=&#8221;initial&#8221;][et_pb_column type=&#8221;3_4&#8243;][et_pb_text background_layout=&#8221;light&#8221; text_orientation=&#8221;left&#8221; use_border_color=&#8221;off&#8221; border_color=&#8221;#ffffff&#8221; border_style=&#8221;solid&#8221; background_position=&#8221;top_left&#8221; background_repeat=&#8221;repeat&#8221; background_size=&#8221;initial&#8221;]<\/p>\n<div id=\"attachment_108\" style=\"width: 310px\" class=\"wp-caption alignright\"><img loading=\"lazy\" decoding=\"async\" aria-describedby=\"caption-attachment-108\" class=\"size-medium wp-image-108\" src=\"https:\/\/fonderie-mathieu.com\/wp-content\/uploads\/2016\/05\/Societe-e1462275604259-300x234.jpg\" alt=\"La soci\u00e9t\u00e9\" width=\"300\" height=\"234\" srcset=\"https:\/\/fonderie-mathieu.com\/wp-content\/uploads\/2016\/05\/Societe-e1462275604259-300x234.jpg 300w, https:\/\/fonderie-mathieu.com\/wp-content\/uploads\/2016\/05\/Societe-e1462275604259.jpg 549w\" sizes=\"(max-width: 300px) 100vw, 300px\" \/><p id=\"caption-attachment-108\" class=\"wp-caption-text\">Fonderie Mathieu<\/p><\/div>\n<p>Die Gie\u00dferei Mathieu wurde im Jahr 1906 in der Region Burgund (Frankreich) gegr\u00fcndet. Der Sitz lag damals rund 150\u00a0km n\u00f6rdlich von Lyon und 60\u00a0km s\u00fcdlich von Dijon. Im Jahr1984 verlegte die Firma ihren Sitz ins Zentrum von Chalon-sur-Sa\u00f4ne und zog in ein modernes Geb\u00e4ude in der Industriezone von Champforgeuil. Die Firma war damals prim\u00e4r auf dem Markt der Holzverarbeitungsmaschinen f\u00fcr Kunden aus dem Juragebiet t\u00e4tig.<\/p>\n<p>Die Gie\u00dferei Mathieu entschied sich dazu, die neuen Geb\u00e4ude nicht komplett mit mechanisierten Formanlagen auszustatten, sondern ihr Know-how in Sachen Handformerei von Teilen mit starken Kernen zu privilegieren.<\/p>\n<p>Die Gie\u00dferei Mathieu hat seither ihren Fabrikationsprozess weiterentwickelt. Prozesse wie das Schmelzen in Kupol\u00f6fen und das Gr\u00fcnsandformen kommen nicht mehr zum Einsatz, stattdessen werden moderne Techniken verwendet: Elektrische \u00d6fen und halbautomatische Gie\u00dfeinheiten mit chemischer Umwandlung wurden angeschafft.<\/p>\n<p>Im Jahr 2013 wurde die Gie\u00dferei Mathieu von der Gie\u00dferei Charollaise \u00fcbernommen.<\/p>\n<p>Beide Produktionsst\u00e4ttensind auf einen Teil der Metallindustrie spezialisiert: eine auf Gusseisen, die andere auf Stahl.<\/p>\n<p>Die Gie\u00dferei Mathieu ist zertifiziert gem\u00e4\u00df ISO 9001: V2008 und DNV. Ein Service, der lange w\u00e4hrt.<\/p>\n<p>[\/et_pb_text][et_pb_text global_module=&#8221;201&#8243; background_layout=&#8221;light&#8221; text_orientation=&#8221;left&#8221; use_border_color=&#8221;off&#8221; border_color=&#8221;#ffffff&#8221; border_style=&#8221;solid&#8221; saved_tabs=&#8221;all&#8221; background_position=&#8221;top_left&#8221; background_repeat=&#8221;repeat&#8221; background_size=&#8221;initial&#8221;]<\/p>\n<div class=\"printfriendly pf-button  pf-alignleft\">\n                    <a href=\"https:\/\/fonderie-mathieu.com\/de\/firma\/?pfstyle=wp\" rel=\"nofollow\" onclick=\"\" title=\"Printer Friendly, PDF & Email\">\n                    <img decoding=\"async\" class=\"pf-button-img\" src=\"https:\/\/cdn.printfriendly.com\/buttons\/print-button-gray.png\" alt=\"Print Friendly, PDF & Email\" style=\"width: 66px;height: 24px;\"  \/>\n                    <\/a>\n                <\/div>\n<p>[\/et_pb_text][\/et_pb_column][et_pb_column type=&#8221;1_4&#8243;][et_pb_login title=&#8221;Einloggen&#8221; use_border_color=&#8221;off&#8221; button_text_size__hover_enabled=&#8221;off&#8221; button_text_size__hover=&#8221;null&#8221; button_one_text_size__hover_enabled=&#8221;off&#8221; button_one_text_size__hover=&#8221;null&#8221; button_two_text_size__hover_enabled=&#8221;off&#8221; button_two_text_size__hover=&#8221;null&#8221; button_text_color__hover_enabled=&#8221;off&#8221; button_text_color__hover=&#8221;null&#8221; button_one_text_color__hover_enabled=&#8221;off&#8221; button_one_text_color__hover=&#8221;null&#8221; button_two_text_color__hover_enabled=&#8221;off&#8221; button_two_text_color__hover=&#8221;null&#8221; button_border_width__hover_enabled=&#8221;off&#8221; button_border_width__hover=&#8221;null&#8221; button_one_border_width__hover_enabled=&#8221;off&#8221; button_one_border_width__hover=&#8221;null&#8221; button_two_border_width__hover_enabled=&#8221;off&#8221; button_two_border_width__hover=&#8221;null&#8221; button_border_color__hover_enabled=&#8221;off&#8221; button_border_color__hover=&#8221;null&#8221; button_one_border_color__hover_enabled=&#8221;off&#8221; button_one_border_color__hover=&#8221;null&#8221; button_two_border_color__hover_enabled=&#8221;off&#8221; button_two_border_color__hover=&#8221;null&#8221; button_border_radius__hover_enabled=&#8221;on&#8221; button_border_radius__hover=&#8221;0&#8243; button_one_border_radius__hover_enabled=&#8221;off&#8221; button_one_border_radius__hover=&#8221;null&#8221; button_two_border_radius__hover_enabled=&#8221;off&#8221; button_two_border_radius__hover=&#8221;null&#8221; button_letter_spacing__hover_enabled=&#8221;on&#8221; button_letter_spacing__hover=&#8221;0&#8243; button_one_letter_spacing__hover_enabled=&#8221;off&#8221; button_one_letter_spacing__hover=&#8221;null&#8221; button_two_letter_spacing__hover_enabled=&#8221;off&#8221; button_two_letter_spacing__hover=&#8221;null&#8221; button_bg_color__hover_enabled=&#8221;off&#8221; button_bg_color__hover=&#8221;null&#8221; button_one_bg_color__hover_enabled=&#8221;off&#8221; button_one_bg_color__hover=&#8221;null&#8221; button_two_bg_color__hover_enabled=&#8221;off&#8221; button_two_bg_color__hover=&#8221;null&#8221; _builder_version=&#8221;3.17.6&#8243; \/][et_pb_text background_layout=&#8221;light&#8221; text_orientation=&#8221;left&#8221; use_border_color=&#8221;off&#8221; border_color=&#8221;#ffffff&#8221; border_style=&#8221;solid&#8221; module_class=&#8221;bloc-contact&#8221; background_position=&#8221;top_left&#8221; background_repeat=&#8221;repeat&#8221; background_size=&#8221;initial&#8221;]<\/p>\n<h4>Kontakt<\/h4>\n<ul>\n<li class=\"home\"><img loading=\"lazy\" decoding=\"async\" class=\"alignleft size-full wp-image-89\" src=\"https:\/\/fonderie-mathieu.com\/wp-content\/uploads\/2016\/05\/Adresse.png\" alt=\"Adresse\" width=\"22\" height=\"21\" \/>Fonderie Mathieu<br \/>\n24 route Demigny<br \/>\n71530 Champforgeuil<\/li>\n<li><img loading=\"lazy\" decoding=\"async\" class=\"alignleft size-full wp-image-105\" src=\"https:\/\/fonderie-mathieu.com\/wp-content\/uploads\/2016\/05\/Phone.png\" alt=\"Phone\" width=\"22\" height=\"21\" \/>+33 (0) 3 85 43 43 78<\/li>\n<li><img loading=\"lazy\" decoding=\"async\" class=\"alignleft size-full wp-image-96\" src=\"https:\/\/fonderie-mathieu.com\/wp-content\/uploads\/2016\/05\/FAX.png\" alt=\"FAX\" width=\"26\" height=\"21\" \/>+33 (0) 3 85 43 50 07<\/li>\n<li><img loading=\"lazy\" decoding=\"async\" class=\"alignleft size-full wp-image-91\" src=\"https:\/\/fonderie-mathieu.com\/wp-content\/uploads\/2016\/05\/email.png\" alt=\"email\" width=\"22\" height=\"21\" \/><a href=\"mailto:dhenrot@fonderie-mathieu.com\">dhenrot@fonderie-mathieu.com<\/a><\/li>\n<\/ul>\n<p>[\/et_pb_text][\/et_pb_column][\/et_pb_row][\/et_pb_section]<\/p>\n","protected":false},"excerpt":{"rendered":"<p>Firma Die Gie\u00dferei Mathieu wurde im Jahr 1906 in der Region Burgund (Frankreich) gegr\u00fcndet. Der Sitz lag damals rund 150\u00a0km n\u00f6rdlich von Lyon und 60\u00a0km s\u00fcdlich von Dijon. Im Jahr1984 verlegte die Firma ihren Sitz ins Zentrum von Chalon-sur-Sa\u00f4ne und zog in ein modernes Geb\u00e4ude in der Industriezone von Champforgeuil. Die Firma war damals prim\u00e4r [&hellip;]<\/p>\n","protected":false},"author":1,"featured_media":0,"parent":0,"menu_order":0,"comment_status":"closed","ping_status":"closed","template":"","meta":{"_et_pb_use_builder":"on","_et_pb_old_content":"<p>[et_pb_section admin_label=\"section\"][et_pb_row admin_label=\"row\"][et_pb_column type=\"4_4\"][et_pb_text admin_label=\"Texte\" background_layout=\"light\" text_orientation=\"left\" use_border_color=\"off\" border_color=\"#ffffff\" border_style=\"solid\"]<\/p><h1>Soci\u00e9t\u00e9<\/h1><p>[\/et_pb_text][\/et_pb_column][\/et_pb_row][et_pb_row admin_label=\"Ligne\"][et_pb_column type=\"3_4\"][et_pb_text admin_label=\"Texte\" background_layout=\"light\" text_orientation=\"left\" use_border_color=\"off\" border_color=\"#ffffff\" border_style=\"solid\"]<\/p><p style=\"text-align: justify;\">Fonderie Mathieu a \u00e9t\u00e9 cr\u00e9\u00e9e en 1906, en Bourgogne, \u00e0 150 Kms au nord de Lyon et 60 Kms au sud de Dijon. C\u2019est en<\/p>[caption id=\"attachment_108\" align=\"alignright\" width=\"300\"]<img class=\"size-medium wp-image-108\" src=\"https:\/\/fonderie-mathieu.com\/wp-content\/uploads\/2016\/05\/Societe-e1462275604259-300x234.jpg\" alt=\"La soci\u00e9t\u00e9\" width=\"300\" height=\"234\" \/> Fonderie Mathieu[\/caption]<p style=\"text-align: justify;\">1984 qu\u2019elle d\u00e9m\u00e9nage du centre de Chalon sur Sa\u00f4ne afin de prendre place dans des locaux modernes en Zone Industrielle de Champforgeuil. Son principal march\u00e9 \u00e9tait \u00e0 ce moment-l\u00e0 celui de la machine \u00e0 bois pour des clients Jurassien.<\/p><p style=\"text-align: justify;\">Dans ces nouveaux locaux, Fonderie Mathieu avait d\u00e9cid\u00e9 de ne pas installer un chantier enti\u00e8rement m\u00e9canis\u00e9, privil\u00e9giant son savoir-faire en moulage main de pi\u00e8ces fortement noyaut\u00e9es.<\/p><p style=\"text-align: justify;\">Fonderie Mathieu avait cependant fait \u00e9voluer son process de fabrication, d\u00e9laissant la fusion au cubilot et le moulage \u00e0 vert pour adopter des techniques modernes. Ainsi l\u2019investissement dans des fours \u00e9lectriques et des chantiers de moulage en semi-automatique en prise chimique avait \u00e9t\u00e9 effectu\u00e9.<\/p><p style=\"text-align: justify;\">En 2013, Fonderie Mathieu a \u00e9t\u00e9 reprise par le dirigeant de La Fonderie Charollaise.<\/p><p style=\"text-align: justify;\">Chacune des unit\u00e9s s\u2019est sp\u00e9cialis\u00e9e selon la m\u00e9tallurgie \u00e9labor\u00e9e. La fonte ou l\u2019acier.<br \/>Fonderie Mathieu est certifi\u00e9e ISO 9001 V2008 et DNV. Un service qui s\u2019inscrit dans la dur\u00e9e.<\/p><p>[\/et_pb_text][et_pb_text admin_label=\"Texte\" global_module=\"201\" background_layout=\"light\" text_orientation=\"left\" use_border_color=\"off\" border_color=\"#ffffff\" border_style=\"solid\" saved_tabs=\"all\"] [printfriendly] [\/et_pb_text][\/et_pb_column][et_pb_column type=\"1_4\"][et_pb_login admin_label=\"Se connecter\" title=\"Se connecter\" current_page_redirect=\"off\" use_background_color=\"on\" background_color=\"#c65638\" background_layout=\"dark\" text_orientation=\"left\" use_focus_border_color=\"off\" use_border_color=\"off\" border_color=\"#ffffff\" border_style=\"solid\" custom_button=\"off\" button_border_width=\"0\" button_border_radius=\"0\" button_letter_spacing=\"0\" button_use_icon=\"default\" button_icon_placement=\"right\" button_on_hover=\"on\" button_border_radius_hover=\"0\" button_letter_spacing_hover=\"0\"] [\/et_pb_login][et_pb_text admin_label=\"Texte\" background_layout=\"light\" text_orientation=\"left\" use_border_color=\"off\" border_color=\"#ffffff\" border_style=\"solid\" module_class=\"bloc-contact\"]<\/p><h4>Contact<\/h4><ul><li class=\"home\"><img class=\"alignleft size-full wp-image-89\" src=\"https:\/\/fonderie-mathieu.com\/wp-content\/uploads\/2016\/05\/Adresse.png\" alt=\"Adresse\" width=\"22\" height=\"21\" \/>Fonderie Mathieu<br \/>24 route Demigny<br \/>71530 Champforgeuil<\/li><li><img class=\"alignleft size-full wp-image-105\" src=\"https:\/\/fonderie-mathieu.com\/wp-content\/uploads\/2016\/05\/Phone.png\" alt=\"Phone\" width=\"22\" height=\"21\" \/>+33 (0) 3 85 43 43 78<\/li><li><img class=\"alignleft size-full wp-image-96\" src=\"https:\/\/fonderie-mathieu.com\/wp-content\/uploads\/2016\/05\/FAX.png\" alt=\"FAX\" width=\"26\" height=\"21\" \/>+33 (0) 3 85 43 50 07<\/li><li><img class=\"alignleft size-full wp-image-91\" src=\"https:\/\/fonderie-mathieu.com\/wp-content\/uploads\/2016\/05\/email.png\" alt=\"email\" width=\"22\" height=\"21\" \/><a href=\"mailto:dhenrot@fonderie-mathieu.com\">dhenrot@fonderie-mathieu.com<\/a><\/li><\/ul><p>[\/et_pb_text][\/et_pb_column][\/et_pb_row][\/et_pb_section]<\/p>","_et_gb_content_width":"","footnotes":""},"class_list":["post-571","page","type-page","status-publish","hentry"],"yoast_head":"<!-- This site is optimized with the Yoast SEO plugin v27.2 - https:\/\/yoast.com\/product\/yoast-seo-wordpress\/ -->\n<title>Firma - Fonderie de Fontes et d\u2019aciers<\/title>\n<meta name=\"robots\" content=\"index, follow, max-snippet:-1, max-image-preview:large, max-video-preview:-1\" \/>\n<link rel=\"canonical\" href=\"https:\/\/fonderie-mathieu.com\/societe\/\" \/>\n<meta property=\"og:locale\" content=\"de_DE\" \/>\n<meta property=\"og:type\" content=\"article\" \/>\n<meta property=\"og:title\" content=\"Firma - Fonderie de Fontes et d\u2019aciers\" \/>\n<meta property=\"og:description\" content=\"Firma Die Gie\u00dferei Mathieu wurde im Jahr 1906 in der Region Burgund (Frankreich) gegr\u00fcndet. Der Sitz lag damals rund 150\u00a0km n\u00f6rdlich von Lyon und 60\u00a0km s\u00fcdlich von Dijon. Im Jahr1984 verlegte die Firma ihren Sitz ins Zentrum von Chalon-sur-Sa\u00f4ne und zog in ein modernes Geb\u00e4ude in der Industriezone von Champforgeuil. Die Firma war damals prim\u00e4r [&hellip;]\" \/>\n<meta property=\"og:url\" content=\"https:\/\/fonderie-mathieu.com\/societe\/\" \/>\n<meta property=\"og:site_name\" content=\"Fonderie de Fontes et d\u2019aciers\" \/>\n<meta property=\"article:modified_time\" content=\"2018-11-12T09:37:01+00:00\" \/>\n<meta property=\"og:image\" content=\"https:\/\/fonderie-mathieu.com\/wp-content\/uploads\/2016\/05\/Societe-e1462275604259.jpg\" \/>\n\t<meta property=\"og:image:width\" content=\"549\" \/>\n\t<meta property=\"og:image:height\" content=\"428\" \/>\n\t<meta property=\"og:image:type\" content=\"image\/jpeg\" \/>\n<meta name=\"twitter:card\" content=\"summary_large_image\" \/>\n<meta name=\"twitter:label1\" content=\"Gesch\u00e4tzte Lesezeit\" \/>\n\t<meta name=\"twitter:data1\" content=\"3 minutes\" \/>\n<script type=\"application\/ld+json\" class=\"yoast-schema-graph\">{\"@context\":\"https:\/\/schema.org\",\"@graph\":[{\"@type\":\"WebPage\",\"@id\":\"https:\/\/fonderie-mathieu.com\/societe\/\",\"url\":\"https:\/\/fonderie-mathieu.com\/societe\/\",\"name\":\"Firma - Fonderie de Fontes et d\u2019aciers\",\"isPartOf\":{\"@id\":\"https:\/\/fonderie-mathieu.com\/#website\"},\"primaryImageOfPage\":{\"@id\":\"https:\/\/fonderie-mathieu.com\/societe\/#primaryimage\"},\"image\":{\"@id\":\"https:\/\/fonderie-mathieu.com\/societe\/#primaryimage\"},\"thumbnailUrl\":\"https:\/\/fonderie-mathieu.com\/wp-content\/uploads\/2016\/05\/Societe-e1462275604259-300x234.jpg\",\"datePublished\":\"2018-11-12T09:24:19+00:00\",\"dateModified\":\"2018-11-12T09:37:01+00:00\",\"breadcrumb\":{\"@id\":\"https:\/\/fonderie-mathieu.com\/societe\/#breadcrumb\"},\"inLanguage\":\"de-DE\",\"potentialAction\":[{\"@type\":\"ReadAction\",\"target\":[\"https:\/\/fonderie-mathieu.com\/societe\/\"]}]},{\"@type\":\"ImageObject\",\"inLanguage\":\"de-DE\",\"@id\":\"https:\/\/fonderie-mathieu.com\/societe\/#primaryimage\",\"url\":\"https:\/\/fonderie-mathieu.com\/wp-content\/uploads\/2016\/05\/Societe-e1462275604259-300x234.jpg\",\"contentUrl\":\"https:\/\/fonderie-mathieu.com\/wp-content\/uploads\/2016\/05\/Societe-e1462275604259-300x234.jpg\"},{\"@type\":\"BreadcrumbList\",\"@id\":\"https:\/\/fonderie-mathieu.com\/societe\/#breadcrumb\",\"itemListElement\":[{\"@type\":\"ListItem\",\"position\":1,\"name\":\"Accueil\",\"item\":\"https:\/\/fonderie-mathieu.com\/de\/\"},{\"@type\":\"ListItem\",\"position\":2,\"name\":\"Firma\"}]},{\"@type\":\"WebSite\",\"@id\":\"https:\/\/fonderie-mathieu.com\/#website\",\"url\":\"https:\/\/fonderie-mathieu.com\/\",\"name\":\"Fonderie de Fontes et d\u2019aciers\",\"description\":\" Fachgesch\u00e4ft: Eisen- und Stahlguss\",\"potentialAction\":[{\"@type\":\"SearchAction\",\"target\":{\"@type\":\"EntryPoint\",\"urlTemplate\":\"https:\/\/fonderie-mathieu.com\/?s={search_term_string}\"},\"query-input\":{\"@type\":\"PropertyValueSpecification\",\"valueRequired\":true,\"valueName\":\"search_term_string\"}}],\"inLanguage\":\"de-DE\"}]}<\/script>\n<!-- \/ Yoast SEO plugin. -->","yoast_head_json":{"title":"Firma - Fonderie de Fontes et d\u2019aciers","robots":{"index":"index","follow":"follow","max-snippet":"max-snippet:-1","max-image-preview":"max-image-preview:large","max-video-preview":"max-video-preview:-1"},"canonical":"https:\/\/fonderie-mathieu.com\/societe\/","og_locale":"de_DE","og_type":"article","og_title":"Firma - Fonderie de Fontes et d\u2019aciers","og_description":"Firma Die Gie\u00dferei Mathieu wurde im Jahr 1906 in der Region Burgund (Frankreich) gegr\u00fcndet. Der Sitz lag damals rund 150\u00a0km n\u00f6rdlich von Lyon und 60\u00a0km s\u00fcdlich von Dijon. Im Jahr1984 verlegte die Firma ihren Sitz ins Zentrum von Chalon-sur-Sa\u00f4ne und zog in ein modernes Geb\u00e4ude in der Industriezone von Champforgeuil. Die Firma war damals prim\u00e4r [&hellip;]","og_url":"https:\/\/fonderie-mathieu.com\/societe\/","og_site_name":"Fonderie de Fontes et d\u2019aciers","article_modified_time":"2018-11-12T09:37:01+00:00","og_image":[{"width":549,"height":428,"url":"https:\/\/fonderie-mathieu.com\/wp-content\/uploads\/2016\/05\/Societe-e1462275604259.jpg","type":"image\/jpeg"}],"twitter_card":"summary_large_image","twitter_misc":{"Gesch\u00e4tzte Lesezeit":"3 minutes"},"schema":{"@context":"https:\/\/schema.org","@graph":[{"@type":"WebPage","@id":"https:\/\/fonderie-mathieu.com\/societe\/","url":"https:\/\/fonderie-mathieu.com\/societe\/","name":"Firma - Fonderie de Fontes et d\u2019aciers","isPartOf":{"@id":"https:\/\/fonderie-mathieu.com\/#website"},"primaryImageOfPage":{"@id":"https:\/\/fonderie-mathieu.com\/societe\/#primaryimage"},"image":{"@id":"https:\/\/fonderie-mathieu.com\/societe\/#primaryimage"},"thumbnailUrl":"https:\/\/fonderie-mathieu.com\/wp-content\/uploads\/2016\/05\/Societe-e1462275604259-300x234.jpg","datePublished":"2018-11-12T09:24:19+00:00","dateModified":"2018-11-12T09:37:01+00:00","breadcrumb":{"@id":"https:\/\/fonderie-mathieu.com\/societe\/#breadcrumb"},"inLanguage":"de-DE","potentialAction":[{"@type":"ReadAction","target":["https:\/\/fonderie-mathieu.com\/societe\/"]}]},{"@type":"ImageObject","inLanguage":"de-DE","@id":"https:\/\/fonderie-mathieu.com\/societe\/#primaryimage","url":"https:\/\/fonderie-mathieu.com\/wp-content\/uploads\/2016\/05\/Societe-e1462275604259-300x234.jpg","contentUrl":"https:\/\/fonderie-mathieu.com\/wp-content\/uploads\/2016\/05\/Societe-e1462275604259-300x234.jpg"},{"@type":"BreadcrumbList","@id":"https:\/\/fonderie-mathieu.com\/societe\/#breadcrumb","itemListElement":[{"@type":"ListItem","position":1,"name":"Accueil","item":"https:\/\/fonderie-mathieu.com\/de\/"},{"@type":"ListItem","position":2,"name":"Firma"}]},{"@type":"WebSite","@id":"https:\/\/fonderie-mathieu.com\/#website","url":"https:\/\/fonderie-mathieu.com\/","name":"Fonderie de Fontes et d\u2019aciers","description":" Fachgesch\u00e4ft: Eisen- und Stahlguss","potentialAction":[{"@type":"SearchAction","target":{"@type":"EntryPoint","urlTemplate":"https:\/\/fonderie-mathieu.com\/?s={search_term_string}"},"query-input":{"@type":"PropertyValueSpecification","valueRequired":true,"valueName":"search_term_string"}}],"inLanguage":"de-DE"}]}},"_links":{"self":[{"href":"https:\/\/fonderie-mathieu.com\/de\/wp-json\/wp\/v2\/pages\/571","targetHints":{"allow":["GET"]}}],"collection":[{"href":"https:\/\/fonderie-mathieu.com\/de\/wp-json\/wp\/v2\/pages"}],"about":[{"href":"https:\/\/fonderie-mathieu.com\/de\/wp-json\/wp\/v2\/types\/page"}],"author":[{"embeddable":true,"href":"https:\/\/fonderie-mathieu.com\/de\/wp-json\/wp\/v2\/users\/1"}],"replies":[{"embeddable":true,"href":"https:\/\/fonderie-mathieu.com\/de\/wp-json\/wp\/v2\/comments?post=571"}],"version-history":[{"count":3,"href":"https:\/\/fonderie-mathieu.com\/de\/wp-json\/wp\/v2\/pages\/571\/revisions"}],"predecessor-version":[{"id":579,"href":"https:\/\/fonderie-mathieu.com\/de\/wp-json\/wp\/v2\/pages\/571\/revisions\/579"}],"wp:attachment":[{"href":"https:\/\/fonderie-mathieu.com\/de\/wp-json\/wp\/v2\/media?parent=571"}],"curies":[{"name":"wp","href":"https:\/\/api.w.org\/{rel}","templated":true}]}}