{"id":616,"date":"2018-11-12T11:38:23","date_gmt":"2018-11-12T10:38:23","guid":{"rendered":"http:\/\/fonderie-mathieu.com\/?page_id=616"},"modified":"2018-11-12T12:14:41","modified_gmt":"2018-11-12T11:14:41","slug":"arbeit-transport-von-fluessigkeiten","status":"publish","type":"page","link":"https:\/\/fonderie-mathieu.com\/de\/unsere-maerkte\/arbeit-transport-von-fluessigkeiten\/","title":{"rendered":"Arbeit &#038; Transport von Fl\u00fcssigkeiten"},"content":{"rendered":"<p>[et_pb_section fb_built=&#8221;1&#8243; admin_label=&#8221;section&#8221; _builder_version=&#8221;3.0.47&#8243;][et_pb_row admin_label=&#8221;row&#8221; _builder_version=&#8221;3.0.47&#8243; background_size=&#8221;initial&#8221; background_position=&#8221;top_left&#8221; background_repeat=&#8221;repeat&#8221;][et_pb_column type=&#8221;4_4&#8243; _builder_version=&#8221;3.0.47&#8243; parallax=&#8221;off&#8221; parallax_method=&#8221;on&#8221;][et_pb_text _builder_version=&#8221;3.17.6&#8243; background_size=&#8221;initial&#8221; background_position=&#8221;top_left&#8221; background_repeat=&#8221;repeat&#8221; use_border_color=&#8221;off&#8221;]<\/p>\n<h1>Arbeit &amp; Transport von Fl\u00fcssigkeiten<\/h1>\n<p>[\/et_pb_text][\/et_pb_column][\/et_pb_row][et_pb_row _builder_version=&#8221;3.0.47&#8243; background_size=&#8221;initial&#8221; background_position=&#8221;top_left&#8221; background_repeat=&#8221;repeat&#8221;][et_pb_column type=&#8221;1_3&#8243; _builder_version=&#8221;3.0.47&#8243; parallax=&#8221;off&#8221; parallax_method=&#8221;on&#8221;][et_pb_sidebar area=&#8221;et_pb_widget_area_1&#8243; module_class=&#8221;menu-vertical&#8221; _builder_version=&#8221;3.0.74&#8243; background_layout=&#8221;dark&#8221; remove_border=&#8221;off&#8221;]<br \/>\n[\/et_pb_sidebar][et_pb_login title=&#8221;Einloggen&#8221; _builder_version=&#8221;3.17.6&#8243; use_border_color=&#8221;off&#8221; button_text_size__hover_enabled=&#8221;off&#8221; button_text_size__hover=&#8221;null&#8221; button_one_text_size__hover_enabled=&#8221;off&#8221; button_one_text_size__hover=&#8221;null&#8221; button_two_text_size__hover_enabled=&#8221;off&#8221; button_two_text_size__hover=&#8221;null&#8221; button_text_color__hover_enabled=&#8221;off&#8221; button_text_color__hover=&#8221;null&#8221; button_one_text_color__hover_enabled=&#8221;off&#8221; button_one_text_color__hover=&#8221;null&#8221; button_two_text_color__hover_enabled=&#8221;off&#8221; button_two_text_color__hover=&#8221;null&#8221; button_border_width__hover_enabled=&#8221;off&#8221; button_border_width__hover=&#8221;null&#8221; button_one_border_width__hover_enabled=&#8221;off&#8221; button_one_border_width__hover=&#8221;null&#8221; button_two_border_width__hover_enabled=&#8221;off&#8221; button_two_border_width__hover=&#8221;null&#8221; button_border_color__hover_enabled=&#8221;off&#8221; button_border_color__hover=&#8221;null&#8221; button_one_border_color__hover_enabled=&#8221;off&#8221; button_one_border_color__hover=&#8221;null&#8221; button_two_border_color__hover_enabled=&#8221;off&#8221; button_two_border_color__hover=&#8221;null&#8221; button_border_radius__hover_enabled=&#8221;on&#8221; button_border_radius__hover=&#8221;0&#8243; button_one_border_radius__hover_enabled=&#8221;off&#8221; button_one_border_radius__hover=&#8221;null&#8221; button_two_border_radius__hover_enabled=&#8221;off&#8221; button_two_border_radius__hover=&#8221;null&#8221; button_letter_spacing__hover_enabled=&#8221;on&#8221; button_letter_spacing__hover=&#8221;0&#8243; button_one_letter_spacing__hover_enabled=&#8221;off&#8221; button_one_letter_spacing__hover=&#8221;null&#8221; button_two_letter_spacing__hover_enabled=&#8221;off&#8221; button_two_letter_spacing__hover=&#8221;null&#8221; button_bg_color__hover_enabled=&#8221;off&#8221; button_bg_color__hover=&#8221;null&#8221; button_one_bg_color__hover_enabled=&#8221;off&#8221; button_one_bg_color__hover=&#8221;null&#8221; button_two_bg_color__hover_enabled=&#8221;off&#8221; button_two_bg_color__hover=&#8221;null&#8221;][\/et_pb_login][\/et_pb_column][et_pb_column type=&#8221;2_3&#8243; _builder_version=&#8221;3.0.47&#8243; parallax=&#8221;off&#8221; parallax_method=&#8221;on&#8221;][et_pb_text _builder_version=&#8221;3.17.6&#8243; background_size=&#8221;initial&#8221; background_position=&#8221;top_left&#8221; background_repeat=&#8221;repeat&#8221; use_border_color=&#8221;off&#8221; border_color=&#8221;#ffffff&#8221; border_style=&#8221;solid&#8221;]<\/p>\n<p>Die Gie\u00dferei Mathieu ist sehr pr\u00e4sent in den Bereichen der Pumpen, Kompressoren, Z\u00e4hler und in anderen Bereichen rund ums Thema Fl\u00fcssigkeiten. Dar\u00fcber hinaus haben mehr als die H\u00e4lfte der Teile, die von der Gie\u00dferei Mathieu hergestellt werden, eine hydraulische Funktion.<\/p>\n<p>Die Gie\u00dferei Mathieu stellt Statoren, Geh\u00e4use, Flansche, Deckel, Zylinder, Untergr\u00fcnde, St\u00e4be, Gestelle, Kolben, Spiralen, Ventile, Rotoren, Klappen, Beh\u00e4lter usw. her.<\/p>\n<p>[\/et_pb_text][et_pb_text admin_label=&#8221;Texte&#8221; _builder_version=&#8221;3.0.87&#8243; background_size=&#8221;initial&#8221; background_position=&#8221;top_left&#8221; background_repeat=&#8221;repeat&#8221; use_border_color=&#8221;off&#8221; border_color=&#8221;#ffffff&#8221; border_style=&#8221;solid&#8221; global_module=&#8221;201&#8243; saved_tabs=&#8221;all&#8221;]<\/p>\n<div class=\"printfriendly pf-button  pf-alignleft\">\n                    <a href=\"https:\/\/fonderie-mathieu.com\/de\/unsere-maerkte\/arbeit-transport-von-fluessigkeiten\/?pfstyle=wp\" rel=\"nofollow\" onclick=\"\" title=\"Printer Friendly, PDF & Email\">\n                    <img decoding=\"async\" class=\"pf-button-img\" src=\"https:\/\/cdn.printfriendly.com\/buttons\/print-button-gray.png\" alt=\"Print Friendly, PDF & Email\" style=\"width: 66px;height: 24px;\"  \/>\n                    <\/a>\n                <\/div>\n<p>[\/et_pb_text][et_pb_gallery gallery_ids=&#8221;259,260,258,261&#8243; posts_number=&#8221;2&#8243; show_title_and_caption=&#8221;off&#8221; _builder_version=&#8221;3.0.87&#8243; auto_speed=&#8221;2000&#8243; use_border_color=&#8221;off&#8221; border_color=&#8221;#ffffff&#8221; border_style=&#8221;solid&#8221;]<br \/>\n[\/et_pb_gallery][\/et_pb_column][\/et_pb_row][\/et_pb_section]<\/p>\n","protected":false},"excerpt":{"rendered":"<p>Arbeit &amp; Transport von Fl\u00fcssigkeiten Die Gie\u00dferei Mathieu ist sehr pr\u00e4sent in den Bereichen der Pumpen, Kompressoren, Z\u00e4hler und in anderen Bereichen rund ums Thema Fl\u00fcssigkeiten. Dar\u00fcber hinaus haben mehr als die H\u00e4lfte der Teile, die von der Gie\u00dferei Mathieu hergestellt werden, eine hydraulische Funktion. Die Gie\u00dferei Mathieu stellt Statoren, Geh\u00e4use, Flansche, Deckel, Zylinder, Untergr\u00fcnde, [&hellip;]<\/p>\n","protected":false},"author":1,"featured_media":0,"parent":551,"menu_order":0,"comment_status":"closed","ping_status":"closed","template":"","meta":{"_et_pb_use_builder":"on","_et_pb_old_content":"<p>[et_pb_section admin_label=\"section\"][et_pb_row admin_label=\"row\"][et_pb_column type=\"4_4\"][et_pb_text admin_label=\"Texte\" background_layout=\"light\" text_orientation=\"left\" use_border_color=\"off\" border_color=\"#ffffff\" border_style=\"solid\"]<\/p><h1>Travail & transport des fluides<\/h1><p>[\/et_pb_text][\/et_pb_column][\/et_pb_row][et_pb_row admin_label=\"Ligne\"][et_pb_column type=\"1_3\"][et_pb_sidebar admin_label=\"Barre lat\u00e9rale\" orientation=\"left\" area=\"et_pb_widget_area_1\" background_layout=\"dark\" remove_border=\"off\" module_class=\"menu-vertical\"]<\/p><p>[\/et_pb_sidebar][et_pb_login admin_label=\"Se connecter\" title=\"Se connecter\" current_page_redirect=\"off\" use_background_color=\"on\" background_color=\"#c65638\" background_layout=\"dark\" text_orientation=\"left\" use_focus_border_color=\"off\" use_border_color=\"off\" border_color=\"#ffffff\" border_style=\"solid\" custom_button=\"off\" button_border_width=\"0\" button_border_radius=\"0\" button_letter_spacing=\"0\" button_use_icon=\"default\" button_icon_placement=\"right\" button_on_hover=\"on\" button_border_radius_hover=\"0\" button_letter_spacing_hover=\"0\"]<\/p><p>[\/et_pb_login][\/et_pb_column][et_pb_column type=\"2_3\"][et_pb_text admin_label=\"Texte\" background_layout=\"light\" text_orientation=\"left\" use_border_color=\"off\" border_color=\"#ffffff\" border_style=\"solid\"]<\/p><p>Fonderie Mathieu est tr\u00e8s pr\u00e9sent dans le domaine des pompes, compresseurs, compteurs, et d\u2019autres secteurs se rapportant aux fluides. D\u2019ailleurs, plus de la moiti\u00e9 des pi\u00e8ces r\u00e9alis\u00e9es chez fonderie Mathieu ont une fonction hydraulique.<\/p><p>Ainsi, Fonderie Mathieu r\u00e9alise des stators, corps, brides, couvercles, cylindres, fonds, crosses, b\u00e2tis, pistons, volutes, vannes, rotors, clapets, cuves, flasques, etc\u2026<\/p><p>[\/et_pb_text][et_pb_text admin_label=\"Texte\" background_layout=\"light\" text_orientation=\"left\" use_border_color=\"off\" border_color=\"#ffffff\" border_style=\"solid\" saved_tabs=\"all\" global_module=\"201\"]<\/p><p>[printfriendly]<\/p><p>[\/et_pb_text][et_pb_gallery admin_label=\"Galerie\" gallery_ids=\"259,260,258,261\" fullwidth=\"off\" show_title_and_caption=\"off\" show_pagination=\"on\" background_layout=\"light\" auto=\"on\" auto_speed=\"2000\" hover_overlay_color=\"rgba(255,255,255,0.9)\" caption_all_caps=\"off\" use_border_color=\"off\" border_color=\"#ffffff\" border_style=\"solid\" posts_number=\"2\"]<\/p><p>[\/et_pb_gallery][\/et_pb_column][\/et_pb_row][\/et_pb_section]<\/p>","_et_gb_content_width":"","footnotes":""},"class_list":["post-616","page","type-page","status-publish","hentry"],"yoast_head":"<!-- This site is optimized with the Yoast SEO plugin v27.2 - https:\/\/yoast.com\/product\/yoast-seo-wordpress\/ -->\n<title>Arbeit &amp; Transport von Fl\u00fcssigkeiten - Fonderie de Fontes et d\u2019aciers<\/title>\n<meta name=\"robots\" content=\"index, follow, max-snippet:-1, max-image-preview:large, max-video-preview:-1\" \/>\n<link rel=\"canonical\" href=\"https:\/\/fonderie-mathieu.com\/nos-marches\/travail-transport-fluides\/\" \/>\n<meta property=\"og:locale\" content=\"de_DE\" \/>\n<meta property=\"og:type\" content=\"article\" \/>\n<meta property=\"og:title\" content=\"Arbeit &amp; Transport von Fl\u00fcssigkeiten - Fonderie de Fontes et d\u2019aciers\" \/>\n<meta property=\"og:description\" content=\"Arbeit &amp; Transport von Fl\u00fcssigkeiten Die Gie\u00dferei Mathieu ist sehr pr\u00e4sent in den Bereichen der Pumpen, Kompressoren, Z\u00e4hler und in anderen Bereichen rund ums Thema Fl\u00fcssigkeiten. Dar\u00fcber hinaus haben mehr als die H\u00e4lfte der Teile, die von der Gie\u00dferei Mathieu hergestellt werden, eine hydraulische Funktion. Die Gie\u00dferei Mathieu stellt Statoren, Geh\u00e4use, Flansche, Deckel, Zylinder, Untergr\u00fcnde, [&hellip;]\" \/>\n<meta property=\"og:url\" content=\"https:\/\/fonderie-mathieu.com\/nos-marches\/travail-transport-fluides\/\" \/>\n<meta property=\"og:site_name\" content=\"Fonderie de Fontes et d\u2019aciers\" \/>\n<meta property=\"article:modified_time\" content=\"2018-11-12T11:14:41+00:00\" \/>\n<meta name=\"twitter:card\" content=\"summary_large_image\" \/>\n<meta name=\"twitter:label1\" content=\"Gesch\u00e4tzte Lesezeit\" \/>\n\t<meta name=\"twitter:data1\" content=\"3 minutes\" \/>\n<script type=\"application\/ld+json\" class=\"yoast-schema-graph\">{\"@context\":\"https:\/\/schema.org\",\"@graph\":[{\"@type\":\"WebPage\",\"@id\":\"https:\/\/fonderie-mathieu.com\/nos-marches\/travail-transport-fluides\/\",\"url\":\"https:\/\/fonderie-mathieu.com\/nos-marches\/travail-transport-fluides\/\",\"name\":\"Arbeit & Transport von Fl\u00fcssigkeiten - Fonderie de Fontes et d\u2019aciers\",\"isPartOf\":{\"@id\":\"https:\/\/fonderie-mathieu.com\/#website\"},\"datePublished\":\"2018-11-12T10:38:23+00:00\",\"dateModified\":\"2018-11-12T11:14:41+00:00\",\"breadcrumb\":{\"@id\":\"https:\/\/fonderie-mathieu.com\/nos-marches\/travail-transport-fluides\/#breadcrumb\"},\"inLanguage\":\"de-DE\",\"potentialAction\":[{\"@type\":\"ReadAction\",\"target\":[\"https:\/\/fonderie-mathieu.com\/nos-marches\/travail-transport-fluides\/\"]}]},{\"@type\":\"BreadcrumbList\",\"@id\":\"https:\/\/fonderie-mathieu.com\/nos-marches\/travail-transport-fluides\/#breadcrumb\",\"itemListElement\":[{\"@type\":\"ListItem\",\"position\":1,\"name\":\"Accueil\",\"item\":\"https:\/\/fonderie-mathieu.com\/de\/\"},{\"@type\":\"ListItem\",\"position\":2,\"name\":\"Unsere M\u00e4rkte\",\"item\":\"https:\/\/fonderie-mathieu.com\/nos-marches\/\"},{\"@type\":\"ListItem\",\"position\":3,\"name\":\"Arbeit &#038; Transport von Fl\u00fcssigkeiten\"}]},{\"@type\":\"WebSite\",\"@id\":\"https:\/\/fonderie-mathieu.com\/#website\",\"url\":\"https:\/\/fonderie-mathieu.com\/\",\"name\":\"Fonderie de Fontes et d\u2019aciers\",\"description\":\" Fachgesch\u00e4ft: Eisen- und Stahlguss\",\"potentialAction\":[{\"@type\":\"SearchAction\",\"target\":{\"@type\":\"EntryPoint\",\"urlTemplate\":\"https:\/\/fonderie-mathieu.com\/?s={search_term_string}\"},\"query-input\":{\"@type\":\"PropertyValueSpecification\",\"valueRequired\":true,\"valueName\":\"search_term_string\"}}],\"inLanguage\":\"de-DE\"}]}<\/script>\n<!-- \/ Yoast SEO plugin. -->","yoast_head_json":{"title":"Arbeit & Transport von Fl\u00fcssigkeiten - Fonderie de Fontes et d\u2019aciers","robots":{"index":"index","follow":"follow","max-snippet":"max-snippet:-1","max-image-preview":"max-image-preview:large","max-video-preview":"max-video-preview:-1"},"canonical":"https:\/\/fonderie-mathieu.com\/nos-marches\/travail-transport-fluides\/","og_locale":"de_DE","og_type":"article","og_title":"Arbeit & Transport von Fl\u00fcssigkeiten - Fonderie de Fontes et d\u2019aciers","og_description":"Arbeit &amp; Transport von Fl\u00fcssigkeiten Die Gie\u00dferei Mathieu ist sehr pr\u00e4sent in den Bereichen der Pumpen, Kompressoren, Z\u00e4hler und in anderen Bereichen rund ums Thema Fl\u00fcssigkeiten. Dar\u00fcber hinaus haben mehr als die H\u00e4lfte der Teile, die von der Gie\u00dferei Mathieu hergestellt werden, eine hydraulische Funktion. Die Gie\u00dferei Mathieu stellt Statoren, Geh\u00e4use, Flansche, Deckel, Zylinder, Untergr\u00fcnde, [&hellip;]","og_url":"https:\/\/fonderie-mathieu.com\/nos-marches\/travail-transport-fluides\/","og_site_name":"Fonderie de Fontes et d\u2019aciers","article_modified_time":"2018-11-12T11:14:41+00:00","twitter_card":"summary_large_image","twitter_misc":{"Gesch\u00e4tzte Lesezeit":"3 minutes"},"schema":{"@context":"https:\/\/schema.org","@graph":[{"@type":"WebPage","@id":"https:\/\/fonderie-mathieu.com\/nos-marches\/travail-transport-fluides\/","url":"https:\/\/fonderie-mathieu.com\/nos-marches\/travail-transport-fluides\/","name":"Arbeit & Transport von Fl\u00fcssigkeiten - Fonderie de Fontes et d\u2019aciers","isPartOf":{"@id":"https:\/\/fonderie-mathieu.com\/#website"},"datePublished":"2018-11-12T10:38:23+00:00","dateModified":"2018-11-12T11:14:41+00:00","breadcrumb":{"@id":"https:\/\/fonderie-mathieu.com\/nos-marches\/travail-transport-fluides\/#breadcrumb"},"inLanguage":"de-DE","potentialAction":[{"@type":"ReadAction","target":["https:\/\/fonderie-mathieu.com\/nos-marches\/travail-transport-fluides\/"]}]},{"@type":"BreadcrumbList","@id":"https:\/\/fonderie-mathieu.com\/nos-marches\/travail-transport-fluides\/#breadcrumb","itemListElement":[{"@type":"ListItem","position":1,"name":"Accueil","item":"https:\/\/fonderie-mathieu.com\/de\/"},{"@type":"ListItem","position":2,"name":"Unsere M\u00e4rkte","item":"https:\/\/fonderie-mathieu.com\/nos-marches\/"},{"@type":"ListItem","position":3,"name":"Arbeit &#038; Transport von Fl\u00fcssigkeiten"}]},{"@type":"WebSite","@id":"https:\/\/fonderie-mathieu.com\/#website","url":"https:\/\/fonderie-mathieu.com\/","name":"Fonderie de Fontes et d\u2019aciers","description":" Fachgesch\u00e4ft: Eisen- und Stahlguss","potentialAction":[{"@type":"SearchAction","target":{"@type":"EntryPoint","urlTemplate":"https:\/\/fonderie-mathieu.com\/?s={search_term_string}"},"query-input":{"@type":"PropertyValueSpecification","valueRequired":true,"valueName":"search_term_string"}}],"inLanguage":"de-DE"}]}},"_links":{"self":[{"href":"https:\/\/fonderie-mathieu.com\/de\/wp-json\/wp\/v2\/pages\/616","targetHints":{"allow":["GET"]}}],"collection":[{"href":"https:\/\/fonderie-mathieu.com\/de\/wp-json\/wp\/v2\/pages"}],"about":[{"href":"https:\/\/fonderie-mathieu.com\/de\/wp-json\/wp\/v2\/types\/page"}],"author":[{"embeddable":true,"href":"https:\/\/fonderie-mathieu.com\/de\/wp-json\/wp\/v2\/users\/1"}],"replies":[{"embeddable":true,"href":"https:\/\/fonderie-mathieu.com\/de\/wp-json\/wp\/v2\/comments?post=616"}],"version-history":[{"count":5,"href":"https:\/\/fonderie-mathieu.com\/de\/wp-json\/wp\/v2\/pages\/616\/revisions"}],"predecessor-version":[{"id":690,"href":"https:\/\/fonderie-mathieu.com\/de\/wp-json\/wp\/v2\/pages\/616\/revisions\/690"}],"up":[{"embeddable":true,"href":"https:\/\/fonderie-mathieu.com\/de\/wp-json\/wp\/v2\/pages\/551"}],"wp:attachment":[{"href":"https:\/\/fonderie-mathieu.com\/de\/wp-json\/wp\/v2\/media?parent=616"}],"curies":[{"name":"wp","href":"https:\/\/api.w.org\/{rel}","templated":true}]}}