{"id":617,"date":"2018-11-12T11:38:29","date_gmt":"2018-11-12T10:38:29","guid":{"rendered":"http:\/\/fonderie-mathieu.com\/?page_id=617"},"modified":"2018-11-12T12:15:02","modified_gmt":"2018-11-12T11:15:02","slug":"oeffentliche-arbeiten","status":"publish","type":"page","link":"https:\/\/fonderie-mathieu.com\/de\/unsere-maerkte\/oeffentliche-arbeiten\/","title":{"rendered":"\u00d6ffentliche Arbeiten"},"content":{"rendered":"<p>[et_pb_section fb_built=&#8221;1&#8243; admin_label=&#8221;section&#8221; _builder_version=&#8221;3.0.47&#8243;][et_pb_row admin_label=&#8221;row&#8221; _builder_version=&#8221;3.0.47&#8243; background_size=&#8221;initial&#8221; background_position=&#8221;top_left&#8221; background_repeat=&#8221;repeat&#8221;][et_pb_column type=&#8221;4_4&#8243; _builder_version=&#8221;3.0.47&#8243; parallax=&#8221;off&#8221; parallax_method=&#8221;on&#8221;][et_pb_text _builder_version=&#8221;3.17.6&#8243; background_size=&#8221;initial&#8221; background_position=&#8221;top_left&#8221; background_repeat=&#8221;repeat&#8221; use_border_color=&#8221;off&#8221;]<\/p>\n<h1>\u00d6ffentliche Arbeiten<\/h1>\n<p>[\/et_pb_text][\/et_pb_column][\/et_pb_row][et_pb_row _builder_version=&#8221;3.0.47&#8243; background_size=&#8221;initial&#8221; background_position=&#8221;top_left&#8221; background_repeat=&#8221;repeat&#8221;][et_pb_column type=&#8221;1_3&#8243; _builder_version=&#8221;3.0.47&#8243; parallax=&#8221;off&#8221; parallax_method=&#8221;on&#8221;][et_pb_sidebar area=&#8221;et_pb_widget_area_1&#8243; module_class=&#8221;menu-vertical&#8221; _builder_version=&#8221;3.0.74&#8243; background_layout=&#8221;dark&#8221; remove_border=&#8221;off&#8221;]<br \/>\n[\/et_pb_sidebar][et_pb_login title=&#8221;Einloggen&#8221; _builder_version=&#8221;3.17.6&#8243; use_border_color=&#8221;off&#8221; button_text_size__hover_enabled=&#8221;off&#8221; button_text_size__hover=&#8221;null&#8221; button_one_text_size__hover_enabled=&#8221;off&#8221; button_one_text_size__hover=&#8221;null&#8221; button_two_text_size__hover_enabled=&#8221;off&#8221; button_two_text_size__hover=&#8221;null&#8221; button_text_color__hover_enabled=&#8221;off&#8221; button_text_color__hover=&#8221;null&#8221; button_one_text_color__hover_enabled=&#8221;off&#8221; button_one_text_color__hover=&#8221;null&#8221; button_two_text_color__hover_enabled=&#8221;off&#8221; button_two_text_color__hover=&#8221;null&#8221; button_border_width__hover_enabled=&#8221;off&#8221; button_border_width__hover=&#8221;null&#8221; button_one_border_width__hover_enabled=&#8221;off&#8221; button_one_border_width__hover=&#8221;null&#8221; button_two_border_width__hover_enabled=&#8221;off&#8221; button_two_border_width__hover=&#8221;null&#8221; button_border_color__hover_enabled=&#8221;off&#8221; button_border_color__hover=&#8221;null&#8221; button_one_border_color__hover_enabled=&#8221;off&#8221; button_one_border_color__hover=&#8221;null&#8221; button_two_border_color__hover_enabled=&#8221;off&#8221; button_two_border_color__hover=&#8221;null&#8221; button_border_radius__hover_enabled=&#8221;on&#8221; button_border_radius__hover=&#8221;0&#8243; button_one_border_radius__hover_enabled=&#8221;off&#8221; button_one_border_radius__hover=&#8221;null&#8221; button_two_border_radius__hover_enabled=&#8221;off&#8221; button_two_border_radius__hover=&#8221;null&#8221; button_letter_spacing__hover_enabled=&#8221;on&#8221; button_letter_spacing__hover=&#8221;0&#8243; button_one_letter_spacing__hover_enabled=&#8221;off&#8221; button_one_letter_spacing__hover=&#8221;null&#8221; button_two_letter_spacing__hover_enabled=&#8221;off&#8221; button_two_letter_spacing__hover=&#8221;null&#8221; button_bg_color__hover_enabled=&#8221;off&#8221; button_bg_color__hover=&#8221;null&#8221; button_one_bg_color__hover_enabled=&#8221;off&#8221; button_one_bg_color__hover=&#8221;null&#8221; button_two_bg_color__hover_enabled=&#8221;off&#8221; button_two_bg_color__hover=&#8221;null&#8221;][\/et_pb_login][\/et_pb_column][et_pb_column type=&#8221;2_3&#8243; _builder_version=&#8221;3.0.47&#8243; parallax=&#8221;off&#8221; parallax_method=&#8221;on&#8221;][et_pb_text _builder_version=&#8221;3.0.87&#8243; background_size=&#8221;initial&#8221; background_position=&#8221;top_left&#8221; background_repeat=&#8221;repeat&#8221; use_border_color=&#8221;off&#8221; border_color=&#8221;#ffffff&#8221; border_style=&#8221;solid&#8221;]<\/p>\n<p>Die Gie\u00dferei Mathieu ist sehr pr\u00e4sent im Bereich Rollmaterial f\u00fcr die Baubranche, Mischanlagen und anderen Bereichen, die mit dem \u00f6ffentlichen und privaten Bauwesen im Zusammenhang stehen.<\/p>\n<p>Die Gie\u00dferei Mathieu stellt zudem Gegengewichte, Geh\u00e4use, Motorenteile, Abdeckungen, Paletten, Bleche, Abstreifer usw. her.<\/p>\n<p>[\/et_pb_text][et_pb_text admin_label=&#8221;Texte&#8221; _builder_version=&#8221;3.0.87&#8243; background_size=&#8221;initial&#8221; background_position=&#8221;top_left&#8221; background_repeat=&#8221;repeat&#8221; use_border_color=&#8221;off&#8221; border_color=&#8221;#ffffff&#8221; border_style=&#8221;solid&#8221; global_module=&#8221;201&#8243; saved_tabs=&#8221;all&#8221;]<\/p>\n<div class=\"printfriendly pf-button  pf-alignleft\">\n                    <a href=\"https:\/\/fonderie-mathieu.com\/de\/unsere-maerkte\/oeffentliche-arbeiten\/?pfstyle=wp\" rel=\"nofollow\" onclick=\"\" title=\"Printer Friendly, PDF & Email\">\n                    <img decoding=\"async\" class=\"pf-button-img\" src=\"https:\/\/cdn.printfriendly.com\/buttons\/print-button-gray.png\" alt=\"Print Friendly, PDF & Email\" style=\"width: 66px;height: 24px;\"  \/>\n                    <\/a>\n                <\/div>\n<p>[\/et_pb_text][et_pb_gallery gallery_ids=&#8221;262,228,227,299&#8243; posts_number=&#8221;2&#8243; show_title_and_caption=&#8221;off&#8221; _builder_version=&#8221;3.0.87&#8243; auto_speed=&#8221;2000&#8243; use_border_color=&#8221;off&#8221; border_color=&#8221;#ffffff&#8221; border_style=&#8221;solid&#8221;]<br \/>\n[\/et_pb_gallery][\/et_pb_column][\/et_pb_row][\/et_pb_section]<\/p>\n","protected":false},"excerpt":{"rendered":"<p>\u00d6ffentliche Arbeiten Die Gie\u00dferei Mathieu ist sehr pr\u00e4sent im Bereich Rollmaterial f\u00fcr die Baubranche, Mischanlagen und anderen Bereichen, die mit dem \u00f6ffentlichen und privaten Bauwesen im Zusammenhang stehen. Die Gie\u00dferei Mathieu stellt zudem Gegengewichte, Geh\u00e4use, Motorenteile, Abdeckungen, Paletten, Bleche, Abstreifer usw. her.<div class=\"printfriendly pf-button  pf-alignleft\">\n                    <a href=\"https:\/\/fonderie-mathieu.com\/de\/unsere-maerkte\/oeffentliche-arbeiten\/?pfstyle=wp\" rel=\"nofollow\" onclick=\"\" title=\"Printer Friendly, PDF & Email\">\n                    <img decoding=\"async\" class=\"pf-button-img\" src=\"https:\/\/cdn.printfriendly.com\/buttons\/print-button-gray.png\" alt=\"Print Friendly, PDF & Email\" style=\"width: 66px;height: 24px;\"  \/>\n                    <\/a>\n                <\/div><\/p>\n","protected":false},"author":1,"featured_media":0,"parent":551,"menu_order":0,"comment_status":"closed","ping_status":"closed","template":"","meta":{"_et_pb_use_builder":"on","_et_pb_old_content":"<p>[et_pb_section admin_label=\"section\"][et_pb_row admin_label=\"row\"][et_pb_column type=\"4_4\"][et_pb_text admin_label=\"Texte\" background_layout=\"light\" text_orientation=\"left\" use_border_color=\"off\" border_color=\"#ffffff\" border_style=\"solid\"]<\/p><h1>Travaux publics<\/h1><p>[\/et_pb_text][\/et_pb_column][\/et_pb_row][et_pb_row admin_label=\"Ligne\"][et_pb_column type=\"1_3\"][et_pb_sidebar admin_label=\"Barre lat\u00e9rale\" orientation=\"left\" area=\"et_pb_widget_area_1\" background_layout=\"dark\" remove_border=\"off\" module_class=\"menu-vertical\"]<\/p><p>[\/et_pb_sidebar][et_pb_login admin_label=\"Se connecter\" title=\"Se connecter\" current_page_redirect=\"off\" use_background_color=\"on\" background_color=\"#c65638\" background_layout=\"dark\" text_orientation=\"left\" use_focus_border_color=\"off\" use_border_color=\"off\" border_color=\"#ffffff\" border_style=\"solid\" custom_button=\"off\" button_border_width=\"0\" button_border_radius=\"0\" button_letter_spacing=\"0\" button_use_icon=\"default\" button_icon_placement=\"right\" button_on_hover=\"on\" button_border_radius_hover=\"0\" button_letter_spacing_hover=\"0\"]<\/p><p>[\/et_pb_login][\/et_pb_column][et_pb_column type=\"2_3\"][et_pb_text admin_label=\"Texte\" background_layout=\"light\" text_orientation=\"left\" use_border_color=\"off\" border_color=\"#ffffff\" border_style=\"solid\"]<\/p><p>Fonderie Mathieu est acteur dans le domaine des pi\u00e8ces de mat\u00e9riel roulant pour le BTP ainsi que pour les centrales enrob\u00e9s et d\u2019autres secteurs se rapportant aux BTP.<\/p><p>Ainsi, Fonderie Mathieu r\u00e9alise des contrepoids, carters, pi\u00e8ces de moteurs, blindages, palettes, t\u00f4les, racleurs, etc\u2026<\/p><p>[\/et_pb_text][et_pb_text admin_label=\"Texte\" background_layout=\"light\" text_orientation=\"left\" use_border_color=\"off\" border_color=\"#ffffff\" border_style=\"solid\" saved_tabs=\"all\" global_module=\"201\"]<\/p><p>[printfriendly]<\/p><p>[\/et_pb_text][et_pb_gallery admin_label=\"Galerie\" gallery_ids=\"262,228,227,299\" fullwidth=\"off\" show_title_and_caption=\"off\" show_pagination=\"on\" background_layout=\"light\" auto=\"on\" auto_speed=\"2000\" hover_overlay_color=\"rgba(255,255,255,0.9)\" caption_all_caps=\"off\" use_border_color=\"off\" border_color=\"#ffffff\" border_style=\"solid\" posts_number=\"2\"]<\/p><p>[\/et_pb_gallery][\/et_pb_column][\/et_pb_row][\/et_pb_section]<\/p>","_et_gb_content_width":"","footnotes":""},"class_list":["post-617","page","type-page","status-publish","hentry"],"yoast_head":"<!-- This site is optimized with the Yoast SEO plugin v27.2 - https:\/\/yoast.com\/product\/yoast-seo-wordpress\/ -->\n<title>\u00d6ffentliche Arbeiten - Fonderie de Fontes et d\u2019aciers<\/title>\n<meta name=\"robots\" content=\"index, follow, max-snippet:-1, max-image-preview:large, max-video-preview:-1\" \/>\n<link rel=\"canonical\" href=\"https:\/\/fonderie-mathieu.com\/nos-marches\/travaux-publics\/\" \/>\n<meta property=\"og:locale\" content=\"de_DE\" \/>\n<meta property=\"og:type\" content=\"article\" \/>\n<meta property=\"og:title\" content=\"\u00d6ffentliche Arbeiten - Fonderie de Fontes et d\u2019aciers\" \/>\n<meta property=\"og:description\" content=\"\u00d6ffentliche Arbeiten Die Gie\u00dferei Mathieu ist sehr pr\u00e4sent im Bereich Rollmaterial f\u00fcr die Baubranche, Mischanlagen und anderen Bereichen, die mit dem \u00f6ffentlichen und privaten Bauwesen im Zusammenhang stehen. Die Gie\u00dferei Mathieu stellt zudem Gegengewichte, Geh\u00e4use, Motorenteile, Abdeckungen, Paletten, Bleche, Abstreifer usw. her.\" \/>\n<meta property=\"og:url\" content=\"https:\/\/fonderie-mathieu.com\/nos-marches\/travaux-publics\/\" \/>\n<meta property=\"og:site_name\" content=\"Fonderie de Fontes et d\u2019aciers\" \/>\n<meta property=\"article:modified_time\" content=\"2018-11-12T11:15:02+00:00\" \/>\n<meta name=\"twitter:card\" content=\"summary_large_image\" \/>\n<meta name=\"twitter:label1\" content=\"Gesch\u00e4tzte Lesezeit\" \/>\n\t<meta name=\"twitter:data1\" content=\"3 minutes\" \/>\n<script type=\"application\/ld+json\" class=\"yoast-schema-graph\">{\"@context\":\"https:\/\/schema.org\",\"@graph\":[{\"@type\":\"WebPage\",\"@id\":\"https:\/\/fonderie-mathieu.com\/nos-marches\/travaux-publics\/\",\"url\":\"https:\/\/fonderie-mathieu.com\/nos-marches\/travaux-publics\/\",\"name\":\"\u00d6ffentliche Arbeiten - Fonderie de Fontes et d\u2019aciers\",\"isPartOf\":{\"@id\":\"https:\/\/fonderie-mathieu.com\/#website\"},\"datePublished\":\"2018-11-12T10:38:29+00:00\",\"dateModified\":\"2018-11-12T11:15:02+00:00\",\"breadcrumb\":{\"@id\":\"https:\/\/fonderie-mathieu.com\/nos-marches\/travaux-publics\/#breadcrumb\"},\"inLanguage\":\"de-DE\",\"potentialAction\":[{\"@type\":\"ReadAction\",\"target\":[\"https:\/\/fonderie-mathieu.com\/nos-marches\/travaux-publics\/\"]}]},{\"@type\":\"BreadcrumbList\",\"@id\":\"https:\/\/fonderie-mathieu.com\/nos-marches\/travaux-publics\/#breadcrumb\",\"itemListElement\":[{\"@type\":\"ListItem\",\"position\":1,\"name\":\"Accueil\",\"item\":\"https:\/\/fonderie-mathieu.com\/de\/\"},{\"@type\":\"ListItem\",\"position\":2,\"name\":\"Unsere M\u00e4rkte\",\"item\":\"https:\/\/fonderie-mathieu.com\/nos-marches\/\"},{\"@type\":\"ListItem\",\"position\":3,\"name\":\"\u00d6ffentliche Arbeiten\"}]},{\"@type\":\"WebSite\",\"@id\":\"https:\/\/fonderie-mathieu.com\/#website\",\"url\":\"https:\/\/fonderie-mathieu.com\/\",\"name\":\"Fonderie de Fontes et d\u2019aciers\",\"description\":\" Fachgesch\u00e4ft: Eisen- und Stahlguss\",\"potentialAction\":[{\"@type\":\"SearchAction\",\"target\":{\"@type\":\"EntryPoint\",\"urlTemplate\":\"https:\/\/fonderie-mathieu.com\/?s={search_term_string}\"},\"query-input\":{\"@type\":\"PropertyValueSpecification\",\"valueRequired\":true,\"valueName\":\"search_term_string\"}}],\"inLanguage\":\"de-DE\"}]}<\/script>\n<!-- \/ Yoast SEO plugin. -->","yoast_head_json":{"title":"\u00d6ffentliche Arbeiten - Fonderie de Fontes et d\u2019aciers","robots":{"index":"index","follow":"follow","max-snippet":"max-snippet:-1","max-image-preview":"max-image-preview:large","max-video-preview":"max-video-preview:-1"},"canonical":"https:\/\/fonderie-mathieu.com\/nos-marches\/travaux-publics\/","og_locale":"de_DE","og_type":"article","og_title":"\u00d6ffentliche Arbeiten - Fonderie de Fontes et d\u2019aciers","og_description":"\u00d6ffentliche Arbeiten Die Gie\u00dferei Mathieu ist sehr pr\u00e4sent im Bereich Rollmaterial f\u00fcr die Baubranche, Mischanlagen und anderen Bereichen, die mit dem \u00f6ffentlichen und privaten Bauwesen im Zusammenhang stehen. Die Gie\u00dferei Mathieu stellt zudem Gegengewichte, Geh\u00e4use, Motorenteile, Abdeckungen, Paletten, Bleche, Abstreifer usw. her.","og_url":"https:\/\/fonderie-mathieu.com\/nos-marches\/travaux-publics\/","og_site_name":"Fonderie de Fontes et d\u2019aciers","article_modified_time":"2018-11-12T11:15:02+00:00","twitter_card":"summary_large_image","twitter_misc":{"Gesch\u00e4tzte Lesezeit":"3 minutes"},"schema":{"@context":"https:\/\/schema.org","@graph":[{"@type":"WebPage","@id":"https:\/\/fonderie-mathieu.com\/nos-marches\/travaux-publics\/","url":"https:\/\/fonderie-mathieu.com\/nos-marches\/travaux-publics\/","name":"\u00d6ffentliche Arbeiten - Fonderie de Fontes et d\u2019aciers","isPartOf":{"@id":"https:\/\/fonderie-mathieu.com\/#website"},"datePublished":"2018-11-12T10:38:29+00:00","dateModified":"2018-11-12T11:15:02+00:00","breadcrumb":{"@id":"https:\/\/fonderie-mathieu.com\/nos-marches\/travaux-publics\/#breadcrumb"},"inLanguage":"de-DE","potentialAction":[{"@type":"ReadAction","target":["https:\/\/fonderie-mathieu.com\/nos-marches\/travaux-publics\/"]}]},{"@type":"BreadcrumbList","@id":"https:\/\/fonderie-mathieu.com\/nos-marches\/travaux-publics\/#breadcrumb","itemListElement":[{"@type":"ListItem","position":1,"name":"Accueil","item":"https:\/\/fonderie-mathieu.com\/de\/"},{"@type":"ListItem","position":2,"name":"Unsere M\u00e4rkte","item":"https:\/\/fonderie-mathieu.com\/nos-marches\/"},{"@type":"ListItem","position":3,"name":"\u00d6ffentliche Arbeiten"}]},{"@type":"WebSite","@id":"https:\/\/fonderie-mathieu.com\/#website","url":"https:\/\/fonderie-mathieu.com\/","name":"Fonderie de Fontes et d\u2019aciers","description":" Fachgesch\u00e4ft: Eisen- und Stahlguss","potentialAction":[{"@type":"SearchAction","target":{"@type":"EntryPoint","urlTemplate":"https:\/\/fonderie-mathieu.com\/?s={search_term_string}"},"query-input":{"@type":"PropertyValueSpecification","valueRequired":true,"valueName":"search_term_string"}}],"inLanguage":"de-DE"}]}},"_links":{"self":[{"href":"https:\/\/fonderie-mathieu.com\/de\/wp-json\/wp\/v2\/pages\/617","targetHints":{"allow":["GET"]}}],"collection":[{"href":"https:\/\/fonderie-mathieu.com\/de\/wp-json\/wp\/v2\/pages"}],"about":[{"href":"https:\/\/fonderie-mathieu.com\/de\/wp-json\/wp\/v2\/types\/page"}],"author":[{"embeddable":true,"href":"https:\/\/fonderie-mathieu.com\/de\/wp-json\/wp\/v2\/users\/1"}],"replies":[{"embeddable":true,"href":"https:\/\/fonderie-mathieu.com\/de\/wp-json\/wp\/v2\/comments?post=617"}],"version-history":[{"count":5,"href":"https:\/\/fonderie-mathieu.com\/de\/wp-json\/wp\/v2\/pages\/617\/revisions"}],"predecessor-version":[{"id":692,"href":"https:\/\/fonderie-mathieu.com\/de\/wp-json\/wp\/v2\/pages\/617\/revisions\/692"}],"up":[{"embeddable":true,"href":"https:\/\/fonderie-mathieu.com\/de\/wp-json\/wp\/v2\/pages\/551"}],"wp:attachment":[{"href":"https:\/\/fonderie-mathieu.com\/de\/wp-json\/wp\/v2\/media?parent=617"}],"curies":[{"name":"wp","href":"https:\/\/api.w.org\/{rel}","templated":true}]}}