{"id":369,"date":"2016-06-11T13:59:37","date_gmt":"2016-06-11T11:59:37","guid":{"rendered":"http:\/\/fonderie-mathieu.com\/?page_id=369&#038;lang=en"},"modified":"2016-06-13T09:36:24","modified_gmt":"2016-06-13T07:36:24","slug":"work-transport-of-fluids","status":"publish","type":"page","link":"https:\/\/fonderie-mathieu.com\/en\/work-transport-of-fluids\/","title":{"rendered":"Work &#038; transport of fluids"},"content":{"rendered":"<p>[et_pb_section admin_label=&#8221;section&#8221;][et_pb_row admin_label=&#8221;row&#8221;][et_pb_column type=&#8221;4_4&#8243;][et_pb_text admin_label=&#8221;Texte&#8221; background_layout=&#8221;light&#8221; text_orientation=&#8221;left&#8221; use_border_color=&#8221;off&#8221; border_color=&#8221;#ffffff&#8221; border_style=&#8221;solid&#8221;]<\/p>\n<h1>Work&#038; transport of fluids<br \/>\n<\/h1>\n<p>[\/et_pb_text][\/et_pb_column][\/et_pb_row][et_pb_row admin_label=&#8221;Ligne&#8221;][et_pb_column type=&#8221;1_3&#8243;][et_pb_sidebar admin_label=&#8221;Barre lat\u00e9rale&#8221; orientation=&#8221;left&#8221; area=&#8221;et_pb_widget_area_1&#8243; background_layout=&#8221;dark&#8221; remove_border=&#8221;off&#8221; module_class=&#8221;menu-vertical&#8221;]<\/p>\n<p>[\/et_pb_sidebar][et_pb_login admin_label=&#8221;Se connecter&#8221; title=&#8221;Se connecter&#8221; current_page_redirect=&#8221;off&#8221; use_background_color=&#8221;on&#8221; background_color=&#8221;#c65638&#8243; background_layout=&#8221;dark&#8221; text_orientation=&#8221;left&#8221; use_focus_border_color=&#8221;off&#8221; use_border_color=&#8221;off&#8221; border_color=&#8221;#ffffff&#8221; border_style=&#8221;solid&#8221; custom_button=&#8221;off&#8221; button_border_width=&#8221;0&#8243; button_border_radius=&#8221;0&#8243; button_letter_spacing=&#8221;0&#8243; button_use_icon=&#8221;default&#8221; button_icon_placement=&#8221;right&#8221; button_on_hover=&#8221;on&#8221; button_border_radius_hover=&#8221;0&#8243; button_letter_spacing_hover=&#8221;0&#8243;]<\/p>\n<p>[\/et_pb_login][\/et_pb_column][et_pb_column type=&#8221;2_3&#8243;][et_pb_text admin_label=&#8221;Texte&#8221; background_layout=&#8221;light&#8221; text_orientation=&#8221;left&#8221; use_border_color=&#8221;off&#8221; border_color=&#8221;#ffffff&#8221; border_style=&#8221;solid&#8221;]<\/p>\n<p>Mathieu Foundry is very present in the field of pumps, compressors, counter, and other sectors related to fluids. Moreover, more than half of the pieces performed in Mathieu foundry have a hydraulic function.<\/p>\n<p>So Mathieu Foundry produces stators, body, flanges, caps, cylinders, crankshafts, crankcases, distance pieces, pistons, scrolls, valves, rotors,  vessels, plates, etc &#8230;<\/p>\n<p>[\/et_pb_text][et_pb_text admin_label=&#8221;Texte&#8221; background_layout=&#8221;light&#8221; text_orientation=&#8221;left&#8221; use_border_color=&#8221;off&#8221; border_color=&#8221;#ffffff&#8221; border_style=&#8221;solid&#8221; saved_tabs=&#8221;all&#8221; global_module=&#8221;201&#8243;]<\/p>\n<div class=\"printfriendly pf-button  pf-alignleft\">\n                    <a href=\"https:\/\/fonderie-mathieu.com\/en\/work-transport-of-fluids\/?pfstyle=wp\" rel=\"nofollow\" onclick=\"\" title=\"Printer Friendly, PDF & Email\">\n                    <img decoding=\"async\" class=\"pf-button-img\" src=\"https:\/\/cdn.printfriendly.com\/buttons\/print-button-gray.png\" alt=\"Print Friendly, PDF & Email\" style=\"width: 66px;height: 24px;\"  \/>\n                    <\/a>\n                <\/div>\n<p>[\/et_pb_text][et_pb_gallery admin_label=&#8221;Galerie&#8221; gallery_ids=&#8221;259,260,258,261&#8243; fullwidth=&#8221;off&#8221; show_title_and_caption=&#8221;off&#8221; show_pagination=&#8221;on&#8221; background_layout=&#8221;light&#8221; auto=&#8221;on&#8221; auto_speed=&#8221;2000&#8243; hover_overlay_color=&#8221;rgba(255,255,255,0.9)&#8221; caption_all_caps=&#8221;off&#8221; use_border_color=&#8221;off&#8221; border_color=&#8221;#ffffff&#8221; border_style=&#8221;solid&#8221; posts_number=&#8221;2&#8243;]<\/p>\n<p>[\/et_pb_gallery][\/et_pb_column][\/et_pb_row][\/et_pb_section]<\/p>\n","protected":false},"excerpt":{"rendered":"<p>Work&#038; transport of fluids Mathieu Foundry is very present in the field of pumps, compressors, counter, and other sectors related to fluids. Moreover, more than half of the pieces performed in Mathieu foundry have a hydraulic function. So Mathieu Foundry produces stators, body, flanges, caps, cylinders, crankshafts, crankcases, distance pieces, pistons, scrolls, valves, rotors, vessels, [&hellip;]<\/p>\n","protected":false},"author":1,"featured_media":0,"parent":0,"menu_order":0,"comment_status":"closed","ping_status":"closed","template":"","meta":{"_et_pb_use_builder":"on","_et_pb_old_content":"<p>[et_pb_section admin_label=\"section\"][et_pb_row admin_label=\"row\"][et_pb_column type=\"4_4\"][et_pb_text admin_label=\"Texte\" background_layout=\"light\" text_orientation=\"left\" use_border_color=\"off\" border_color=\"#ffffff\" border_style=\"solid\"]<\/p><h1>Travail & transport des fluides<\/h1><p>[\/et_pb_text][\/et_pb_column][\/et_pb_row][et_pb_row admin_label=\"Ligne\"][et_pb_column type=\"1_3\"][et_pb_sidebar admin_label=\"Barre lat\u00e9rale\" orientation=\"left\" area=\"et_pb_widget_area_1\" background_layout=\"dark\" remove_border=\"off\" module_class=\"menu-vertical\"]<\/p><p>[\/et_pb_sidebar][et_pb_login admin_label=\"Se connecter\" title=\"Se connecter\" current_page_redirect=\"off\" use_background_color=\"on\" background_color=\"#c65638\" background_layout=\"dark\" text_orientation=\"left\" use_focus_border_color=\"off\" use_border_color=\"off\" border_color=\"#ffffff\" border_style=\"solid\" custom_button=\"off\" button_border_width=\"0\" button_border_radius=\"0\" button_letter_spacing=\"0\" button_use_icon=\"default\" button_icon_placement=\"right\" button_on_hover=\"on\" button_border_radius_hover=\"0\" button_letter_spacing_hover=\"0\"]<\/p><p>[\/et_pb_login][\/et_pb_column][et_pb_column type=\"2_3\"][et_pb_text admin_label=\"Texte\" background_layout=\"light\" text_orientation=\"left\" use_border_color=\"off\" border_color=\"#ffffff\" border_style=\"solid\"]<\/p><p>Fonderie Mathieu est tr\u00e8s pr\u00e9sent dans le domaine des pompes, compresseurs, compteurs, et d\u2019autres secteurs se rapportant aux fluides. D\u2019ailleurs, plus de la moiti\u00e9 des pi\u00e8ces r\u00e9alis\u00e9es chez fonderie Mathieu ont une fonction hydraulique.<\/p><p>Ainsi, Fonderie Mathieu r\u00e9alise des stators, corps, brides, couvercles, cylindres, fonds, crosses, b\u00e2tis, pistons, volutes, vannes, rotors, clapets, cuves, flasques, etc\u2026<\/p><p>[\/et_pb_text][et_pb_text admin_label=\"Texte\" background_layout=\"light\" text_orientation=\"left\" use_border_color=\"off\" border_color=\"#ffffff\" border_style=\"solid\" saved_tabs=\"all\" global_module=\"201\"]<\/p><p>[printfriendly]<\/p><p>[\/et_pb_text][et_pb_gallery admin_label=\"Galerie\" gallery_ids=\"259,260,258,261\" fullwidth=\"off\" show_title_and_caption=\"off\" show_pagination=\"on\" background_layout=\"light\" auto=\"on\" auto_speed=\"2000\" hover_overlay_color=\"rgba(255,255,255,0.9)\" caption_all_caps=\"off\" use_border_color=\"off\" border_color=\"#ffffff\" border_style=\"solid\" posts_number=\"2\"]<\/p><p>[\/et_pb_gallery][\/et_pb_column][\/et_pb_row][\/et_pb_section]<\/p>","_et_gb_content_width":"","footnotes":""},"class_list":["post-369","page","type-page","status-publish","hentry"],"yoast_head":"<!-- This site is optimized with the Yoast SEO plugin v27.2 - https:\/\/yoast.com\/product\/yoast-seo-wordpress\/ -->\n<title>Work &amp; transport of fluids - Fonderie de Fontes et d\u2019aciers<\/title>\n<meta name=\"robots\" content=\"index, follow, max-snippet:-1, max-image-preview:large, max-video-preview:-1\" \/>\n<link rel=\"canonical\" href=\"https:\/\/fonderie-mathieu.com\/en\/work-transport-of-fluids\/\" \/>\n<meta property=\"og:locale\" content=\"en_US\" \/>\n<meta property=\"og:type\" content=\"article\" \/>\n<meta property=\"og:title\" content=\"Work &amp; transport of fluids - Fonderie de Fontes et d\u2019aciers\" \/>\n<meta property=\"og:description\" content=\"Work&amp; transport of fluids Mathieu Foundry is very present in the field of pumps, compressors, counter, and other sectors related to fluids. Moreover, more than half of the pieces performed in Mathieu foundry have a hydraulic function. So Mathieu Foundry produces stators, body, flanges, caps, cylinders, crankshafts, crankcases, distance pieces, pistons, scrolls, valves, rotors, vessels, [&hellip;]\" \/>\n<meta property=\"og:url\" content=\"https:\/\/fonderie-mathieu.com\/en\/work-transport-of-fluids\/\" \/>\n<meta property=\"og:site_name\" content=\"Fonderie de Fontes et d\u2019aciers\" \/>\n<meta property=\"article:modified_time\" content=\"2016-06-13T07:36:24+00:00\" \/>\n<meta name=\"twitter:card\" content=\"summary_large_image\" \/>\n<meta name=\"twitter:label1\" content=\"Est. reading time\" \/>\n\t<meta name=\"twitter:data1\" content=\"2 minutes\" \/>\n<script type=\"application\/ld+json\" class=\"yoast-schema-graph\">{\"@context\":\"https:\/\/schema.org\",\"@graph\":[{\"@type\":\"WebPage\",\"@id\":\"https:\/\/fonderie-mathieu.com\/en\/work-transport-of-fluids\/\",\"url\":\"https:\/\/fonderie-mathieu.com\/en\/work-transport-of-fluids\/\",\"name\":\"Work & transport of fluids - Fonderie de Fontes et d\u2019aciers\",\"isPartOf\":{\"@id\":\"https:\/\/fonderie-mathieu.com\/#website\"},\"datePublished\":\"2016-06-11T11:59:37+00:00\",\"dateModified\":\"2016-06-13T07:36:24+00:00\",\"breadcrumb\":{\"@id\":\"https:\/\/fonderie-mathieu.com\/en\/work-transport-of-fluids\/#breadcrumb\"},\"inLanguage\":\"en-US\",\"potentialAction\":[{\"@type\":\"ReadAction\",\"target\":[\"https:\/\/fonderie-mathieu.com\/en\/work-transport-of-fluids\/\"]}]},{\"@type\":\"BreadcrumbList\",\"@id\":\"https:\/\/fonderie-mathieu.com\/en\/work-transport-of-fluids\/#breadcrumb\",\"itemListElement\":[{\"@type\":\"ListItem\",\"position\":1,\"name\":\"Accueil\",\"item\":\"https:\/\/fonderie-mathieu.com\/en\/\"},{\"@type\":\"ListItem\",\"position\":2,\"name\":\"Work &#038; transport of fluids\"}]},{\"@type\":\"WebSite\",\"@id\":\"https:\/\/fonderie-mathieu.com\/#website\",\"url\":\"https:\/\/fonderie-mathieu.com\/\",\"name\":\"Fonderie de Fontes et d\u2019aciers\",\"description\":\"Reseller: Cast iron and steel \",\"potentialAction\":[{\"@type\":\"SearchAction\",\"target\":{\"@type\":\"EntryPoint\",\"urlTemplate\":\"https:\/\/fonderie-mathieu.com\/?s={search_term_string}\"},\"query-input\":{\"@type\":\"PropertyValueSpecification\",\"valueRequired\":true,\"valueName\":\"search_term_string\"}}],\"inLanguage\":\"en-US\"}]}<\/script>\n<!-- \/ Yoast SEO plugin. -->","yoast_head_json":{"title":"Work & transport of fluids - Fonderie de Fontes et d\u2019aciers","robots":{"index":"index","follow":"follow","max-snippet":"max-snippet:-1","max-image-preview":"max-image-preview:large","max-video-preview":"max-video-preview:-1"},"canonical":"https:\/\/fonderie-mathieu.com\/en\/work-transport-of-fluids\/","og_locale":"en_US","og_type":"article","og_title":"Work & transport of fluids - Fonderie de Fontes et d\u2019aciers","og_description":"Work& transport of fluids Mathieu Foundry is very present in the field of pumps, compressors, counter, and other sectors related to fluids. Moreover, more than half of the pieces performed in Mathieu foundry have a hydraulic function. So Mathieu Foundry produces stators, body, flanges, caps, cylinders, crankshafts, crankcases, distance pieces, pistons, scrolls, valves, rotors, vessels, [&hellip;]","og_url":"https:\/\/fonderie-mathieu.com\/en\/work-transport-of-fluids\/","og_site_name":"Fonderie de Fontes et d\u2019aciers","article_modified_time":"2016-06-13T07:36:24+00:00","twitter_card":"summary_large_image","twitter_misc":{"Est. reading time":"2 minutes"},"schema":{"@context":"https:\/\/schema.org","@graph":[{"@type":"WebPage","@id":"https:\/\/fonderie-mathieu.com\/en\/work-transport-of-fluids\/","url":"https:\/\/fonderie-mathieu.com\/en\/work-transport-of-fluids\/","name":"Work & transport of fluids - Fonderie de Fontes et d\u2019aciers","isPartOf":{"@id":"https:\/\/fonderie-mathieu.com\/#website"},"datePublished":"2016-06-11T11:59:37+00:00","dateModified":"2016-06-13T07:36:24+00:00","breadcrumb":{"@id":"https:\/\/fonderie-mathieu.com\/en\/work-transport-of-fluids\/#breadcrumb"},"inLanguage":"en-US","potentialAction":[{"@type":"ReadAction","target":["https:\/\/fonderie-mathieu.com\/en\/work-transport-of-fluids\/"]}]},{"@type":"BreadcrumbList","@id":"https:\/\/fonderie-mathieu.com\/en\/work-transport-of-fluids\/#breadcrumb","itemListElement":[{"@type":"ListItem","position":1,"name":"Accueil","item":"https:\/\/fonderie-mathieu.com\/en\/"},{"@type":"ListItem","position":2,"name":"Work &#038; transport of fluids"}]},{"@type":"WebSite","@id":"https:\/\/fonderie-mathieu.com\/#website","url":"https:\/\/fonderie-mathieu.com\/","name":"Fonderie de Fontes et d\u2019aciers","description":"Reseller: Cast iron and steel ","potentialAction":[{"@type":"SearchAction","target":{"@type":"EntryPoint","urlTemplate":"https:\/\/fonderie-mathieu.com\/?s={search_term_string}"},"query-input":{"@type":"PropertyValueSpecification","valueRequired":true,"valueName":"search_term_string"}}],"inLanguage":"en-US"}]}},"_links":{"self":[{"href":"https:\/\/fonderie-mathieu.com\/en\/wp-json\/wp\/v2\/pages\/369","targetHints":{"allow":["GET"]}}],"collection":[{"href":"https:\/\/fonderie-mathieu.com\/en\/wp-json\/wp\/v2\/pages"}],"about":[{"href":"https:\/\/fonderie-mathieu.com\/en\/wp-json\/wp\/v2\/types\/page"}],"author":[{"embeddable":true,"href":"https:\/\/fonderie-mathieu.com\/en\/wp-json\/wp\/v2\/users\/1"}],"replies":[{"embeddable":true,"href":"https:\/\/fonderie-mathieu.com\/en\/wp-json\/wp\/v2\/comments?post=369"}],"version-history":[{"count":3,"href":"https:\/\/fonderie-mathieu.com\/en\/wp-json\/wp\/v2\/pages\/369\/revisions"}],"predecessor-version":[{"id":453,"href":"https:\/\/fonderie-mathieu.com\/en\/wp-json\/wp\/v2\/pages\/369\/revisions\/453"}],"wp:attachment":[{"href":"https:\/\/fonderie-mathieu.com\/en\/wp-json\/wp\/v2\/media?parent=369"}],"curies":[{"name":"wp","href":"https:\/\/api.w.org\/{rel}","templated":true}]}}