{"id":371,"date":"2016-06-11T14:00:33","date_gmt":"2016-06-11T12:00:33","guid":{"rendered":"http:\/\/fonderie-mathieu.com\/?page_id=371&#038;lang=en"},"modified":"2018-11-13T11:59:07","modified_gmt":"2018-11-13T10:59:07","slug":"outils-de-production","status":"publish","type":"page","link":"https:\/\/fonderie-mathieu.com\/en\/outils-de-production\/","title":{"rendered":"Production tools"},"content":{"rendered":"<p>[et_pb_section fb_built=&#8221;1&#8243; admin_label=&#8221;section&#8221; _builder_version=&#8221;3.0.47&#8243;][et_pb_row admin_label=&#8221;row&#8221; _builder_version=&#8221;3.0.48&#8243; background_size=&#8221;initial&#8221; background_position=&#8221;top_left&#8221; background_repeat=&#8221;repeat&#8221;][et_pb_column type=&#8221;4_4&#8243; _builder_version=&#8221;3.0.47&#8243; parallax=&#8221;off&#8221; parallax_method=&#8221;on&#8221;][et_pb_text admin_label=&#8221;Texte&#8221; _builder_version=&#8221;3.0.87&#8243; background_size=&#8221;initial&#8221; background_position=&#8221;top_left&#8221; background_repeat=&#8221;repeat&#8221; use_border_color=&#8221;off&#8221; border_color=&#8221;#ffffff&#8221; border_style=&#8221;solid&#8221;]<\/p>\n<h1>Production tools<\/h1>\n<p>[\/et_pb_text][\/et_pb_column][\/et_pb_row][et_pb_row admin_label=&#8221;Ligne&#8221; _builder_version=&#8221;3.0.48&#8243; background_size=&#8221;initial&#8221; background_position=&#8221;top_left&#8221; background_repeat=&#8221;repeat&#8221;][et_pb_column type=&#8221;3_4&#8243; _builder_version=&#8221;3.0.47&#8243; parallax=&#8221;off&#8221; parallax_method=&#8221;on&#8221;][et_pb_text admin_label=&#8221;Texte&#8221; _builder_version=&#8221;3.0.87&#8243; background_size=&#8221;initial&#8221; background_position=&#8221;top_left&#8221; background_repeat=&#8221;repeat&#8221; use_border_color=&#8221;off&#8221; border_color=&#8221;#ffffff&#8221; border_style=&#8221;solid&#8221;]<\/p>\n<h3>Principaux moyens de fabrication<\/h3>\n<p><strong>1. Foundry manufacturing on patterns<\/strong><img loading=\"lazy\" decoding=\"async\" class=\"alignright size-medium wp-image-236\" src=\"https:\/\/fonderie-mathieu.com\/wp-content\/uploads\/2016\/06\/Photo-N\u00b09-228x300.jpg\" alt=\"Noyauteuse, fonderie\" width=\"228\" height=\"300\" srcset=\"https:\/\/fonderie-mathieu.com\/wp-content\/uploads\/2016\/06\/Photo-N\u00b09-228x300.jpg 228w, https:\/\/fonderie-mathieu.com\/wp-content\/uploads\/2016\/06\/Photo-N\u00b09-768x1011.jpg 768w, https:\/\/fonderie-mathieu.com\/wp-content\/uploads\/2016\/06\/Photo-N\u00b09-778x1024.jpg 778w, https:\/\/fonderie-mathieu.com\/wp-content\/uploads\/2016\/06\/Photo-N\u00b09-1080x1421.jpg 1080w, https:\/\/fonderie-mathieu.com\/wp-content\/uploads\/2016\/06\/Photo-N\u00b09.jpg 608w\" sizes=\"(max-width: 228px) 100vw, 228px\" \/><\/p>\n<ul>\n<li>Monthly capacity production of : 120 T\/month<\/li>\n<li>Moulding of unit, small &amp; medium series.<\/li>\n<li>Iron casting from 0,100 Kg to 2 000 Kg.<\/li>\n<\/ul>\n<p><strong>2. Means of fusion<\/strong><\/p>\n<ul>\n<li>1 Induction electric furnace (medium frequency)<br \/> of 1600 Kg.<\/li>\n<li>2 Induction electric furnace (medium frequency)<br \/> of 750 Kg.<\/li>\n<\/ul>\n<p><strong>3. Automatic core shooters, cold boxe<\/strong>s<\/p>\n<ul>\n<li>H25 (25 liters)<\/li>\n<li>H80 (80 liters)<\/li>\n<\/ul>\n<p><strong>4. Hand coring<\/strong><\/p>\n<p><strong>5. Internal pattern shop<\/strong><\/p>\n<p>Design and manufacturing of pattern in polystyrene, wood, resin &amp; aluminium.<\/p>\n<p><strong>6.\u00a0 Machining, heat treatments and painting, or other finishing<\/strong><\/p>\n<p><strong>7. Moulding plants\u00a0<\/strong><\/p>\n<ul>\n<li>1 Semi-automatic moulding worksite for small &amp; medium series, boxes: 400&#215;300, 650&#215;620 &amp; 850&#215;850.<\/li>\n<li>1 Semi-automatic moulding worksite for small &amp; medium series, boxes\u00a0: 900&#215;900, 1000&#215;1000 &amp; 1200&#215;1200.<\/li>\n<li>1 Hand moulding worksite for unit castings as for large and heavy castings (Largest boxes is 3700&#215;2000).<\/li>\n<\/ul>\n<p>[\/et_pb_text][\/et_pb_column][et_pb_column type=&#8221;1_4&#8243; _builder_version=&#8221;3.0.47&#8243; parallax=&#8221;off&#8221; parallax_method=&#8221;on&#8221;][et_pb_login title=&#8221;Login&#8221; admin_label=&#8221;Se connecter&#8221; _builder_version=&#8221;3.16&#8243; use_border_color=&#8221;off&#8221; border_color=&#8221;#ffffff&#8221; border_style=&#8221;solid&#8221; button_border_radius_hover=&#8221;0&#8243; button_letter_spacing_hover=&#8221;0&#8243; button_text_size__hover_enabled=&#8221;off&#8221; button_one_text_size__hover_enabled=&#8221;off&#8221; button_two_text_size__hover_enabled=&#8221;off&#8221; button_text_color__hover_enabled=&#8221;off&#8221; button_one_text_color__hover_enabled=&#8221;off&#8221; button_two_text_color__hover_enabled=&#8221;off&#8221; button_border_width__hover_enabled=&#8221;off&#8221; button_one_border_width__hover_enabled=&#8221;off&#8221; button_two_border_width__hover_enabled=&#8221;off&#8221; button_border_color__hover_enabled=&#8221;off&#8221; button_one_border_color__hover_enabled=&#8221;off&#8221; button_two_border_color__hover_enabled=&#8221;off&#8221; button_border_radius__hover_enabled=&#8221;on&#8221; button_border_radius__hover=&#8221;0&#8243; button_one_border_radius__hover_enabled=&#8221;off&#8221; button_two_border_radius__hover_enabled=&#8221;off&#8221; button_letter_spacing__hover_enabled=&#8221;on&#8221; button_letter_spacing__hover=&#8221;0&#8243; button_one_letter_spacing__hover_enabled=&#8221;off&#8221; button_two_letter_spacing__hover_enabled=&#8221;off&#8221; button_bg_color__hover_enabled=&#8221;off&#8221; button_one_bg_color__hover_enabled=&#8221;off&#8221; button_two_bg_color__hover_enabled=&#8221;off&#8221;][\/et_pb_login][et_pb_text admin_label=&#8221;Texte&#8221; module_class=&#8221;bloc-contact&#8221; _builder_version=&#8221;3.0.87&#8243; background_size=&#8221;initial&#8221; background_position=&#8221;top_left&#8221; background_repeat=&#8221;repeat&#8221; use_border_color=&#8221;off&#8221; border_color=&#8221;#ffffff&#8221; border_style=&#8221;solid&#8221;]<\/p>\n<h4>Contact<\/h4>\n<ul>\n<li class=\"home\"><img loading=\"lazy\" decoding=\"async\" class=\"alignleft size-full wp-image-89\" src=\"https:\/\/fonderie-mathieu.com\/wp-content\/uploads\/2016\/05\/Adresse.png\" alt=\"Adresse\" width=\"22\" height=\"21\" \/>Fonderie Mathieu<br \/>\n24 route Demigny<br \/>\n71530 Champforgeuil<\/li>\n<li><img loading=\"lazy\" decoding=\"async\" class=\"alignleft size-full wp-image-105\" src=\"https:\/\/fonderie-mathieu.com\/wp-content\/uploads\/2016\/05\/Phone.png\" alt=\"Phone\" width=\"22\" height=\"21\" \/>+33 (0) 3 85 43 43 78<\/li>\n<li><img loading=\"lazy\" decoding=\"async\" class=\"alignleft size-full wp-image-96\" src=\"https:\/\/fonderie-mathieu.com\/wp-content\/uploads\/2016\/05\/FAX.png\" alt=\"FAX\" width=\"26\" height=\"21\" \/>+33 (0) 3 85 43 50 07<\/li>\n<li><img loading=\"lazy\" decoding=\"async\" class=\"alignleft size-full wp-image-91\" src=\"https:\/\/fonderie-mathieu.com\/wp-content\/uploads\/2016\/05\/email.png\" alt=\"email\" width=\"22\" height=\"21\" \/><a href=\"mailto:dhenrot@fonderie-mathieu.com\">dhenrot@fonderie-mathieu.com<\/a><\/li>\n<\/ul>\n<p>[\/et_pb_text][\/et_pb_column][\/et_pb_row][et_pb_row custom_padding=&#8221;40px|40px|40px|40px&#8221; padding_mobile=&#8221;off&#8221; column_padding_mobile=&#8221;on&#8221; parallax_method_1=&#8221;off&#8221; parallax_method_2=&#8221;off&#8221; parallax_method_3=&#8221;off&#8221; admin_label=&#8221;Ligne&#8221; module_class=&#8221;bloc-controle&#8221; _builder_version=&#8221;3.0.48&#8243; background_color=&#8221;#c65638&#8243; background_size=&#8221;initial&#8221; background_position=&#8221;top_left&#8221; background_repeat=&#8221;repeat&#8221;][et_pb_column type=&#8221;1_3&#8243; _builder_version=&#8221;3.0.47&#8243; column_padding_mobile=&#8221;on&#8221; parallax=&#8221;off&#8221; parallax_method=&#8221;off&#8221;][et_pb_text admin_label=&#8221;Texte&#8221; _builder_version=&#8221;3.0.87&#8243; background_size=&#8221;initial&#8221; background_position=&#8221;top_left&#8221; background_repeat=&#8221;repeat&#8221; background_layout=&#8221;dark&#8221; use_border_color=&#8221;off&#8221; border_color=&#8221;#ffffff&#8221; border_style=&#8221;solid&#8221;]<\/p>\n<h3>Inspection means <\/h3>\n<ul>\n<li>Chemical analysis by spectrometer.<\/li>\n<li>Mechanical tests (external).<\/li>\n<li>Thermal analysis.<\/li>\n<li>Hardness with fix hardness tester.<\/li>\n<\/ul>\n<p>[\/et_pb_text][\/et_pb_column][et_pb_column type=&#8221;1_3&#8243; _builder_version=&#8221;3.0.47&#8243; column_padding_mobile=&#8221;on&#8221; parallax=&#8221;off&#8221; parallax_method=&#8221;off&#8221;][et_pb_divider show_divider=&#8221;off&#8221; disabled_on=&#8221;on|on|off&#8221; admin_label=&#8221;S\u00e9parateur&#8221; _builder_version=&#8221;3.2&#8243; hide_on_mobile=&#8221;on&#8221;][\/et_pb_divider][et_pb_text admin_label=&#8221;Texte&#8221; _builder_version=&#8221;3.0.87&#8243; background_size=&#8221;initial&#8221; background_position=&#8221;top_left&#8221; background_repeat=&#8221;repeat&#8221; background_layout=&#8221;dark&#8221; use_border_color=&#8221;off&#8221; border_color=&#8221;#ffffff&#8221; border_style=&#8221;solid&#8221;]<\/p>\n<ul>\n<li>Brinelland mobile hardness tester with calibrated pins.<\/li>\n<li>Microscope for matrix studying.<\/li>\n<li>UT (ultrasonic) inspection.<\/li>\n<li>MT (magnetic crack) inspection.<\/li>\n<\/ul>\n<p>[\/et_pb_text][\/et_pb_column][et_pb_column type=&#8221;1_3&#8243; _builder_version=&#8221;3.0.47&#8243; column_padding_mobile=&#8221;on&#8221; parallax=&#8221;off&#8221; parallax_method=&#8221;off&#8221;][et_pb_divider show_divider=&#8221;off&#8221; disabled_on=&#8221;on|on|off&#8221; admin_label=&#8221;S\u00e9parateur&#8221; _builder_version=&#8221;3.2&#8243; hide_on_mobile=&#8221;on&#8221;][\/et_pb_divider][et_pb_text admin_label=&#8221;Texte&#8221; _builder_version=&#8221;3.0.87&#8243; background_size=&#8221;initial&#8221; background_position=&#8221;top_left&#8221; background_repeat=&#8221;repeat&#8221; background_layout=&#8221;dark&#8221; use_border_color=&#8221;off&#8221; border_color=&#8221;#ffffff&#8221; border_style=&#8221;solid&#8221;]<\/p>\n<ul>\n<li>PT (liquid die penetrant) inspection.<\/li>\n<li>Casting dimensional inspection (allowance tracing and portable 3D measurement arm).<\/li>\n<li>Pressure test on raw &amp; machined castings.<\/li>\n<\/ul>\n<p>[\/et_pb_text][\/et_pb_column][\/et_pb_row][et_pb_row admin_label=&#8221;Ligne&#8221; _builder_version=&#8221;3.0.48&#8243; background_size=&#8221;initial&#8221; background_position=&#8221;top_left&#8221; background_repeat=&#8221;repeat&#8221;][et_pb_column type=&#8221;3_4&#8243; _builder_version=&#8221;3.0.47&#8243; parallax=&#8221;off&#8221; parallax_method=&#8221;on&#8221;][et_pb_text admin_label=&#8221;Texte&#8221; _builder_version=&#8221;3.0.87&#8243; background_size=&#8221;initial&#8221; background_position=&#8221;top_left&#8221; background_repeat=&#8221;repeat&#8221; use_border_color=&#8221;off&#8221; border_color=&#8221;#ffffff&#8221; border_style=&#8221;solid&#8221; global_module=&#8221;201&#8243; saved_tabs=&#8221;all&#8221;]<\/p>\n<div class=\"printfriendly pf-button  pf-alignleft\">\n                    <a href=\"https:\/\/fonderie-mathieu.com\/en\/outils-de-production\/?pfstyle=wp\" rel=\"nofollow\" onclick=\"\" title=\"Printer Friendly, PDF & Email\">\n                    <img decoding=\"async\" class=\"pf-button-img\" src=\"https:\/\/cdn.printfriendly.com\/buttons\/print-button-gray.png\" alt=\"Print Friendly, PDF & Email\" style=\"width: 66px;height: 24px;\"  \/>\n                    <\/a>\n                <\/div>\n<p>[\/et_pb_text][\/et_pb_column][et_pb_column type=&#8221;1_4&#8243; _builder_version=&#8221;3.0.47&#8243; parallax=&#8221;off&#8221; parallax_method=&#8221;on&#8221;][\/et_pb_column][\/et_pb_row][\/et_pb_section]<\/p>\n","protected":false},"excerpt":{"rendered":"<p>Production tools Principaux moyens de fabrication 1. Foundry manufacturing on patterns Monthly capacity production of : 120 T\/month Moulding of unit, small &amp; medium series. Iron casting from 0,100 Kg to 2 000 Kg. 2. Means of fusion 1 Induction electric furnace (medium frequency) of 1600 Kg. 2 Induction electric furnace (medium frequency) of 750 [&hellip;]<\/p>\n","protected":false},"author":1,"featured_media":0,"parent":0,"menu_order":0,"comment_status":"closed","ping_status":"closed","template":"","meta":{"_et_pb_use_builder":"on","_et_pb_old_content":"<p>[et_pb_section admin_label=\"section\"][et_pb_row admin_label=\"row\"][et_pb_column type=\"4_4\"][et_pb_text admin_label=\"Texte\" background_layout=\"light\" text_orientation=\"left\" use_border_color=\"off\" border_color=\"#ffffff\" border_style=\"solid\"]<\/p><h1>Outils de production<\/h1><p>[\/et_pb_text][\/et_pb_column][\/et_pb_row][et_pb_row admin_label=\"Ligne\"][et_pb_column type=\"3_4\"][et_pb_text admin_label=\"Texte\" background_layout=\"light\" text_orientation=\"left\" use_border_color=\"off\" border_color=\"#ffffff\" border_style=\"solid\"]<\/p><h3>Principaux moyens de fabrication<\/h3><h3><img class=\"size-medium wp-image-236 alignright\" src=\"https:\/\/fonderie-mathieu.com\/wp-content\/uploads\/2016\/06\/Photo-N\u00b09-228x300.jpg\" alt=\"Noyauteuse, fonderie\" width=\"228\" height=\"300\" \/><\/h3><h4>Fonderie sur modeles<\/h4><ul><li>capacit\u00e9 120 T\/mois<\/li><li>Moulage de pi\u00e8ce unitaire, petite et moyenne s\u00e9rie.<\/li><li>Pi\u00e8ces de 0,100 Kg \u00e0 2 000 Kg en fonte.<\/li><\/ul><h4>Moyens de fusion<\/h4><ul><li>\u00a01 Four \u00e9lectrique \u00e0\u00a0 induction\u00a0\u00a0 (moyenne fr\u00e9quence) de 1600 Kg<\/li><li>2 Fours \u00e9lectriques \u00e0 induction (moyenne fr\u00e9quence)<br \/> de 750 Kg.<\/li><\/ul><h4>Noyautage M\u00e9canis\u00e9 boite froide<\/h4><ul><li>LL20 (20 litres)<\/li><li>H80 (80 litres)<\/li><\/ul><h4>Noyautage manuel<\/h4><h4>Traitements thermiques<\/h4><p>[\/et_pb_text][\/et_pb_column][et_pb_column type=\"1_4\"][et_pb_login admin_label=\"Se connecter\" title=\"Se connecter\" current_page_redirect=\"off\" use_background_color=\"on\" background_color=\"#c65638\" background_layout=\"dark\" text_orientation=\"left\" use_focus_border_color=\"off\" use_border_color=\"off\" border_color=\"#ffffff\" border_style=\"solid\" custom_button=\"off\" button_border_width=\"0\" button_border_radius=\"0\" button_letter_spacing=\"0\" button_use_icon=\"default\" button_icon_placement=\"right\" button_on_hover=\"on\" button_border_radius_hover=\"0\" button_letter_spacing_hover=\"0\"] [\/et_pb_login][et_pb_text admin_label=\"Texte\" background_layout=\"light\" text_orientation=\"left\" use_border_color=\"off\" border_color=\"#ffffff\" border_style=\"solid\" module_class=\"bloc-contact\"]<\/p><h4>Contact<\/h4><ul><li class=\"home\"><img class=\"alignleft size-full wp-image-89\" src=\"https:\/\/fonderie-mathieu.com\/wp-content\/uploads\/2016\/05\/Adresse.png\" alt=\"Adresse\" width=\"22\" height=\"21\" \/>Fonderie Mathieu<br \/> 24 route Demigny<br \/> 71530 Champforgeuil<\/li><li><img class=\"alignleft size-full wp-image-105\" src=\"https:\/\/fonderie-mathieu.com\/wp-content\/uploads\/2016\/05\/Phone.png\" alt=\"Phone\" width=\"22\" height=\"21\" \/>+33 (0) 3 85 43 43 78<\/li><li><img class=\"alignleft size-full wp-image-96\" src=\"https:\/\/fonderie-mathieu.com\/wp-content\/uploads\/2016\/05\/FAX.png\" alt=\"FAX\" width=\"26\" height=\"21\" \/>+33 (0) 3 85 43 50 07<\/li><li><img class=\"alignleft size-full wp-image-91\" src=\"https:\/\/fonderie-mathieu.com\/wp-content\/uploads\/2016\/05\/email.png\" alt=\"email\" width=\"22\" height=\"21\" \/><a href=\"mailto:dhenrot@fonderie-mathieu.com\">dhenrot@fonderie-mathieu.com<\/a><\/li><\/ul><p>[\/et_pb_text][\/et_pb_column][\/et_pb_row][et_pb_row admin_label=\"Ligne\"][et_pb_column type=\"4_4\"][et_pb_divider admin_label=\"S\u00e9parateur\" color=\"#e8e8e8\" show_divider=\"on\" divider_style=\"solid\" divider_position=\"top\" hide_on_mobile=\"on\"] [\/et_pb_divider][\/et_pb_column][\/et_pb_row][et_pb_row admin_label=\"Ligne\"][et_pb_column type=\"1_2\"][et_pb_text admin_label=\"Texte\" background_layout=\"light\" text_orientation=\"left\" use_border_color=\"off\" border_color=\"#ffffff\" border_style=\"solid\"]<\/p><h3>Contr\u00f4le<\/h3><p>[\/et_pb_text][et_pb_text admin_label=\"Texte\" background_layout=\"light\" text_orientation=\"left\" use_border_color=\"off\" border_color=\"#ffffff\" border_style=\"solid\"]<\/p><ul><li>Analyses par spectrom\u00e8tre.<\/li><li>Analyse thermique.<\/li><li>Contr\u00f4le rapide de modularit\u00e9 des fontes G.S..<\/li><li>Contr\u00f4le micrographique.<\/li><li>Contr\u00f4le sant\u00e9 interne : par ultra-sons, par ressuage.<\/li><li>Contr\u00f4le de duret\u00e9.<\/li><li>Essai pression.<\/li><li>Essai pression.<\/li><li>Contr\u00f4le dimensionnel.<\/li><li>Tra\u00e7age de pi\u00e8ce prototype.<\/li><li>Essais m\u00e9caniques<\/li><\/ul><p>[\/et_pb_text][\/et_pb_column][et_pb_column type=\"1_2\"][et_pb_text admin_label=\"Texte\" background_layout=\"light\" text_orientation=\"left\" use_border_color=\"off\" border_color=\"#ffffff\" border_style=\"solid\"]<\/p><h5>Atelier de modelage,conception et r\u00e9alisation<br \/> d\u2019outillages<\/h5><p>Mod\u00e8les bois, r\u00e9sine ou polystyr\u00e8ne.<\/p><h5>L\u2019usinage, les traitement thermiques et les peintures & finitions<\/h5><p>\u00a0<\/p><h5>3 chantiers de moulage :<\/h5><ul><li>1 chantier avec 2 postes pour petite et moyenne s\u00e9rie, ch\u00e2ssis de 400x300, 650x620 et 850x850.<\/li><li>1 chantier pour petite et moyenne s\u00e9rie, ch\u00e2ssis de 900x900, 1000x1000 et 1200x1200.<\/li><li>1 chantier de moulage main, pour pi\u00e8ces unitaires et grosses pi\u00e8ces (dimensions maximum des ch\u00e2ssis : 4500x1000 & 2400x2400).<\/li><li>Proc\u00e9d\u00e9 de moulage : sable auto-durcissant.<\/li><\/ul><p>[\/et_pb_text][\/et_pb_column][\/et_pb_row][et_pb_row admin_label=\"Ligne\"][et_pb_column type=\"3_4\"][et_pb_text admin_label=\"Texte\" global_module=\"201\" background_layout=\"light\" text_orientation=\"left\" use_border_color=\"off\" border_color=\"#ffffff\" border_style=\"solid\" saved_tabs=\"all\"] [printfriendly] [\/et_pb_text][\/et_pb_column][et_pb_column type=\"1_4\"][\/et_pb_column][\/et_pb_row][\/et_pb_section]<\/p>","_et_gb_content_width":"","footnotes":""},"class_list":["post-371","page","type-page","status-publish","hentry"],"yoast_head":"<!-- This site is optimized with the Yoast SEO plugin v27.2 - https:\/\/yoast.com\/product\/yoast-seo-wordpress\/ -->\n<title>Production tools - Fonderie de Fontes et d\u2019aciers<\/title>\n<meta name=\"robots\" content=\"index, follow, max-snippet:-1, max-image-preview:large, max-video-preview:-1\" \/>\n<link rel=\"canonical\" href=\"https:\/\/fonderie-mathieu.com\/outils-de-production\/\" \/>\n<meta property=\"og:locale\" content=\"en_US\" \/>\n<meta property=\"og:type\" content=\"article\" \/>\n<meta property=\"og:title\" content=\"Production tools - Fonderie de Fontes et d\u2019aciers\" \/>\n<meta property=\"og:description\" content=\"Production tools Principaux moyens de fabrication 1. Foundry manufacturing on patterns Monthly capacity production of : 120 T\/month Moulding of unit, small &amp; medium series. Iron casting from 0,100 Kg to 2 000 Kg. 2. Means of fusion 1 Induction electric furnace (medium frequency) of 1600 Kg. 2 Induction electric furnace (medium frequency) of 750 [&hellip;]\" \/>\n<meta property=\"og:url\" content=\"https:\/\/fonderie-mathieu.com\/outils-de-production\/\" \/>\n<meta property=\"og:site_name\" content=\"Fonderie de Fontes et d\u2019aciers\" \/>\n<meta property=\"article:modified_time\" content=\"2018-11-13T10:59:07+00:00\" \/>\n<meta property=\"og:image\" content=\"https:\/\/fonderie-mathieu.com\/wp-content\/uploads\/2016\/05\/Adresse.png\" \/>\n<meta name=\"twitter:card\" content=\"summary_large_image\" \/>\n<meta name=\"twitter:label1\" content=\"Est. reading time\" \/>\n\t<meta name=\"twitter:data1\" content=\"5 minutes\" \/>\n<script type=\"application\/ld+json\" class=\"yoast-schema-graph\">{\"@context\":\"https:\/\/schema.org\",\"@graph\":[{\"@type\":\"WebPage\",\"@id\":\"https:\/\/fonderie-mathieu.com\/outils-de-production\/\",\"url\":\"https:\/\/fonderie-mathieu.com\/outils-de-production\/\",\"name\":\"Production tools - Fonderie de Fontes et d\u2019aciers\",\"isPartOf\":{\"@id\":\"https:\/\/fonderie-mathieu.com\/#website\"},\"primaryImageOfPage\":{\"@id\":\"https:\/\/fonderie-mathieu.com\/outils-de-production\/#primaryimage\"},\"image\":{\"@id\":\"https:\/\/fonderie-mathieu.com\/outils-de-production\/#primaryimage\"},\"thumbnailUrl\":\"https:\/\/fonderie-mathieu.com\/wp-content\/uploads\/2016\/05\/Adresse.png\",\"datePublished\":\"2016-06-11T12:00:33+00:00\",\"dateModified\":\"2018-11-13T10:59:07+00:00\",\"breadcrumb\":{\"@id\":\"https:\/\/fonderie-mathieu.com\/outils-de-production\/#breadcrumb\"},\"inLanguage\":\"en-US\",\"potentialAction\":[{\"@type\":\"ReadAction\",\"target\":[\"https:\/\/fonderie-mathieu.com\/outils-de-production\/\"]}]},{\"@type\":\"ImageObject\",\"inLanguage\":\"en-US\",\"@id\":\"https:\/\/fonderie-mathieu.com\/outils-de-production\/#primaryimage\",\"url\":\"https:\/\/fonderie-mathieu.com\/wp-content\/uploads\/2016\/05\/Adresse.png\",\"contentUrl\":\"https:\/\/fonderie-mathieu.com\/wp-content\/uploads\/2016\/05\/Adresse.png\"},{\"@type\":\"BreadcrumbList\",\"@id\":\"https:\/\/fonderie-mathieu.com\/outils-de-production\/#breadcrumb\",\"itemListElement\":[{\"@type\":\"ListItem\",\"position\":1,\"name\":\"Accueil\",\"item\":\"https:\/\/fonderie-mathieu.com\/en\/\"},{\"@type\":\"ListItem\",\"position\":2,\"name\":\"Production tools\"}]},{\"@type\":\"WebSite\",\"@id\":\"https:\/\/fonderie-mathieu.com\/#website\",\"url\":\"https:\/\/fonderie-mathieu.com\/\",\"name\":\"Fonderie de Fontes et d\u2019aciers\",\"description\":\"Reseller: Cast iron and steel \",\"potentialAction\":[{\"@type\":\"SearchAction\",\"target\":{\"@type\":\"EntryPoint\",\"urlTemplate\":\"https:\/\/fonderie-mathieu.com\/?s={search_term_string}\"},\"query-input\":{\"@type\":\"PropertyValueSpecification\",\"valueRequired\":true,\"valueName\":\"search_term_string\"}}],\"inLanguage\":\"en-US\"}]}<\/script>\n<!-- \/ Yoast SEO plugin. -->","yoast_head_json":{"title":"Production tools - Fonderie de Fontes et d\u2019aciers","robots":{"index":"index","follow":"follow","max-snippet":"max-snippet:-1","max-image-preview":"max-image-preview:large","max-video-preview":"max-video-preview:-1"},"canonical":"https:\/\/fonderie-mathieu.com\/outils-de-production\/","og_locale":"en_US","og_type":"article","og_title":"Production tools - Fonderie de Fontes et d\u2019aciers","og_description":"Production tools Principaux moyens de fabrication 1. Foundry manufacturing on patterns Monthly capacity production of : 120 T\/month Moulding of unit, small &amp; medium series. Iron casting from 0,100 Kg to 2 000 Kg. 2. Means of fusion 1 Induction electric furnace (medium frequency) of 1600 Kg. 2 Induction electric furnace (medium frequency) of 750 [&hellip;]","og_url":"https:\/\/fonderie-mathieu.com\/outils-de-production\/","og_site_name":"Fonderie de Fontes et d\u2019aciers","article_modified_time":"2018-11-13T10:59:07+00:00","og_image":[{"url":"https:\/\/fonderie-mathieu.com\/wp-content\/uploads\/2016\/05\/Adresse.png","type":"","width":"","height":""}],"twitter_card":"summary_large_image","twitter_misc":{"Est. reading time":"5 minutes"},"schema":{"@context":"https:\/\/schema.org","@graph":[{"@type":"WebPage","@id":"https:\/\/fonderie-mathieu.com\/outils-de-production\/","url":"https:\/\/fonderie-mathieu.com\/outils-de-production\/","name":"Production tools - Fonderie de Fontes et d\u2019aciers","isPartOf":{"@id":"https:\/\/fonderie-mathieu.com\/#website"},"primaryImageOfPage":{"@id":"https:\/\/fonderie-mathieu.com\/outils-de-production\/#primaryimage"},"image":{"@id":"https:\/\/fonderie-mathieu.com\/outils-de-production\/#primaryimage"},"thumbnailUrl":"https:\/\/fonderie-mathieu.com\/wp-content\/uploads\/2016\/05\/Adresse.png","datePublished":"2016-06-11T12:00:33+00:00","dateModified":"2018-11-13T10:59:07+00:00","breadcrumb":{"@id":"https:\/\/fonderie-mathieu.com\/outils-de-production\/#breadcrumb"},"inLanguage":"en-US","potentialAction":[{"@type":"ReadAction","target":["https:\/\/fonderie-mathieu.com\/outils-de-production\/"]}]},{"@type":"ImageObject","inLanguage":"en-US","@id":"https:\/\/fonderie-mathieu.com\/outils-de-production\/#primaryimage","url":"https:\/\/fonderie-mathieu.com\/wp-content\/uploads\/2016\/05\/Adresse.png","contentUrl":"https:\/\/fonderie-mathieu.com\/wp-content\/uploads\/2016\/05\/Adresse.png"},{"@type":"BreadcrumbList","@id":"https:\/\/fonderie-mathieu.com\/outils-de-production\/#breadcrumb","itemListElement":[{"@type":"ListItem","position":1,"name":"Accueil","item":"https:\/\/fonderie-mathieu.com\/en\/"},{"@type":"ListItem","position":2,"name":"Production tools"}]},{"@type":"WebSite","@id":"https:\/\/fonderie-mathieu.com\/#website","url":"https:\/\/fonderie-mathieu.com\/","name":"Fonderie de Fontes et d\u2019aciers","description":"Reseller: Cast iron and steel ","potentialAction":[{"@type":"SearchAction","target":{"@type":"EntryPoint","urlTemplate":"https:\/\/fonderie-mathieu.com\/?s={search_term_string}"},"query-input":{"@type":"PropertyValueSpecification","valueRequired":true,"valueName":"search_term_string"}}],"inLanguage":"en-US"}]}},"_links":{"self":[{"href":"https:\/\/fonderie-mathieu.com\/en\/wp-json\/wp\/v2\/pages\/371","targetHints":{"allow":["GET"]}}],"collection":[{"href":"https:\/\/fonderie-mathieu.com\/en\/wp-json\/wp\/v2\/pages"}],"about":[{"href":"https:\/\/fonderie-mathieu.com\/en\/wp-json\/wp\/v2\/types\/page"}],"author":[{"embeddable":true,"href":"https:\/\/fonderie-mathieu.com\/en\/wp-json\/wp\/v2\/users\/1"}],"replies":[{"embeddable":true,"href":"https:\/\/fonderie-mathieu.com\/en\/wp-json\/wp\/v2\/comments?post=371"}],"version-history":[{"count":16,"href":"https:\/\/fonderie-mathieu.com\/en\/wp-json\/wp\/v2\/pages\/371\/revisions"}],"predecessor-version":[{"id":723,"href":"https:\/\/fonderie-mathieu.com\/en\/wp-json\/wp\/v2\/pages\/371\/revisions\/723"}],"wp:attachment":[{"href":"https:\/\/fonderie-mathieu.com\/en\/wp-json\/wp\/v2\/media?parent=371"}],"curies":[{"name":"wp","href":"https:\/\/api.w.org\/{rel}","templated":true}]}}