{"id":373,"date":"2016-06-11T14:00:46","date_gmt":"2016-06-11T12:00:46","guid":{"rendered":"http:\/\/fonderie-mathieu.com\/?page_id=373&#038;lang=en"},"modified":"2016-06-13T10:19:11","modified_gmt":"2016-06-13T08:19:11","slug":"knowledge","status":"publish","type":"page","link":"https:\/\/fonderie-mathieu.com\/en\/knowledge\/","title":{"rendered":"Knowledge"},"content":{"rendered":"<p>[et_pb_section admin_label=&#8221;section&#8221;][et_pb_row admin_label=&#8221;row&#8221;][et_pb_column type=&#8221;4_4&#8243;][et_pb_text admin_label=&#8221;Texte&#8221; background_layout=&#8221;light&#8221; text_orientation=&#8221;left&#8221; use_border_color=&#8221;off&#8221; border_color=&#8221;#ffffff&#8221; border_style=&#8221;solid&#8221;]<\/p>\n<h1>Knowledge<\/h1>\n<p>[\/et_pb_text][\/et_pb_column][\/et_pb_row][et_pb_row admin_label=&#8221;Ligne&#8221;][et_pb_column type=&#8221;3_4&#8243;][et_pb_text admin_label=&#8221;Texte&#8221; background_layout=&#8221;light&#8221; text_orientation=&#8221;left&#8221; use_border_color=&#8221;off&#8221; border_color=&#8221;#ffffff&#8221; border_style=&#8221;solid&#8221;]<\/p>\n<p>Fonderie Mathieu is a sand casting foundry process, specialized in the custom manufacturing of prototypes, by single units and small and medium production series.<\/p>\n<p>Fonderie Mathieu casting weight range is from 0.100 to 2000 Kg.<\/p>\n<p>Fonderie Mathieu has a great know-how in the technical castingsmanufacturing, hydraulic castings and high cored castings.<\/p>\n<p>Fonderie Mathieu elaborates alloys with more than <strong>80 shades of cast iron<\/strong>, as :<\/p>\n<ul>\n<li><strong>Lamelar iron<\/strong>: Easy to machine, good absorbing vibration, thermic shocks &amp; oxidization resistant. Great tightness for hydraulic appliances<\/li>\n<li><strong>Nodular iron<\/strong>\u00a0: Very good mechanical performance, shocks and rubbing resistant. Good resilience.<\/li>\n<li><strong>Vermicular iron<\/strong>\u00a0: Very good thermic conductivity and thermic shocks resistant with very limited buckling. Very steady<\/li>\n<li><strong>Austempered ductile iron(ADI)\u00a0:<\/strong> Very high mechanical performances and shocks resistances. High rubbingresistances.<\/li>\n<li><strong>Ni-Hard iron\u00a0:<\/strong> Very resistant to abrasion &amp; erosion. High hardness &amp; rigidity even at high temperature<\/li>\n<li><strong>Ni-Resist iron\u00a0:<\/strong> Very resistant to corrosion in low &amp; high temperatures. Non-magnetic<\/li>\n<li><strong>Ferritic white cast iron\u00a0:<\/strong> High hardness and very good resistance to oxidization.<\/li>\n<li><strong>Ferritic silicium alloyed cast iron\u00a0:<\/strong> Great maintain against distortions and good resistant to oxidization at high temperatures.<\/li>\n<li><strong>Steels:<\/strong> more than 120 shades of steel are melted by La FonderieCharollaise.<\/li>\n<\/ul>\n<p>Fonderie Mathieu has an internal pattern shop with digitizing means, machining capabilities from M2R, and a painting cabin for different finishing.<\/p>\n<p>A project can be conduct entirely from the beginning to the end. Only one contact and one delivery date!<\/p>\n<p>[\/et_pb_text][et_pb_text admin_label=&#8221;Texte&#8221; global_module=&#8221;201&#8243; background_layout=&#8221;light&#8221; text_orientation=&#8221;left&#8221; use_border_color=&#8221;off&#8221; border_color=&#8221;#ffffff&#8221; border_style=&#8221;solid&#8221; saved_tabs=&#8221;all&#8221;]<\/p>\n<div class=\"printfriendly pf-button  pf-alignleft\">\n                    <a href=\"https:\/\/fonderie-mathieu.com\/en\/knowledge\/?pfstyle=wp\" rel=\"nofollow\" onclick=\"\" title=\"Printer Friendly, PDF & Email\">\n                    <img decoding=\"async\" class=\"pf-button-img\" src=\"https:\/\/cdn.printfriendly.com\/buttons\/print-button-gray.png\" alt=\"Print Friendly, PDF & Email\" style=\"width: 66px;height: 24px;\"  \/>\n                    <\/a>\n                <\/div>\n<p>[\/et_pb_text][\/et_pb_column][et_pb_column type=&#8221;1_4&#8243;][et_pb_login admin_label=&#8221;Se connecter&#8221; title=&#8221;Login&#8221; current_page_redirect=&#8221;off&#8221; use_background_color=&#8221;on&#8221; background_color=&#8221;#c65638&#8243; background_layout=&#8221;dark&#8221; text_orientation=&#8221;left&#8221; use_focus_border_color=&#8221;off&#8221; use_border_color=&#8221;off&#8221; border_color=&#8221;#ffffff&#8221; border_style=&#8221;solid&#8221; custom_button=&#8221;off&#8221; button_border_width=&#8221;0&#8243; button_border_radius=&#8221;0&#8243; button_letter_spacing=&#8221;0&#8243; button_use_icon=&#8221;default&#8221; button_icon_placement=&#8221;right&#8221; button_on_hover=&#8221;on&#8221; button_border_radius_hover=&#8221;0&#8243; button_letter_spacing_hover=&#8221;0&#8243;]<\/p>\n<p>[\/et_pb_login][et_pb_text admin_label=&#8221;Texte&#8221; background_layout=&#8221;light&#8221; text_orientation=&#8221;left&#8221; use_border_color=&#8221;off&#8221; border_color=&#8221;#ffffff&#8221; border_style=&#8221;solid&#8221; module_class=&#8221;bloc-contact&#8221;]<\/p>\n<h4>Contact<\/h4>\n<ul>\n<li class=\"home\"><img loading=\"lazy\" decoding=\"async\" class=\"alignleft size-full wp-image-89\" src=\"https:\/\/fonderie-mathieu.com\/wp-content\/uploads\/2016\/05\/Adresse.png\" alt=\"Adresse\" width=\"22\" height=\"21\" \/>Fonderie Mathieu<br \/>\n24 route Demigny<br \/>\n71530 Champforgeuil<\/li>\n<li><img loading=\"lazy\" decoding=\"async\" class=\"alignleft size-full wp-image-105\" src=\"https:\/\/fonderie-mathieu.com\/wp-content\/uploads\/2016\/05\/Phone.png\" alt=\"Phone\" width=\"22\" height=\"21\" \/>+33 (0) 3 85 43 43 78<\/li>\n<li><img loading=\"lazy\" decoding=\"async\" class=\"alignleft size-full wp-image-96\" src=\"https:\/\/fonderie-mathieu.com\/wp-content\/uploads\/2016\/05\/FAX.png\" alt=\"FAX\" width=\"26\" height=\"21\" \/>+33 (0) 3 85 43 50 07<\/li>\n<li><img loading=\"lazy\" decoding=\"async\" class=\"alignleft size-full wp-image-91\" src=\"https:\/\/fonderie-mathieu.com\/wp-content\/uploads\/2016\/05\/email.png\" alt=\"email\" width=\"22\" height=\"21\" \/><a href=\"http:\/\/dhenrot@fonderie-mathieu.com\">dhenrot@fonderie-mathieu.com<\/a><\/li>\n<\/ul>\n<p>[\/et_pb_text][\/et_pb_column][\/et_pb_row][\/et_pb_section]<\/p>\n","protected":false},"excerpt":{"rendered":"<p>Knowledge Fonderie Mathieu is a sand casting foundry process, specialized in the custom manufacturing of prototypes, by single units and small and medium production series. Fonderie Mathieu casting weight range is from 0.100 to 2000 Kg. Fonderie Mathieu has a great know-how in the technical castingsmanufacturing, hydraulic castings and high cored castings. Fonderie Mathieu elaborates [&hellip;]<\/p>\n","protected":false},"author":1,"featured_media":0,"parent":0,"menu_order":0,"comment_status":"closed","ping_status":"closed","template":"","meta":{"_et_pb_use_builder":"on","_et_pb_old_content":"<p>[et_pb_section admin_label=\"section\"][et_pb_row admin_label=\"row\"][et_pb_column type=\"4_4\"][et_pb_text admin_label=\"Texte\" background_layout=\"light\" text_orientation=\"left\" use_border_color=\"off\" border_color=\"#ffffff\" border_style=\"solid\"]<\/p><h1>Savoir faire<\/h1><p>[\/et_pb_text][\/et_pb_column][\/et_pb_row][et_pb_row admin_label=\"Ligne\"][et_pb_column type=\"3_4\"][et_pb_text admin_label=\"Texte\" background_layout=\"light\" text_orientation=\"left\" use_border_color=\"off\" border_color=\"#ffffff\" border_style=\"solid\"]<\/p><p>Fonderie Mathieu est une fonderie sable, sp\u00e9cialis\u00e9e dans la fabrication sur mesure de vos prototypes, pi\u00e8ces unitaires et petites comme moyennes s\u00e9ries.<\/p><p>Fonderie Mathieu r\u00e9alise des pi\u00e8ces d\u2019un poids unitaire de 0.100 \u00e0 2000 Kg.<\/p><p>Fonderie Mathieu a un grand savoir-faire dans la r\u00e9alisation de pi\u00e8ces techniques ; hydrauliques ; fortement noyaut\u00e9es.<\/p><p>Fonderie Mathieu \u00e9labore plus de <strong>80 nuances diff\u00e9rentes de fontes<\/strong> telles que :<\/p><ul><li><strong>les fontes lamellaires\u00a0:<\/strong> Tr\u00e8s bonne usinabilit\u00e9, amortissement aux vibrations, aux chocs thermiques et \u00e0 l\u2019oxydation \u00e0 chaud. Etanch\u00e9it\u00e9 excellente pour des applications hydrauliques.<\/li><li><strong>les fontes sph\u00e9ro\u00efdales :<\/strong> Tr\u00e8s bonnes r\u00e9sistances m\u00e9caniques, aux chocs et \u00e0 l\u2019usure par frottements. Bonne r\u00e9silience.<\/li><li><strong>les fontes vermiculaires :<\/strong> Excellente conductivit\u00e9 thermique et tenue aux chocs thermiques avec de tr\u00e8s faible d\u00e9formation. Tr\u00e8s stable.<\/li><li><strong>les fontes ADI (Austempered ductile iron)\u00a0:<\/strong> Tr\u00e8s hautes caract\u00e9ristiques m\u00e9caniques et r\u00e9sistance aux chocs, ainsi qu\u2019\u00e0 l\u2019usure par frottement.<\/li><li><strong>les fontes Ni-Hard :<\/strong> Tr\u00e8s bonne tenue \u00e0 l\u2019usure par abrasion et \u00e9rosion.<\/li><li><strong>les fontes Ni-Resist :<\/strong> Tr\u00e8s bonne tenue \u00e0 la corrosion, m\u00eame \u00e0 basse et haute temp\u00e9ratures.<\/li><li><strong>les fontes au chrome<\/strong> : Tr\u00e8s haute duret\u00e9 et r\u00e9sistance \u00e0 l\u2019oxydation, m\u00eame \u00e0 haute temp\u00e9rature.<\/li><li><strong>les fontes au silicium :<\/strong> Tr\u00e8s haute tenue \u00e0 la d\u00e9formation et r\u00e9sistance \u00e0 l\u2019oxydation \u00e0 hautes temp\u00e9ratures.<\/li><li><strong>les aciers :<\/strong> Plus de 120 nuances, via La Fonderie Charollaise.<\/li><\/ul><p>Fonderie Mathieu poss\u00e8de son propre atelier de modelage, avec des moyens de digitalisation ainsi que des possibilit\u00e9s d\u2019usinages, via M2R, de peintures et de finitions.<\/p><p>Un projet peut \u00eatre pilot\u00e9 enti\u00e8rement du d\u00e9but \u00e0 sa finalit\u00e9. Un seul interlocuteur et d\u00e9lai\u00a0!<\/p><p>\u00a0<\/p><p>[\/et_pb_text][et_pb_text admin_label=\"Texte\" global_module=\"201\" background_layout=\"light\" text_orientation=\"left\" use_border_color=\"off\" border_color=\"#ffffff\" border_style=\"solid\" saved_tabs=\"all\"] [printfriendly] [\/et_pb_text][\/et_pb_column][et_pb_column type=\"1_4\"][et_pb_login admin_label=\"Se connecter\" title=\"Se connecter\" current_page_redirect=\"off\" use_background_color=\"on\" background_color=\"#c65638\" background_layout=\"dark\" text_orientation=\"left\" use_focus_border_color=\"off\" use_border_color=\"off\" border_color=\"#ffffff\" border_style=\"solid\" custom_button=\"off\" button_border_width=\"0\" button_border_radius=\"0\" button_letter_spacing=\"0\" button_use_icon=\"default\" button_icon_placement=\"right\" button_on_hover=\"on\" button_border_radius_hover=\"0\" button_letter_spacing_hover=\"0\"] [\/et_pb_login][et_pb_text admin_label=\"Texte\" background_layout=\"light\" text_orientation=\"left\" use_border_color=\"off\" border_color=\"#ffffff\" border_style=\"solid\" module_class=\"bloc-contact\"]<\/p><h4>Contact<\/h4><ul><li class=\"home\"><img class=\"alignleft size-full wp-image-89\" src=\"https:\/\/fonderie-mathieu.com\/wp-content\/uploads\/2016\/05\/Adresse.png\" alt=\"Adresse\" width=\"22\" height=\"21\" \/>Fonderie Mathieu<br \/> 24 route Demigny<br \/> 71530 Champforgeuil<\/li><li><img class=\"alignleft size-full wp-image-105\" src=\"https:\/\/fonderie-mathieu.com\/wp-content\/uploads\/2016\/05\/Phone.png\" alt=\"Phone\" width=\"22\" height=\"21\" \/>+33 (0) 3 85 43 43 78<\/li><li><img class=\"alignleft size-full wp-image-96\" src=\"https:\/\/fonderie-mathieu.com\/wp-content\/uploads\/2016\/05\/FAX.png\" alt=\"FAX\" width=\"26\" height=\"21\" \/>+33 (0) 3 85 43 50 07<\/li><li><img class=\"alignleft size-full wp-image-91\" src=\"https:\/\/fonderie-mathieu.com\/wp-content\/uploads\/2016\/05\/email.png\" alt=\"email\" width=\"22\" height=\"21\" \/><a href=\"http:\/\/dhenrot@fonderie-mathieu.com\">dhenrot@fonderie-mathieu.com<\/a><\/li><\/ul><p>[\/et_pb_text][\/et_pb_column][\/et_pb_row][\/et_pb_section]<\/p>","_et_gb_content_width":"","footnotes":""},"class_list":["post-373","page","type-page","status-publish","hentry"],"yoast_head":"<!-- This site is optimized with the Yoast SEO plugin v27.2 - https:\/\/yoast.com\/product\/yoast-seo-wordpress\/ -->\n<title>Knowledge - Fonderie de Fontes et d\u2019aciers<\/title>\n<meta name=\"robots\" content=\"index, follow, max-snippet:-1, max-image-preview:large, max-video-preview:-1\" \/>\n<link rel=\"canonical\" href=\"https:\/\/fonderie-mathieu.com\/savoir-faire\/\" \/>\n<meta property=\"og:locale\" content=\"en_US\" \/>\n<meta property=\"og:type\" content=\"article\" \/>\n<meta property=\"og:title\" content=\"Knowledge - Fonderie de Fontes et d\u2019aciers\" \/>\n<meta property=\"og:description\" content=\"Knowledge Fonderie Mathieu is a sand casting foundry process, specialized in the custom manufacturing of prototypes, by single units and small and medium production series. Fonderie Mathieu casting weight range is from 0.100 to 2000 Kg. Fonderie Mathieu has a great know-how in the technical castingsmanufacturing, hydraulic castings and high cored castings. Fonderie Mathieu elaborates [&hellip;]\" \/>\n<meta property=\"og:url\" content=\"https:\/\/fonderie-mathieu.com\/savoir-faire\/\" \/>\n<meta property=\"og:site_name\" content=\"Fonderie de Fontes et d\u2019aciers\" \/>\n<meta property=\"article:modified_time\" content=\"2016-06-13T08:19:11+00:00\" \/>\n<meta property=\"og:image\" content=\"https:\/\/fonderie-mathieu.com\/wp-content\/uploads\/2016\/05\/Adresse.png\" \/>\n<meta name=\"twitter:card\" content=\"summary_large_image\" \/>\n<meta name=\"twitter:label1\" content=\"Est. reading time\" \/>\n\t<meta name=\"twitter:data1\" content=\"2 minutes\" \/>\n<script type=\"application\/ld+json\" class=\"yoast-schema-graph\">{\"@context\":\"https:\/\/schema.org\",\"@graph\":[{\"@type\":\"WebPage\",\"@id\":\"https:\/\/fonderie-mathieu.com\/savoir-faire\/\",\"url\":\"https:\/\/fonderie-mathieu.com\/savoir-faire\/\",\"name\":\"Knowledge - Fonderie de Fontes et d\u2019aciers\",\"isPartOf\":{\"@id\":\"https:\/\/fonderie-mathieu.com\/#website\"},\"primaryImageOfPage\":{\"@id\":\"https:\/\/fonderie-mathieu.com\/savoir-faire\/#primaryimage\"},\"image\":{\"@id\":\"https:\/\/fonderie-mathieu.com\/savoir-faire\/#primaryimage\"},\"thumbnailUrl\":\"https:\/\/fonderie-mathieu.com\/wp-content\/uploads\/2016\/05\/Adresse.png\",\"datePublished\":\"2016-06-11T12:00:46+00:00\",\"dateModified\":\"2016-06-13T08:19:11+00:00\",\"breadcrumb\":{\"@id\":\"https:\/\/fonderie-mathieu.com\/savoir-faire\/#breadcrumb\"},\"inLanguage\":\"en-US\",\"potentialAction\":[{\"@type\":\"ReadAction\",\"target\":[\"https:\/\/fonderie-mathieu.com\/savoir-faire\/\"]}]},{\"@type\":\"ImageObject\",\"inLanguage\":\"en-US\",\"@id\":\"https:\/\/fonderie-mathieu.com\/savoir-faire\/#primaryimage\",\"url\":\"https:\/\/fonderie-mathieu.com\/wp-content\/uploads\/2016\/05\/Adresse.png\",\"contentUrl\":\"https:\/\/fonderie-mathieu.com\/wp-content\/uploads\/2016\/05\/Adresse.png\"},{\"@type\":\"BreadcrumbList\",\"@id\":\"https:\/\/fonderie-mathieu.com\/savoir-faire\/#breadcrumb\",\"itemListElement\":[{\"@type\":\"ListItem\",\"position\":1,\"name\":\"Accueil\",\"item\":\"https:\/\/fonderie-mathieu.com\/en\/\"},{\"@type\":\"ListItem\",\"position\":2,\"name\":\"Knowledge\"}]},{\"@type\":\"WebSite\",\"@id\":\"https:\/\/fonderie-mathieu.com\/#website\",\"url\":\"https:\/\/fonderie-mathieu.com\/\",\"name\":\"Fonderie de Fontes et d\u2019aciers\",\"description\":\"Reseller: Cast iron and steel \",\"potentialAction\":[{\"@type\":\"SearchAction\",\"target\":{\"@type\":\"EntryPoint\",\"urlTemplate\":\"https:\/\/fonderie-mathieu.com\/?s={search_term_string}\"},\"query-input\":{\"@type\":\"PropertyValueSpecification\",\"valueRequired\":true,\"valueName\":\"search_term_string\"}}],\"inLanguage\":\"en-US\"}]}<\/script>\n<!-- \/ Yoast SEO plugin. -->","yoast_head_json":{"title":"Knowledge - Fonderie de Fontes et d\u2019aciers","robots":{"index":"index","follow":"follow","max-snippet":"max-snippet:-1","max-image-preview":"max-image-preview:large","max-video-preview":"max-video-preview:-1"},"canonical":"https:\/\/fonderie-mathieu.com\/savoir-faire\/","og_locale":"en_US","og_type":"article","og_title":"Knowledge - Fonderie de Fontes et d\u2019aciers","og_description":"Knowledge Fonderie Mathieu is a sand casting foundry process, specialized in the custom manufacturing of prototypes, by single units and small and medium production series. Fonderie Mathieu casting weight range is from 0.100 to 2000 Kg. Fonderie Mathieu has a great know-how in the technical castingsmanufacturing, hydraulic castings and high cored castings. Fonderie Mathieu elaborates [&hellip;]","og_url":"https:\/\/fonderie-mathieu.com\/savoir-faire\/","og_site_name":"Fonderie de Fontes et d\u2019aciers","article_modified_time":"2016-06-13T08:19:11+00:00","og_image":[{"url":"https:\/\/fonderie-mathieu.com\/wp-content\/uploads\/2016\/05\/Adresse.png","type":"","width":"","height":""}],"twitter_card":"summary_large_image","twitter_misc":{"Est. reading time":"2 minutes"},"schema":{"@context":"https:\/\/schema.org","@graph":[{"@type":"WebPage","@id":"https:\/\/fonderie-mathieu.com\/savoir-faire\/","url":"https:\/\/fonderie-mathieu.com\/savoir-faire\/","name":"Knowledge - Fonderie de Fontes et d\u2019aciers","isPartOf":{"@id":"https:\/\/fonderie-mathieu.com\/#website"},"primaryImageOfPage":{"@id":"https:\/\/fonderie-mathieu.com\/savoir-faire\/#primaryimage"},"image":{"@id":"https:\/\/fonderie-mathieu.com\/savoir-faire\/#primaryimage"},"thumbnailUrl":"https:\/\/fonderie-mathieu.com\/wp-content\/uploads\/2016\/05\/Adresse.png","datePublished":"2016-06-11T12:00:46+00:00","dateModified":"2016-06-13T08:19:11+00:00","breadcrumb":{"@id":"https:\/\/fonderie-mathieu.com\/savoir-faire\/#breadcrumb"},"inLanguage":"en-US","potentialAction":[{"@type":"ReadAction","target":["https:\/\/fonderie-mathieu.com\/savoir-faire\/"]}]},{"@type":"ImageObject","inLanguage":"en-US","@id":"https:\/\/fonderie-mathieu.com\/savoir-faire\/#primaryimage","url":"https:\/\/fonderie-mathieu.com\/wp-content\/uploads\/2016\/05\/Adresse.png","contentUrl":"https:\/\/fonderie-mathieu.com\/wp-content\/uploads\/2016\/05\/Adresse.png"},{"@type":"BreadcrumbList","@id":"https:\/\/fonderie-mathieu.com\/savoir-faire\/#breadcrumb","itemListElement":[{"@type":"ListItem","position":1,"name":"Accueil","item":"https:\/\/fonderie-mathieu.com\/en\/"},{"@type":"ListItem","position":2,"name":"Knowledge"}]},{"@type":"WebSite","@id":"https:\/\/fonderie-mathieu.com\/#website","url":"https:\/\/fonderie-mathieu.com\/","name":"Fonderie de Fontes et d\u2019aciers","description":"Reseller: Cast iron and steel ","potentialAction":[{"@type":"SearchAction","target":{"@type":"EntryPoint","urlTemplate":"https:\/\/fonderie-mathieu.com\/?s={search_term_string}"},"query-input":{"@type":"PropertyValueSpecification","valueRequired":true,"valueName":"search_term_string"}}],"inLanguage":"en-US"}]}},"_links":{"self":[{"href":"https:\/\/fonderie-mathieu.com\/en\/wp-json\/wp\/v2\/pages\/373","targetHints":{"allow":["GET"]}}],"collection":[{"href":"https:\/\/fonderie-mathieu.com\/en\/wp-json\/wp\/v2\/pages"}],"about":[{"href":"https:\/\/fonderie-mathieu.com\/en\/wp-json\/wp\/v2\/types\/page"}],"author":[{"embeddable":true,"href":"https:\/\/fonderie-mathieu.com\/en\/wp-json\/wp\/v2\/users\/1"}],"replies":[{"embeddable":true,"href":"https:\/\/fonderie-mathieu.com\/en\/wp-json\/wp\/v2\/comments?post=373"}],"version-history":[{"count":5,"href":"https:\/\/fonderie-mathieu.com\/en\/wp-json\/wp\/v2\/pages\/373\/revisions"}],"predecessor-version":[{"id":479,"href":"https:\/\/fonderie-mathieu.com\/en\/wp-json\/wp\/v2\/pages\/373\/revisions\/479"}],"wp:attachment":[{"href":"https:\/\/fonderie-mathieu.com\/en\/wp-json\/wp\/v2\/media?parent=373"}],"curies":[{"name":"wp","href":"https:\/\/api.w.org\/{rel}","templated":true}]}}