{"id":374,"date":"2016-06-11T14:00:04","date_gmt":"2016-06-11T12:00:04","guid":{"rendered":"http:\/\/fonderie-mathieu.com\/?page_id=374&#038;lang=en"},"modified":"2016-06-13T10:16:39","modified_gmt":"2016-06-13T08:16:39","slug":"about","status":"publish","type":"page","link":"https:\/\/fonderie-mathieu.com\/en\/about\/","title":{"rendered":"About"},"content":{"rendered":"<p>[et_pb_section admin_label=&#8221;section&#8221;][et_pb_row admin_label=&#8221;row&#8221;][et_pb_column type=&#8221;4_4&#8243;][et_pb_text admin_label=&#8221;Texte&#8221; background_layout=&#8221;light&#8221; text_orientation=&#8221;left&#8221; use_border_color=&#8221;off&#8221; border_color=&#8221;#ffffff&#8221; border_style=&#8221;solid&#8221;]<\/p>\n<h1>About<\/h1>\n<p>[\/et_pb_text][\/et_pb_column][\/et_pb_row][et_pb_row admin_label=&#8221;Ligne&#8221;][et_pb_column type=&#8221;3_4&#8243;][et_pb_text admin_label=&#8221;Texte&#8221; background_layout=&#8221;light&#8221; text_orientation=&#8221;left&#8221; use_border_color=&#8221;off&#8221; border_color=&#8221;#ffffff&#8221; border_style=&#8221;solid&#8221;]<\/p>\n<div id=\"attachment_108\" style=\"width: 310px\" class=\"wp-caption alignright\"><img loading=\"lazy\" decoding=\"async\" aria-describedby=\"caption-attachment-108\" class=\"size-medium wp-image-108\" src=\"https:\/\/fonderie-mathieu.com\/wp-content\/uploads\/2016\/05\/Societe-e1462275604259-300x234.jpg\" alt=\"La soci\u00e9t\u00e9\" width=\"300\" height=\"234\" srcset=\"https:\/\/fonderie-mathieu.com\/wp-content\/uploads\/2016\/05\/Societe-e1462275604259-300x234.jpg 300w, https:\/\/fonderie-mathieu.com\/wp-content\/uploads\/2016\/05\/Societe-e1462275604259.jpg 549w\" sizes=\"(max-width: 300px) 100vw, 300px\" \/><p id=\"caption-attachment-108\" class=\"wp-caption-text\">Foundry Mathieu<\/p><\/div>\n<p style=\"text-align: justify;\">Fonderie Mathieu is establish from 1906 in Burgundy area, from 150 Kms north to Lyon and 60 Kms south of Dijon. It moved in 1984from Chalon sur Saone downtown to a new modern plant located in the industrial suburban. Its main market was the woodworking machine for Jura customers.<\/p>\n<p style=\"text-align: justify;\">In this new plant, Fonderie Mathieu decided to no more invest on complete moulding plant, knowing is main asset; the great know-how of his staff in the hand moulding of high cored castings.<\/p>\n<p style=\"text-align: justify;\">However, Fonderie Mathieu did increase is manufacturing means. Cupola furnace and green sand moulding were outdated for invested in modern technical means as electric furnaces and semi-automatic moulding in chemical sand process.<\/p>\n<p style=\"text-align: justify;\">During 2013, Fonderie Mathieu becoming the property of the owner of La FonderieCharollaise.<\/p>\n<p style=\"text-align: justify;\">Each unit is specialized following the metal melt. Cast iron or cast steel.<\/p>\n<p style=\"text-align: justify;\">Fonderie Mathieu is certified ISO 9001 V200 and DNV.<\/p>\n<p><strong>A service that is made to last<\/strong><\/p>\n<p>[\/et_pb_text][et_pb_text admin_label=&#8221;Texte&#8221; global_module=&#8221;201&#8243; background_layout=&#8221;light&#8221; text_orientation=&#8221;left&#8221; use_border_color=&#8221;off&#8221; border_color=&#8221;#ffffff&#8221; border_style=&#8221;solid&#8221; saved_tabs=&#8221;all&#8221;]<\/p>\n<div class=\"printfriendly pf-button  pf-alignleft\">\n                    <a href=\"https:\/\/fonderie-mathieu.com\/en\/about\/?pfstyle=wp\" rel=\"nofollow\" onclick=\"\" title=\"Printer Friendly, PDF & Email\">\n                    <img decoding=\"async\" class=\"pf-button-img\" src=\"https:\/\/cdn.printfriendly.com\/buttons\/print-button-gray.png\" alt=\"Print Friendly, PDF & Email\" style=\"width: 66px;height: 24px;\"  \/>\n                    <\/a>\n                <\/div>\n<p>[\/et_pb_text][\/et_pb_column][et_pb_column type=&#8221;1_4&#8243;][et_pb_login admin_label=&#8221;Se connecter&#8221; title=&#8221;Login&#8221; current_page_redirect=&#8221;off&#8221; use_background_color=&#8221;on&#8221; background_color=&#8221;#c65638&#8243; background_layout=&#8221;dark&#8221; text_orientation=&#8221;left&#8221; use_focus_border_color=&#8221;off&#8221; use_border_color=&#8221;off&#8221; border_color=&#8221;#ffffff&#8221; border_style=&#8221;solid&#8221; custom_button=&#8221;off&#8221; button_border_width=&#8221;0&#8243; button_border_radius=&#8221;0&#8243; button_letter_spacing=&#8221;0&#8243; button_use_icon=&#8221;default&#8221; button_icon_placement=&#8221;right&#8221; button_on_hover=&#8221;on&#8221; button_border_radius_hover=&#8221;0&#8243; button_letter_spacing_hover=&#8221;0&#8243;]<\/p>\n<p>[\/et_pb_login][et_pb_text admin_label=&#8221;Texte&#8221; background_layout=&#8221;light&#8221; text_orientation=&#8221;left&#8221; use_border_color=&#8221;off&#8221; border_color=&#8221;#ffffff&#8221; border_style=&#8221;solid&#8221; module_class=&#8221;bloc-contact&#8221;]<\/p>\n<h4>Contact<\/h4>\n<ul>\n<li class=\"home\"><img loading=\"lazy\" decoding=\"async\" class=\"alignleft size-full wp-image-89\" src=\"https:\/\/fonderie-mathieu.com\/wp-content\/uploads\/2016\/05\/Adresse.png\" alt=\"Adresse\" width=\"22\" height=\"21\" \/>Fonderie Mathieu<br \/>\n24 route Demigny<br \/>\n71530 Champforgeuil<\/li>\n<li><img loading=\"lazy\" decoding=\"async\" class=\"alignleft size-full wp-image-105\" src=\"https:\/\/fonderie-mathieu.com\/wp-content\/uploads\/2016\/05\/Phone.png\" alt=\"Phone\" width=\"22\" height=\"21\" \/>+33 (0) 3 85 43 43 78<\/li>\n<li><img loading=\"lazy\" decoding=\"async\" class=\"alignleft size-full wp-image-96\" src=\"https:\/\/fonderie-mathieu.com\/wp-content\/uploads\/2016\/05\/FAX.png\" alt=\"FAX\" width=\"26\" height=\"21\" \/>+33 (0) 3 85 43 50 07<\/li>\n<li><img loading=\"lazy\" decoding=\"async\" class=\"alignleft size-full wp-image-91\" src=\"https:\/\/fonderie-mathieu.com\/wp-content\/uploads\/2016\/05\/email.png\" alt=\"email\" width=\"22\" height=\"21\" \/><a href=\"mailto:dhenrot@fonderie-mathieu.com\">dhenrot@fonderie-mathieu.com<\/a><\/li>\n<\/ul>\n<p>[\/et_pb_text][\/et_pb_column][\/et_pb_row][\/et_pb_section]<\/p>\n","protected":false},"excerpt":{"rendered":"<p>About Fonderie Mathieu is establish from 1906 in Burgundy area, from 150 Kms north to Lyon and 60 Kms south of Dijon. It moved in 1984from Chalon sur Saone downtown to a new modern plant located in the industrial suburban. Its main market was the woodworking machine for Jura customers. In this new plant, Fonderie [&hellip;]<\/p>\n","protected":false},"author":1,"featured_media":0,"parent":0,"menu_order":0,"comment_status":"closed","ping_status":"closed","template":"","meta":{"_et_pb_use_builder":"on","_et_pb_old_content":"<p>[et_pb_section admin_label=\"section\"][et_pb_row admin_label=\"row\"][et_pb_column type=\"4_4\"][et_pb_text admin_label=\"Texte\" background_layout=\"light\" text_orientation=\"left\" use_border_color=\"off\" border_color=\"#ffffff\" border_style=\"solid\"]<\/p><h1>Soci\u00e9t\u00e9<\/h1><p>[\/et_pb_text][\/et_pb_column][\/et_pb_row][et_pb_row admin_label=\"Ligne\"][et_pb_column type=\"3_4\"][et_pb_text admin_label=\"Texte\" background_layout=\"light\" text_orientation=\"left\" use_border_color=\"off\" border_color=\"#ffffff\" border_style=\"solid\"]<\/p><p style=\"text-align: justify;\">Fonderie Mathieu a \u00e9t\u00e9 cr\u00e9\u00e9e en 1906, en Bourgogne, \u00e0 150 Kms au nord de Lyon et 60 Kms au sud de Dijon. C\u2019est en<\/p>[caption id=\"attachment_108\" align=\"alignright\" width=\"300\"]<img class=\"size-medium wp-image-108\" src=\"https:\/\/fonderie-mathieu.com\/wp-content\/uploads\/2016\/05\/Societe-e1462275604259-300x234.jpg\" alt=\"La soci\u00e9t\u00e9\" width=\"300\" height=\"234\" \/> Fonderie Mathieu[\/caption]<p style=\"text-align: justify;\">1984 qu\u2019elle d\u00e9m\u00e9nage du centre de Chalon sur Sa\u00f4ne afin de prendre place dans des locaux modernes en Zone Industrielle de Champforgeuil. Son principal march\u00e9 \u00e9tait \u00e0 ce moment-l\u00e0 celui de la machine \u00e0 bois pour des clients Jurassien.<\/p><p style=\"text-align: justify;\">Dans ces nouveaux locaux, Fonderie Mathieu avait d\u00e9cid\u00e9 de ne pas installer un chantier enti\u00e8rement m\u00e9canis\u00e9, privil\u00e9giant son savoir-faire en moulage main de pi\u00e8ces fortement noyaut\u00e9es.<\/p><p style=\"text-align: justify;\">Fonderie Mathieu avait cependant fait \u00e9voluer son process de fabrication, d\u00e9laissant la fusion au cubilot et le moulage \u00e0 vert pour adopter des techniques modernes. Ainsi l\u2019investissement dans des fours \u00e9lectriques et des chantiers de moulage en semi-automatique en prise chimique avait \u00e9t\u00e9 effectu\u00e9.<\/p><p style=\"text-align: justify;\">En 2013, Fonderie Mathieu a \u00e9t\u00e9 reprise par le dirigeant de La Fonderie Charollaise.<\/p><p style=\"text-align: justify;\">Chacune des unit\u00e9s s\u2019est sp\u00e9cialis\u00e9e selon la m\u00e9tallurgie \u00e9labor\u00e9e. La fonte ou l\u2019acier.<br \/> Fonderie Mathieu est certifi\u00e9e ISO 9001 V2008 et DNV. Un service qui s\u2019inscrit dans la dur\u00e9e.<\/p><p>[\/et_pb_text][et_pb_text admin_label=\"Texte\" global_module=\"201\" background_layout=\"light\" text_orientation=\"left\" use_border_color=\"off\" border_color=\"#ffffff\" border_style=\"solid\" saved_tabs=\"all\"] [printfriendly] [\/et_pb_text][\/et_pb_column][et_pb_column type=\"1_4\"][et_pb_login admin_label=\"Se connecter\" title=\"Se connecter\" current_page_redirect=\"off\" use_background_color=\"on\" background_color=\"#c65638\" background_layout=\"dark\" text_orientation=\"left\" use_focus_border_color=\"off\" use_border_color=\"off\" border_color=\"#ffffff\" border_style=\"solid\" custom_button=\"off\" button_border_width=\"0\" button_border_radius=\"0\" button_letter_spacing=\"0\" button_use_icon=\"default\" button_icon_placement=\"right\" button_on_hover=\"on\" button_border_radius_hover=\"0\" button_letter_spacing_hover=\"0\"] [\/et_pb_login][et_pb_text admin_label=\"Texte\" background_layout=\"light\" text_orientation=\"left\" use_border_color=\"off\" border_color=\"#ffffff\" border_style=\"solid\" module_class=\"bloc-contact\"]<\/p><h4>Contact<\/h4><ul><li class=\"home\"><img class=\"alignleft size-full wp-image-89\" src=\"https:\/\/fonderie-mathieu.com\/wp-content\/uploads\/2016\/05\/Adresse.png\" alt=\"Adresse\" width=\"22\" height=\"21\" \/>Fonderie Mathieu<br \/> 24 route Demigny<br \/> 71530 Champforgeuil<\/li><li><img class=\"alignleft size-full wp-image-105\" src=\"https:\/\/fonderie-mathieu.com\/wp-content\/uploads\/2016\/05\/Phone.png\" alt=\"Phone\" width=\"22\" height=\"21\" \/>+33 (0) 3 85 43 43 78<\/li><li><img class=\"alignleft size-full wp-image-96\" src=\"https:\/\/fonderie-mathieu.com\/wp-content\/uploads\/2016\/05\/FAX.png\" alt=\"FAX\" width=\"26\" height=\"21\" \/>+33 (0) 3 85 43 50 07<\/li><li><img class=\"alignleft size-full wp-image-91\" src=\"https:\/\/fonderie-mathieu.com\/wp-content\/uploads\/2016\/05\/email.png\" alt=\"email\" width=\"22\" height=\"21\" \/><a href=\"mailto:dhenrot@fonderie-mathieu.com\">dhenrot@fonderie-mathieu.com<\/a><\/li><\/ul><p>[\/et_pb_text][\/et_pb_column][\/et_pb_row][\/et_pb_section]<\/p>","_et_gb_content_width":"","footnotes":""},"class_list":["post-374","page","type-page","status-publish","hentry"],"yoast_head":"<!-- This site is optimized with the Yoast SEO plugin v27.2 - https:\/\/yoast.com\/product\/yoast-seo-wordpress\/ -->\n<title>About - Fonderie de Fontes et d\u2019aciers<\/title>\n<meta name=\"robots\" content=\"index, follow, max-snippet:-1, max-image-preview:large, max-video-preview:-1\" \/>\n<link rel=\"canonical\" href=\"https:\/\/fonderie-mathieu.com\/societe\/\" \/>\n<meta property=\"og:locale\" content=\"en_US\" \/>\n<meta property=\"og:type\" content=\"article\" \/>\n<meta property=\"og:title\" content=\"About - Fonderie de Fontes et d\u2019aciers\" \/>\n<meta property=\"og:description\" content=\"About Fonderie Mathieu is establish from 1906 in Burgundy area, from 150 Kms north to Lyon and 60 Kms south of Dijon. It moved in 1984from Chalon sur Saone downtown to a new modern plant located in the industrial suburban. Its main market was the woodworking machine for Jura customers. In this new plant, Fonderie [&hellip;]\" \/>\n<meta property=\"og:url\" content=\"https:\/\/fonderie-mathieu.com\/societe\/\" \/>\n<meta property=\"og:site_name\" content=\"Fonderie de Fontes et d\u2019aciers\" \/>\n<meta property=\"article:modified_time\" content=\"2016-06-13T08:16:39+00:00\" \/>\n<meta property=\"og:image\" content=\"https:\/\/fonderie-mathieu.com\/wp-content\/uploads\/2016\/05\/Societe-e1462275604259.jpg\" \/>\n\t<meta property=\"og:image:width\" content=\"549\" \/>\n\t<meta property=\"og:image:height\" content=\"428\" \/>\n\t<meta property=\"og:image:type\" content=\"image\/jpeg\" \/>\n<meta name=\"twitter:card\" content=\"summary_large_image\" \/>\n<meta name=\"twitter:label1\" content=\"Est. reading time\" \/>\n\t<meta name=\"twitter:data1\" content=\"2 minutes\" \/>\n<script type=\"application\/ld+json\" class=\"yoast-schema-graph\">{\"@context\":\"https:\/\/schema.org\",\"@graph\":[{\"@type\":\"WebPage\",\"@id\":\"https:\/\/fonderie-mathieu.com\/societe\/\",\"url\":\"https:\/\/fonderie-mathieu.com\/societe\/\",\"name\":\"About - Fonderie de Fontes et d\u2019aciers\",\"isPartOf\":{\"@id\":\"https:\/\/fonderie-mathieu.com\/#website\"},\"primaryImageOfPage\":{\"@id\":\"https:\/\/fonderie-mathieu.com\/societe\/#primaryimage\"},\"image\":{\"@id\":\"https:\/\/fonderie-mathieu.com\/societe\/#primaryimage\"},\"thumbnailUrl\":\"https:\/\/fonderie-mathieu.com\/wp-content\/uploads\/2016\/05\/Societe-e1462275604259-300x234.jpg\",\"datePublished\":\"2016-06-11T12:00:04+00:00\",\"dateModified\":\"2016-06-13T08:16:39+00:00\",\"breadcrumb\":{\"@id\":\"https:\/\/fonderie-mathieu.com\/societe\/#breadcrumb\"},\"inLanguage\":\"en-US\",\"potentialAction\":[{\"@type\":\"ReadAction\",\"target\":[\"https:\/\/fonderie-mathieu.com\/societe\/\"]}]},{\"@type\":\"ImageObject\",\"inLanguage\":\"en-US\",\"@id\":\"https:\/\/fonderie-mathieu.com\/societe\/#primaryimage\",\"url\":\"https:\/\/fonderie-mathieu.com\/wp-content\/uploads\/2016\/05\/Societe-e1462275604259-300x234.jpg\",\"contentUrl\":\"https:\/\/fonderie-mathieu.com\/wp-content\/uploads\/2016\/05\/Societe-e1462275604259-300x234.jpg\"},{\"@type\":\"BreadcrumbList\",\"@id\":\"https:\/\/fonderie-mathieu.com\/societe\/#breadcrumb\",\"itemListElement\":[{\"@type\":\"ListItem\",\"position\":1,\"name\":\"Accueil\",\"item\":\"https:\/\/fonderie-mathieu.com\/en\/\"},{\"@type\":\"ListItem\",\"position\":2,\"name\":\"About\"}]},{\"@type\":\"WebSite\",\"@id\":\"https:\/\/fonderie-mathieu.com\/#website\",\"url\":\"https:\/\/fonderie-mathieu.com\/\",\"name\":\"Fonderie de Fontes et d\u2019aciers\",\"description\":\"Reseller: Cast iron and steel \",\"potentialAction\":[{\"@type\":\"SearchAction\",\"target\":{\"@type\":\"EntryPoint\",\"urlTemplate\":\"https:\/\/fonderie-mathieu.com\/?s={search_term_string}\"},\"query-input\":{\"@type\":\"PropertyValueSpecification\",\"valueRequired\":true,\"valueName\":\"search_term_string\"}}],\"inLanguage\":\"en-US\"}]}<\/script>\n<!-- \/ Yoast SEO plugin. -->","yoast_head_json":{"title":"About - Fonderie de Fontes et d\u2019aciers","robots":{"index":"index","follow":"follow","max-snippet":"max-snippet:-1","max-image-preview":"max-image-preview:large","max-video-preview":"max-video-preview:-1"},"canonical":"https:\/\/fonderie-mathieu.com\/societe\/","og_locale":"en_US","og_type":"article","og_title":"About - Fonderie de Fontes et d\u2019aciers","og_description":"About Fonderie Mathieu is establish from 1906 in Burgundy area, from 150 Kms north to Lyon and 60 Kms south of Dijon. It moved in 1984from Chalon sur Saone downtown to a new modern plant located in the industrial suburban. Its main market was the woodworking machine for Jura customers. In this new plant, Fonderie [&hellip;]","og_url":"https:\/\/fonderie-mathieu.com\/societe\/","og_site_name":"Fonderie de Fontes et d\u2019aciers","article_modified_time":"2016-06-13T08:16:39+00:00","og_image":[{"width":549,"height":428,"url":"https:\/\/fonderie-mathieu.com\/wp-content\/uploads\/2016\/05\/Societe-e1462275604259.jpg","type":"image\/jpeg"}],"twitter_card":"summary_large_image","twitter_misc":{"Est. reading time":"2 minutes"},"schema":{"@context":"https:\/\/schema.org","@graph":[{"@type":"WebPage","@id":"https:\/\/fonderie-mathieu.com\/societe\/","url":"https:\/\/fonderie-mathieu.com\/societe\/","name":"About - Fonderie de Fontes et d\u2019aciers","isPartOf":{"@id":"https:\/\/fonderie-mathieu.com\/#website"},"primaryImageOfPage":{"@id":"https:\/\/fonderie-mathieu.com\/societe\/#primaryimage"},"image":{"@id":"https:\/\/fonderie-mathieu.com\/societe\/#primaryimage"},"thumbnailUrl":"https:\/\/fonderie-mathieu.com\/wp-content\/uploads\/2016\/05\/Societe-e1462275604259-300x234.jpg","datePublished":"2016-06-11T12:00:04+00:00","dateModified":"2016-06-13T08:16:39+00:00","breadcrumb":{"@id":"https:\/\/fonderie-mathieu.com\/societe\/#breadcrumb"},"inLanguage":"en-US","potentialAction":[{"@type":"ReadAction","target":["https:\/\/fonderie-mathieu.com\/societe\/"]}]},{"@type":"ImageObject","inLanguage":"en-US","@id":"https:\/\/fonderie-mathieu.com\/societe\/#primaryimage","url":"https:\/\/fonderie-mathieu.com\/wp-content\/uploads\/2016\/05\/Societe-e1462275604259-300x234.jpg","contentUrl":"https:\/\/fonderie-mathieu.com\/wp-content\/uploads\/2016\/05\/Societe-e1462275604259-300x234.jpg"},{"@type":"BreadcrumbList","@id":"https:\/\/fonderie-mathieu.com\/societe\/#breadcrumb","itemListElement":[{"@type":"ListItem","position":1,"name":"Accueil","item":"https:\/\/fonderie-mathieu.com\/en\/"},{"@type":"ListItem","position":2,"name":"About"}]},{"@type":"WebSite","@id":"https:\/\/fonderie-mathieu.com\/#website","url":"https:\/\/fonderie-mathieu.com\/","name":"Fonderie de Fontes et d\u2019aciers","description":"Reseller: Cast iron and steel ","potentialAction":[{"@type":"SearchAction","target":{"@type":"EntryPoint","urlTemplate":"https:\/\/fonderie-mathieu.com\/?s={search_term_string}"},"query-input":{"@type":"PropertyValueSpecification","valueRequired":true,"valueName":"search_term_string"}}],"inLanguage":"en-US"}]}},"_links":{"self":[{"href":"https:\/\/fonderie-mathieu.com\/en\/wp-json\/wp\/v2\/pages\/374","targetHints":{"allow":["GET"]}}],"collection":[{"href":"https:\/\/fonderie-mathieu.com\/en\/wp-json\/wp\/v2\/pages"}],"about":[{"href":"https:\/\/fonderie-mathieu.com\/en\/wp-json\/wp\/v2\/types\/page"}],"author":[{"embeddable":true,"href":"https:\/\/fonderie-mathieu.com\/en\/wp-json\/wp\/v2\/users\/1"}],"replies":[{"embeddable":true,"href":"https:\/\/fonderie-mathieu.com\/en\/wp-json\/wp\/v2\/comments?post=374"}],"version-history":[{"count":4,"href":"https:\/\/fonderie-mathieu.com\/en\/wp-json\/wp\/v2\/pages\/374\/revisions"}],"predecessor-version":[{"id":473,"href":"https:\/\/fonderie-mathieu.com\/en\/wp-json\/wp\/v2\/pages\/374\/revisions\/473"}],"wp:attachment":[{"href":"https:\/\/fonderie-mathieu.com\/en\/wp-json\/wp\/v2\/media?parent=374"}],"curies":[{"name":"wp","href":"https:\/\/api.w.org\/{rel}","templated":true}]}}